{"id":16355,"date":"2025-06-05T17:15:39","date_gmt":"2025-06-05T16:15:39","guid":{"rendered":"https:\/\/atlasmatelasdz.com\/?page_id=16355"},"modified":"2025-06-05T17:43:59","modified_gmt":"2025-06-05T16:43:59","slug":"garantie","status":"publish","type":"page","link":"https:\/\/atlasmatelasdz.com\/ar\/garantie\/","title":{"rendered":"\u0627\u0644\u0636\u0645\u0627\u0646"},"content":{"rendered":"<div data-elementor-type=\"wp-page\" data-elementor-id=\"16355\" class=\"elementor elementor-16355\" data-elementor-settings=\"[]\">\n\t\t\t\t\t\t\t<div class=\"elementor-section-wrap\">\n\t\t\t\t\t\t\t<section class=\"elementor-section elementor-top-section elementor-element elementor-element-04c8e09 elementor-section-boxed elementor-section-height-default elementor-section-height-default qodef-elementor-content-no\" data-id=\"04c8e09\" data-element_type=\"section\">\n\t\t\t\t\t\t<div class=\"elementor-container elementor-column-gap-default\">\n\t\t\t\t\t<div class=\"elementor-column elementor-col-100 elementor-top-column elementor-element elementor-element-c3f369f\" data-id=\"c3f369f\" data-element_type=\"column\">\n\t\t\t<div class=\"elementor-widget-wrap elementor-element-populated\">\n\t\t\t\t\t\t\t\t<div class=\"elementor-element elementor-element-24434d2 elementor-widget elementor-widget-heading\" data-id=\"24434d2\" data-element_type=\"widget\" data-widget_type=\"heading.default\">\n\t\t\t\t<div class=\"elementor-widget-container\">\n\t\t\t<style>\/*! elementor - v3.5.0 - 12-12-2021 *\/\n.elementor-heading-title{padding:0;margin:0;line-height:1}.elementor-widget-heading .elementor-heading-title[class*=elementor-size-]>a{color:inherit;font-size:inherit;line-height:inherit}.elementor-widget-heading .elementor-heading-title.elementor-size-small{font-size:15px}.elementor-widget-heading .elementor-heading-title.elementor-size-medium{font-size:19px}.elementor-widget-heading .elementor-heading-title.elementor-size-large{font-size:29px}.elementor-widget-heading .elementor-heading-title.elementor-size-xl{font-size:39px}.elementor-widget-heading .elementor-heading-title.elementor-size-xxl{font-size:59px}<\/style><h1 class=\"elementor-heading-title elementor-size-default\">\u0627\u0644\u0636\u0645\u0627\u0646<\/h1>\t\t<\/div>\n\t\t\t\t<\/div>\n\t\t\t\t<div class=\"elementor-element elementor-element-925fc47 elementor-widget elementor-widget-heading\" data-id=\"925fc47\" data-element_type=\"widget\" data-widget_type=\"heading.default\">\n\t\t\t\t<div class=\"elementor-widget-container\">\n\t\t\t<p class=\"elementor-heading-title elementor-size-default\">\u0641\u064a \u0634\u0631\u0643\u0629 Atlas Matelas\u060c \u0646\u062d\u0631\u0635 \u0639\u0644\u0649 \u062a\u0642\u062f\u064a\u0645 \u0645\u0646\u062a\u062c\u0627\u062a \u0645\u062a\u064a\u0646\u0629 \u0648\u0639\u0627\u0644\u064a\u0629 \u0627\u0644\u062c\u0648\u062f\u0629. \u0648\u0644\u0647\u0630\u0627 \u0627\u0644\u0633\u0628\u0628\u060c \u062a\u0634\u0645\u0644 \u0645\u0631\u0627\u062a\u0628\u0646\u0627 \u0636\u0645\u0627\u0646\u064b\u0627 \u064a\u0635\u0644 \u0625\u0644\u0649 10 \u0633\u0646\u0648\u0627\u062a \u062d\u0633\u0628 \u0627\u0644\u0637\u0631\u0627\u0632. \u0647\u0630\u0627 \u0627\u0644\u0636\u0645\u0627\u0646 \u064a\u0639\u0643\u0633 \u0627\u0644\u062a\u0632\u0627\u0645\u0646\u0627 \u0628\u0631\u0627\u062d\u062a\u0643\u0645 \u0648\u0631\u0636\u0627\u0643\u0645. \u062a\u062c\u062f\u0648\u0646 \u0623\u062f\u0646\u0627\u0647 \u0627\u0644\u0634\u0631\u0648\u0637 \u0627\u0644\u062a\u0641\u0635\u064a\u0644\u064a\u0629 \u0644\u0644\u0627\u0633\u062a\u0641\u0627\u062f\u0629 \u0627\u0644\u0643\u0627\u0645\u0644\u0629 \u0645\u0646 \u0647\u0630\u0627 \u0627\u0644\u0636\u0645\u0627\u0646.\n<\/p>\t\t<\/div>\n\t\t\t\t<\/div>\n\t\t\t\t<div class=\"elementor-element elementor-element-258bbb6 elementor-widget elementor-widget-heading\" data-id=\"258bbb6\" data-element_type=\"widget\" data-widget_type=\"heading.default\">\n\t\t\t\t<div class=\"elementor-widget-container\">\n\t\t\t<h2 class=\"elementor-heading-title elementor-size-default\">\u0647\u0644 \u0645\u0631\u0627\u062a\u0628\u0643\u0645 \u0645\u0636\u0645\u0648\u0646\u0629\u061f <\/h2>\t\t<\/div>\n\t\t\t\t<\/div>\n\t\t\t\t<div class=\"elementor-element elementor-element-a9d0ba5 elementor-widget elementor-widget-heading\" data-id=\"a9d0ba5\" data-element_type=\"widget\" data-widget_type=\"heading.default\">\n\t\t\t\t<div class=\"elementor-widget-container\">\n\t\t\t<p class=\"elementor-heading-title elementor-size-default\">\u0646\u0639\u0645\u060c \u0645\u0631\u0627\u062a\u0628\u0646\u0627 \u0645\u0634\u0645\u0648\u0644\u0629 \u0628\u0636\u0645\u0627\u0646 \u0644\u0645\u062f\u0629 3\u060c 5 \u0623\u0648 10 \u0633\u0646\u0648\u0627\u062a\u060c \u0648\u0630\u0644\u0643 \u0648\u0641\u0642\u064b\u0627 \u0644\u0634\u0631\u0648\u0637 \u0645\u0639\u064a\u0646\u0629.\n<br><br>\n<em>\u0628\u0637\u0627\u0642\u0629 \u0627\u0644\u0636\u0645\u0627\u0646 \u0645\u0637\u0644\u0648\u0628\u0629 \u0641\u064a \u062d\u0627\u0644 \u0625\u0631\u062c\u0627\u0639 \u0627\u0644\u0645\u0631\u062a\u0628\u0629 (\u0644\u0623\u063a\u0631\u0627\u0636 \u0627\u0644\u0635\u064a\u0627\u0646\u0629). \u0644\u0627 \u062a\u0646\u0633\u064e \u0627\u0644\u0645\u0637\u0627\u0644\u0628\u0629 \u0628\u0647\u0627.<\/em><\/p>\t\t<\/div>\n\t\t\t\t<\/div>\n\t\t\t\t<div class=\"elementor-element elementor-element-b3ff2b2 elementor-widget elementor-widget-heading\" data-id=\"b3ff2b2\" data-element_type=\"widget\" data-widget_type=\"heading.default\">\n\t\t\t\t<div class=\"elementor-widget-container\">\n\t\t\t<h2 class=\"elementor-heading-title elementor-size-default\">\u0634\u0631\u0648\u0637 \u0627\u0644\u0636\u0645\u0627\u0646<\/h2>\t\t<\/div>\n\t\t\t\t<\/div>\n\t\t\t\t<div class=\"elementor-element elementor-element-7c93382 elementor-widget elementor-widget-heading\" data-id=\"7c93382\" data-element_type=\"widget\" data-widget_type=\"heading.default\">\n\t\t\t\t<div class=\"elementor-widget-container\">\n\t\t\t<p class=\"elementor-heading-title elementor-size-default\">\u0627\u0644\u0645\u0631\u0627\u062a\u0628 \u0627\u0644\u0645\u0635\u0646\u0639\u0629 \u0645\u0646 \u0642\u0628\u0644 \u0634\u0631\u0643\u0629 \u0623\u0637\u0644\u0633 \u0645\u0634\u0645\u0648\u0644\u0629 \u0628\u0627\u0644\u0636\u0645\u0627\u0646\u0627\u062a \u0627\u0644\u0645\u062d\u062f\u062f\u0629 \u0623\u062f\u0646\u0627\u0647.\n<br> <br>\n<em>\u0644\u0646 \u064a\u0633\u0631\u064a \u0647\u0630\u0627 \u0627\u0644\u0636\u0645\u0627\u0646 \u062a\u062d\u062a \u0623\u064a \u0638\u0631\u0641 \u0645\u0646 \u0627\u0644\u0638\u0631\u0648\u0641 \u0625\u0630\u0627 \u0644\u0645 \u064a\u062a\u0645 \u0627\u062d\u062a\u0631\u0627\u0645 \u0647\u0630\u0647 \u0627\u0644\u0628\u0646\u0648\u062f.<\/em>\n<br> <br>\n\u064a\u062a\u0645 \u0636\u0645\u0627\u0646 \u0627\u0644\u0639\u0646\u0627\u0635\u0631 \u0627\u0644\u062f\u0627\u062e\u0644\u064a\u0629 \u0644\u0645\u0631\u0627\u062a\u0628 \u0623\u0637\u0644\u0633 \u0636\u062f \u0623\u064a \u0627\u0646\u062d\u0631\u0627\u0641 \u063a\u064a\u0631 \u0637\u0628\u064a\u0639\u064a \u0623\u0648 \u062a\u0634\u0648\u0647 \u0645\u0628\u0643\u0631 \u0623\u062b\u0646\u0627\u0621 \u0627\u0644\u0627\u0633\u062a\u062e\u062f\u0627\u0645 \u0627\u0644\u0633\u0644\u064a\u0645 \u0639\u0644\u0649 \u0642\u0627\u0639\u062f\u0629 \u0623\u0633\u0631\u0651\u0629 \u0641\u064a \u062d\u0627\u0644\u0629 \u062c\u064a\u062f\u0629. \u0648\u064a\u0642\u0635\u062f \u0628\u0627\u0644\u0627\u0646\u062d\u0631\u0627\u0641 \u063a\u064a\u0631 \u0627\u0644\u0637\u0628\u064a\u0639\u064a \u0641\u0642\u062f\u0627\u0646 \u0627\u0644\u0627\u0631\u062a\u0641\u0627\u0639 \u0627\u0644\u0630\u064a \u064a\u062a\u062c\u0627\u0648\u0632 10% \u0645\u0646 \u0627\u0644\u0627\u0631\u062a\u0641\u0627\u0639 \u0627\u0644\u0643\u0644\u064a \u0644\u0644\u0645\u0631\u062a\u0628\u0629. (\u0648\u0644\u0627 \u064a\u0628\u0631\u0631 \u0623\u064a \u0641\u0642\u062f\u0627\u0646 \u064a\u0642\u0644 \u0639\u0646 10% \u0645\u0639 \u0627\u0644\u0623\u062e\u0630 \u0641\u064a \u0627\u0644\u0627\u0639\u062a\u0628\u0627\u0631 \u0633\u0645\u0643 \u0627\u0644\u0645\u0631\u062a\u0628\u0629 \u0648\u0628\u0627\u0644\u062a\u0627\u0644\u064a \u0627\u0644\u0627\u0646\u0636\u063a\u0627\u0637 \u0627\u0644\u062d\u062a\u0645\u064a \u0644\u0644\u0645\u0648\u0627\u062f \u0627\u0644\u0645\u0633\u062a\u062e\u062f\u0645\u0629 \u0641\u064a \u0645\u0631\u0627\u062a\u0628\u0646\u0627 \u0645\u062b\u0644 \u0627\u0644\u0635\u0648\u0641\u060c \u0648\u0627\u0644\u0628\u0637\u0627\u0646\u0629... \u0623\u064a \u0645\u0637\u0627\u0644\u0628\u0629).\n<br> <br>\n\u062a\u062a\u0639\u0647\u062f \u0634\u0631\u0643\u0629 \u0623\u0637\u0644\u0633 \u0628\u0645\u0648\u062c\u0628 \u0636\u0645\u0627\u0646\u0647\u0627 \u0628\u0625\u0635\u0644\u0627\u062d \u0627\u0644\u0645\u0643\u0648\u0646\u0627\u062a \u0627\u0644\u062f\u0627\u062e\u0644\u064a\u0629 \u0644\u0644\u0645\u0631\u0627\u062a\u0628 \u0627\u0644\u062a\u064a \u062a\u062a\u0639\u0631\u0641 \u0648\u062d\u062f\u0629 \u0627\u0644\u0625\u0646\u062a\u0627\u062c \u0627\u0644\u062a\u0627\u0628\u0639\u0629 \u0644\u0647\u0627 \u0639\u0644\u0649 \u0623\u0646\u0647\u0627 \u0645\u0639\u064a\u0628\u0629 \u0645\u062c\u0627\u0646\u0627\u064b. \u0641\u064a \u0647\u0630\u0647 \u0627\u0644\u062d\u0627\u0644\u0629\u060c \u064a\u0645\u062a\u062f \u0627\u0644\u0636\u0645\u0627\u0646 \u0644\u064a\u0634\u0645\u0644 \u0627\u0644\u0625\u0635\u0644\u0627\u062d \u0627\u0644\u0645\u062c\u0627\u0646\u064a \u0644\u0645\u0648\u0627\u062f \u0627\u0644\u062d\u0634\u0648 \u0648\u0625\u0639\u0627\u062f\u0629 \u0627\u0644\u062a\u062c\u0645\u064a\u0639 \u0627\u0644\u0643\u0627\u0645\u0644 \u0644\u0644\u0641\u0631\u0634\u0629. \u0648\u0645\u0639 \u0630\u0644\u0643\u060c \u0644\u0627 \u064a\u062c\u0648\u0632 \u062a\u062d\u062a \u0623\u064a \u0638\u0631\u0641 \u0645\u0646 \u0627\u0644\u0638\u0631\u0648\u0641 \u0623\u0646 \u064a\u0643\u0648\u0646 \u0644\u0647\u0630\u0627 \u0627\u0644\u0625\u0635\u0644\u0627\u062d \u062a\u0623\u062b\u064a\u0631 \u062a\u0645\u062f\u064a\u062f \u0641\u062a\u0631\u0629 \u0627\u0644\u0636\u0645\u0627\u0646 \u0627\u0644\u0623\u0648\u0644\u064a\u0629.<\/p>\t\t<\/div>\n\t\t\t\t<\/div>\n\t\t\t\t<div class=\"elementor-element elementor-element-693a849 elementor-widget elementor-widget-heading\" data-id=\"693a849\" data-element_type=\"widget\" data-widget_type=\"heading.default\">\n\t\t\t\t<div class=\"elementor-widget-container\">\n\t\t\t<p class=\"elementor-heading-title elementor-size-default\">\u064a\u064f\u0633\u062a\u062b\u0646\u0649 \u0645\u0646 \u0647\u0630\u0627 \u0627\u0644\u0636\u0645\u0627\u0646 \u0642\u0645\u0627\u0634 \u0627\u0644\u062a\u063a\u0637\u064a\u0629 \u0648\u0623\u064a \u0639\u0646\u0635\u0631 \u0622\u062e\u0631 \u064a\u0639\u062a\u0645\u062f \u0623\u062f\u0627\u0624\u0647 \u0639\u0644\u0649 \u0638\u0631\u0648\u0641 \u0627\u0644\u0627\u0633\u062a\u062e\u062f\u0627\u0645 \u0645\u0646 \u0642\u0628\u0644 \u0627\u0644\u0639\u0645\u064a\u0644.<\/p>\t\t<\/div>\n\t\t\t\t<\/div>\n\t\t\t\t<div class=\"elementor-element elementor-element-effb189 elementor-widget elementor-widget-heading\" data-id=\"effb189\" data-element_type=\"widget\" data-widget_type=\"heading.default\">\n\t\t\t\t<div class=\"elementor-widget-container\">\n\t\t\t<p class=\"elementor-heading-title elementor-size-default\">\u0644\u0627 \u064a\u063a\u0637\u064a \u0627\u0644\u0636\u0645\u0627\u0646 \u062a\u062d\u062a \u0623\u064a \u0638\u0631\u0641 \u0645\u0646 \u0627\u0644\u0638\u0631\u0648\u0641 \u0627\u0644\u0623\u0636\u0631\u0627\u0631 \u0627\u0644\u0646\u0627\u062c\u0645\u0629 \u0639\u0646 \u0627\u0644\u0627\u0633\u062a\u062e\u062f\u0627\u0645 \u063a\u064a\u0631 \u0627\u0644\u0637\u0628\u064a\u0639\u064a \u0623\u0648 \u0627\u0644\u062d\u0648\u0627\u062f\u062b \u0623\u0648 \u0627\u0644\u062a\u0639\u062f\u064a\u0644\u0627\u062a \u0627\u0644\u062a\u064a \u062a\u0637\u0631\u0623 \u0639\u0644\u0649 \u0627\u0644\u0645\u0631\u062a\u0628\u0629 \u0623\u0648 \u0627\u0633\u062a\u062e\u062f\u0627\u0645 \u0627\u0644\u0645\u0631\u062a\u0628\u0629 \u0639\u0644\u0649 \u0642\u0627\u0639\u062f\u0629 \u063a\u064a\u0631 \u0645\u0646\u0627\u0633\u0628\u0629.<\/p>\t\t<\/div>\n\t\t\t\t<\/div>\n\t\t\t\t<div class=\"elementor-element elementor-element-b2821ce elementor-widget elementor-widget-heading\" data-id=\"b2821ce\" data-element_type=\"widget\" data-widget_type=\"heading.default\">\n\t\t\t\t<div class=\"elementor-widget-container\">\n\t\t\t<h2 class=\"elementor-heading-title elementor-size-default\">\u0644\u0644\u0627\u0633\u062a\u0641\u0627\u062f\u0629 \u0645\u0646 \u0647\u0630\u0627 \u0627\u0644\u0636\u0645\u0627\u0646<\/h2>\t\t<\/div>\n\t\t\t\t<\/div>\n\t\t\t\t<div class=\"elementor-element elementor-element-b4c4214 elementor-widget elementor-widget-text-editor\" data-id=\"b4c4214\" data-element_type=\"widget\" data-widget_type=\"text-editor.default\">\n\t\t\t\t<div class=\"elementor-widget-container\">\n\t\t\t<style>\/*! elementor - v3.5.0 - 12-12-2021 *\/\n.elementor-widget-text-editor.elementor-drop-cap-view-stacked .elementor-drop-cap{background-color:#818a91;color:#fff}.elementor-widget-text-editor.elementor-drop-cap-view-framed .elementor-drop-cap{color:#818a91;border:3px solid;background-color:transparent}.elementor-widget-text-editor:not(.elementor-drop-cap-view-default) .elementor-drop-cap{margin-top:8px}.elementor-widget-text-editor:not(.elementor-drop-cap-view-default) .elementor-drop-cap-letter{width:1em;height:1em}.elementor-widget-text-editor .elementor-drop-cap{float:left;text-align:center;line-height:1;font-size:50px}.elementor-widget-text-editor .elementor-drop-cap-letter{display:inline-block}<\/style>\t\t\t\t<ul><li>\u064a\u062c\u0628 \u0627\u0633\u062a\u062e\u062f\u0627\u0645 \u0627\u0644\u0645\u0631\u062a\u0628\u0629 \u0639\u0644\u0649 \u0642\u0627\u0639\u062f\u0629 \u0633\u0631\u064a\u0631 (\u0633\u0644\u064a\u062f\u0629) \u0641\u064a \u062d\u0627\u0644\u0629 \u062c\u064a\u062f\u0629.<\/li><li>\u064a\u062c\u0628 \u0623\u0646 \u064a\u064f\u0639\u0627\u062f \u0627\u0644\u0645\u0646\u062a\u062c \u0625\u0644\u064a\u0646\u0627 \u0648\u0647\u0648 \u0641\u064a \u062d\u0627\u0644\u0629 \u0646\u0638\u0627\u0641\u0629 \u062c\u064a\u062f\u0629.<\/li><li>\u0633\u064a\u062a\u0645 \u0631\u0641\u0636 \u0627\u0644\u0645\u0631\u0627\u062a\u0628 \u0627\u0644\u0645\u062a\u0651\u0633\u062e\u0629.<\/li><li>\u064a\u062c\u0628 \u0625\u0639\u0627\u062f\u0629 \u0627\u0644\u0645\u0646\u062a\u062c \u0625\u0644\u0649 \u0645\u0635\u0646\u0639 \u0623\u0637\u0644\u0633 \u0648\/\u0623\u0648 \u0625\u0644\u0649 \u0627\u0644\u0645\u0648\u0632\u0639 \u0627\u0644\u0630\u064a \u0642\u0627\u0645 \u0628\u0639\u0645\u0644\u064a\u0629 \u0627\u0644\u0628\u064a\u0639.<\/li><li>\u064a\u062c\u0628 \u062a\u0642\u062f\u064a\u0645 \u0628\u0637\u0627\u0642\u0629 \u0627\u0644\u0636\u0645\u0627\u0646 \u0627\u0644\u062a\u064a \u062a\u0645 \u062a\u0633\u0644\u064a\u0645\u0647\u0627 \u0645\u0646 \u0642\u0628\u0644 \u0645\u0646\u062f\u0648\u0628 \u0627\u0644\u0645\u0628\u064a\u0639\u0627\u062a \u0648\u0642\u062a \u0627\u0644\u0634\u0631\u0627\u0621.<\/li><\/ul>\t\t\t\t\t\t<\/div>\n\t\t\t\t<\/div>\n\t\t\t\t\t<\/div>\n\t\t<\/div>\n\t\t\t\t\t\t\t<\/div>\n\t\t<\/section>\n\t\t\t\t\t\t<\/div>\n\t\t\t\t\t<\/div>","protected":false},"excerpt":{"rendered":"<p>Garantie Chez Atlas Matelas, nous avons \u00e0 c\u0153ur de vous offrir des produits durables et de qualit\u00e9. C\u2019est pourquoi nos matelas sont couverts par une garantie allant jusqu\u2019\u00e0 10 ans, selon le mod\u00e8le. Cette garantie refl\u00e8te notre engagement envers votre confort et votre satisfaction. Vous trouverez ci-dessous les conditions d\u00e9taill\u00e9es pour en b\u00e9n\u00e9ficier pleinement. Vos [&hellip;]<\/p>","protected":false},"author":11,"featured_media":0,"parent":0,"menu_order":0,"comment_status":"closed","ping_status":"closed","template":"","meta":{"footnotes":""},"class_list":["post-16355","page","type-page","status-publish","hentry"],"jetpack_sharing_enabled":true,"_links":{"self":[{"href":"https:\/\/atlasmatelasdz.com\/ar\/wp-json\/wp\/v2\/pages\/16355","targetHints":{"allow":["GET"]}}],"collection":[{"href":"https:\/\/atlasmatelasdz.com\/ar\/wp-json\/wp\/v2\/pages"}],"about":[{"href":"https:\/\/atlasmatelasdz.com\/ar\/wp-json\/wp\/v2\/types\/page"}],"author":[{"embeddable":true,"href":"https:\/\/atlasmatelasdz.com\/ar\/wp-json\/wp\/v2\/users\/11"}],"replies":[{"embeddable":true,"href":"https:\/\/atlasmatelasdz.com\/ar\/wp-json\/wp\/v2\/comments?post=16355"}],"version-history":[{"count":25,"href":"https:\/\/atlasmatelasdz.com\/ar\/wp-json\/wp\/v2\/pages\/16355\/revisions"}],"predecessor-version":[{"id":16386,"href":"https:\/\/atlasmatelasdz.com\/ar\/wp-json\/wp\/v2\/pages\/16355\/revisions\/16386"}],"wp:attachment":[{"href":"https:\/\/atlasmatelasdz.com\/ar\/wp-json\/wp\/v2\/media?parent=16355"}],"curies":[{"name":"wp","href":"https:\/\/api.w.org\/{rel}","templated":true}]}}