{"id":292,"date":"2020-03-31T12:57:11","date_gmt":"2020-03-31T11:57:11","guid":{"rendered":"https:\/\/konsept.qodeinteractive.com\/?page_id=292"},"modified":"2024-01-21T19:11:03","modified_gmt":"2024-01-21T18:11:03","slug":"clients-professionnels","status":"publish","type":"page","link":"https:\/\/atlasmatelasdz.com\/ar\/clients-professionnels\/","title":{"rendered":"\u0639\u0645\u0644\u0627\u0621 \u0645\u062d\u062a\u0631\u0641\u0648\u0646"},"content":{"rendered":"<div data-elementor-type=\"wp-page\" data-elementor-id=\"292\" class=\"elementor elementor-292\" data-elementor-settings=\"[]\">\n\t\t\t\t\t\t\t<div class=\"elementor-section-wrap\">\n\t\t\t\t\t\t\t<section class=\"elementor-section elementor-top-section elementor-element elementor-element-e96539e elementor-section-boxed elementor-section-height-default elementor-section-height-default qodef-elementor-content-no\" data-id=\"e96539e\" data-element_type=\"section\">\n\t\t\t\t\t\t<div class=\"elementor-container elementor-column-gap-default\">\n\t\t\t\t\t<div class=\"elementor-column elementor-col-100 elementor-top-column elementor-element elementor-element-900617d\" data-id=\"900617d\" data-element_type=\"column\">\n\t\t\t<div class=\"elementor-widget-wrap elementor-element-populated\">\n\t\t\t\t\t\t\t\t<div class=\"elementor-element elementor-element-cdf4751 elementor-widget elementor-widget-spacer\" data-id=\"cdf4751\" data-element_type=\"widget\" data-widget_type=\"spacer.default\">\n\t\t\t\t<div class=\"elementor-widget-container\">\n\t\t\t<style>\/*! elementor - v3.15.0 - 09-08-2023 *\/\n.elementor-column .elementor-spacer-inner{height:var(--spacer-size)}.e-con{--container-widget-width:100%}.e-con-inner>.elementor-widget-spacer,.e-con>.elementor-widget-spacer{width:var(--container-widget-width,var(--spacer-size));--align-self:var(--container-widget-align-self,initial);--flex-shrink:0}.e-con-inner>.elementor-widget-spacer>.elementor-widget-container,.e-con-inner>.elementor-widget-spacer>.elementor-widget-container>.elementor-spacer,.e-con>.elementor-widget-spacer>.elementor-widget-container,.e-con>.elementor-widget-spacer>.elementor-widget-container>.elementor-spacer{height:100%}.e-con-inner>.elementor-widget-spacer>.elementor-widget-container>.elementor-spacer>.elementor-spacer-inner,.e-con>.elementor-widget-spacer>.elementor-widget-container>.elementor-spacer>.elementor-spacer-inner{height:var(--container-widget-height,var(--spacer-size))}<\/style>\t\t<div class=\"elementor-spacer\">\n\t\t\t<div class=\"elementor-spacer-inner\"><\/div>\n\t\t<\/div>\n\t\t\t\t<\/div>\n\t\t\t\t<\/div>\n\t\t\t\t\t<\/div>\n\t\t<\/div>\n\t\t\t\t\t\t\t<\/div>\n\t\t<\/section>\n\t\t\t\t<section class=\"elementor-section elementor-top-section elementor-element elementor-element-bbf5ed6 elementor-section-boxed elementor-section-height-default elementor-section-height-default qodef-elementor-content-no\" data-id=\"bbf5ed6\" data-element_type=\"section\">\n\t\t\t\t\t\t<div class=\"elementor-container elementor-column-gap-default\">\n\t\t\t\t\t<div class=\"elementor-column elementor-col-100 elementor-top-column elementor-element elementor-element-97267ba\" data-id=\"97267ba\" data-element_type=\"column\">\n\t\t\t<div class=\"elementor-widget-wrap elementor-element-populated\">\n\t\t\t\t\t\t\t\t<div class=\"elementor-element elementor-element-2738b39 elementor-widget elementor-widget-text-editor\" data-id=\"2738b39\" data-element_type=\"widget\" data-widget_type=\"text-editor.default\">\n\t\t\t\t<div class=\"elementor-widget-container\">\n\t\t\t<style>\/*! elementor - v3.5.0 - 12-12-2021 *\/\n.elementor-widget-text-editor.elementor-drop-cap-view-stacked .elementor-drop-cap{background-color:#818a91;color:#fff}.elementor-widget-text-editor.elementor-drop-cap-view-framed .elementor-drop-cap{color:#818a91;border:3px solid;background-color:transparent}.elementor-widget-text-editor:not(.elementor-drop-cap-view-default) .elementor-drop-cap{margin-top:8px}.elementor-widget-text-editor:not(.elementor-drop-cap-view-default) .elementor-drop-cap-letter{width:1em;height:1em}.elementor-widget-text-editor .elementor-drop-cap{float:left;text-align:center;line-height:1;font-size:50px}.elementor-widget-text-editor .elementor-drop-cap-letter{display:inline-block}<\/style>\t\t\t\t<p>\u0647\u0644 \u062a\u0631\u063a\u0628 \u0641\u064a \u0645\u0646\u0627\u0642\u0634\u0629 \u0634\u0631\u0627\u0643\u0629 \u062a\u062c\u0627\u0631\u064a\u0629 \u0623\u0648 \u062a\u0648\u0633\u064a\u0639 \u0645\u062c\u0645\u0648\u0639\u062a\u0643 \u0641\u064a \u0645\u062a\u062c\u0631 \u0627\u0644\u0645\u0641\u0631\u0648\u0634\u0627\u062a \u0627\u0644\u062e\u0627\u0635 \u0628\u0643\u061f<\/p>\n<p>\u064a\u0633\u0639\u062f\u0646\u0627 \u0627\u0633\u062a\u0643\u0634\u0627\u0641 \u0645\u062e\u062a\u0644\u0641 \u0627\u0644\u0627\u062d\u062a\u0645\u0627\u0644\u0627\u062a \u0645\u0639\u0643.<\/p>\n<p>\u064a\u0631\u062c\u0649 \u0627\u0644\u0627\u062a\u0635\u0627\u0644 \u0628\u0646\u0627 \u0639\u0644\u0649 contact@atlasmatelas.dz \u0623\u0648 \u0639\u0628\u0631 <a href=\"https:\/\/atlasmatelasdz.com\/ar\/contact\/\">\u0627\u0633\u062a\u0645\u0627\u0631\u0629 \u0627\u0644\u062a\u0648\u0627\u0635\u0644<\/a>.<\/p>\n<p><br><\/p>\t\t\t\t\t\t<\/div>\n\t\t\t\t<\/div>\n\t\t\t\t\t<\/div>\n\t\t<\/div>\n\t\t\t\t\t\t\t<\/div>\n\t\t<\/section>\n\t\t\t\t<section class=\"elementor-section elementor-top-section elementor-element elementor-element-66eef5d6 elementor-section-boxed elementor-section-height-default elementor-section-height-default qodef-elementor-content-no\" data-id=\"66eef5d6\" data-element_type=\"section\">\n\t\t\t\t\t\t<div class=\"elementor-container elementor-column-gap-default\">\n\t\t\t\t\t<div class=\"elementor-column elementor-col-100 elementor-top-column elementor-element elementor-element-798e997\" data-id=\"798e997\" data-element_type=\"column\">\n\t\t\t<div class=\"elementor-widget-wrap elementor-element-populated\">\n\t\t\t\t\t\t\t\t<div class=\"elementor-element elementor-element-9322e6b elementor-arrows-position-outside elementor-widget elementor-widget-image-carousel\" data-id=\"9322e6b\" data-element_type=\"widget\" data-settings=\"{&quot;slides_to_show&quot;:&quot;7&quot;,&quot;slides_to_show_mobile&quot;:&quot;3&quot;,&quot;slides_to_scroll&quot;:&quot;1&quot;,&quot;navigation&quot;:&quot;arrows&quot;,&quot;autoplay_speed&quot;:4000,&quot;autoplay&quot;:&quot;yes&quot;,&quot;pause_on_hover&quot;:&quot;yes&quot;,&quot;pause_on_interaction&quot;:&quot;yes&quot;,&quot;infinite&quot;:&quot;yes&quot;,&quot;speed&quot;:500,&quot;image_spacing_custom&quot;:{&quot;unit&quot;:&quot;px&quot;,&quot;size&quot;:20,&quot;sizes&quot;:[]}}\" data-widget_type=\"image-carousel.default\">\n\t\t\t\t<div class=\"elementor-widget-container\">\n\t\t\t<style>\/*! elementor - v3.5.0 - 12-12-2021 *\/\n.elementor-widget-image-carousel .swiper-container{position:static}.elementor-widget-image-carousel .swiper-container .swiper-slide figure{line-height:inherit}.elementor-widget-image-carousel .swiper-slide{text-align:center}.elementor-image-carousel-wrapper:not(.swiper-container-initialized) .swiper-slide{max-width:calc(100% \/ var(--e-image-carousel-slides-to-show, 3))}<\/style>\t\t<div class=\"elementor-image-carousel-wrapper swiper-container\" dir=\"ltr\">\n\t\t\t<div class=\"elementor-image-carousel swiper-wrapper\">\n\t\t\t\t\t\t\t\t<div class=\"swiper-slide\"><figure class=\"swiper-slide-inner\"><img decoding=\"async\" class=\"swiper-slide-image\" src=\"https:\/\/atlasmatelasdz.com\/wp-content\/uploads\/2020\/04\/2.png\" alt=\"2\" \/><\/figure><\/div><div class=\"swiper-slide\"><figure class=\"swiper-slide-inner\"><img decoding=\"async\" class=\"swiper-slide-image\" src=\"https:\/\/atlasmatelasdz.com\/wp-content\/uploads\/2020\/04\/3.png\" alt=\"3\" \/><\/figure><\/div><div class=\"swiper-slide\"><figure class=\"swiper-slide-inner\"><img decoding=\"async\" class=\"swiper-slide-image\" src=\"https:\/\/atlasmatelasdz.com\/wp-content\/uploads\/2020\/04\/4.png\" alt=\"4\" \/><\/figure><\/div><div class=\"swiper-slide\"><figure class=\"swiper-slide-inner\"><img decoding=\"async\" class=\"swiper-slide-image\" src=\"https:\/\/atlasmatelasdz.com\/wp-content\/uploads\/2023\/02\/1.webp\" alt=\"1\" \/><\/figure><\/div><div class=\"swiper-slide\"><figure class=\"swiper-slide-inner\"><img decoding=\"async\" class=\"swiper-slide-image\" src=\"https:\/\/atlasmatelasdz.com\/wp-content\/uploads\/2023\/02\/2.webp\" alt=\"2\" \/><\/figure><\/div><div class=\"swiper-slide\"><figure class=\"swiper-slide-inner\"><img decoding=\"async\" class=\"swiper-slide-image\" src=\"https:\/\/atlasmatelasdz.com\/wp-content\/uploads\/2023\/02\/3.webp\" alt=\"3\" \/><\/figure><\/div><div class=\"swiper-slide\"><figure class=\"swiper-slide-inner\"><img decoding=\"async\" class=\"swiper-slide-image\" src=\"https:\/\/atlasmatelasdz.com\/wp-content\/uploads\/2023\/02\/4.webp\" alt=\"4\" \/><\/figure><\/div><div class=\"swiper-slide\"><figure class=\"swiper-slide-inner\"><img decoding=\"async\" class=\"swiper-slide-image\" src=\"https:\/\/atlasmatelasdz.com\/wp-content\/uploads\/2023\/02\/Atlas-nos-clients-logos.png\" alt=\"Atlas nos clients logos\" \/><\/figure><\/div>\t\t\t<\/div>\n\t\t\t\t\t\t\t\t\t\t\t\t\t\t\t\t<div class=\"elementor-swiper-button elementor-swiper-button-prev\">\n\t\t\t\t\t\t<i aria-hidden=\"true\" class=\"eicon-chevron-left\"><\/i>\t\t\t\t\t\t<span class=\"elementor-screen-only\">\u0627\u0644\u0633\u0627\u0628\u0642<\/span>\n\t\t\t\t\t<\/div>\n\t\t\t\t\t<div class=\"elementor-swiper-button elementor-swiper-button-next\">\n\t\t\t\t\t\t<i aria-hidden=\"true\" class=\"eicon-chevron-right\"><\/i>\t\t\t\t\t\t<span class=\"elementor-screen-only\">\u0627\u0644\u062a\u0627\u0644\u064a<\/span>\n\t\t\t\t\t<\/div>\n\t\t\t\t\t\t\t\t\t<\/div>\n\t\t\t\t<\/div>\n\t\t\t\t<\/div>\n\t\t\t\t\t<\/div>\n\t\t<\/div>\n\t\t\t\t\t\t\t<\/div>\n\t\t<\/section>\n\t\t\t\t<section class=\"elementor-section elementor-top-section elementor-element elementor-element-f2d10a7 elementor-section-boxed elementor-section-height-default elementor-section-height-default qodef-elementor-content-no\" data-id=\"f2d10a7\" data-element_type=\"section\">\n\t\t\t\t\t\t<div class=\"elementor-container elementor-column-gap-default\">\n\t\t\t\t\t<div class=\"elementor-column elementor-col-100 elementor-top-column elementor-element elementor-element-8d1350f\" data-id=\"8d1350f\" data-element_type=\"column\">\n\t\t\t<div class=\"elementor-widget-wrap elementor-element-populated\">\n\t\t\t\t\t\t\t\t<div class=\"elementor-element elementor-element-65e6a84 elementor-widget elementor-widget-spacer\" data-id=\"65e6a84\" data-element_type=\"widget\" data-widget_type=\"spacer.default\">\n\t\t\t\t<div class=\"elementor-widget-container\">\n\t\t\t\t\t<div class=\"elementor-spacer\">\n\t\t\t<div class=\"elementor-spacer-inner\"><\/div>\n\t\t<\/div>\n\t\t\t\t<\/div>\n\t\t\t\t<\/div>\n\t\t\t\t\t<\/div>\n\t\t<\/div>\n\t\t\t\t\t\t\t<\/div>\n\t\t<\/section>\n\t\t\t\t<section class=\"elementor-section elementor-top-section elementor-element elementor-element-e43bcd7 elementor-section-boxed elementor-section-height-default elementor-section-height-default qodef-elementor-content-no\" data-id=\"e43bcd7\" data-element_type=\"section\">\n\t\t\t\t\t\t<div class=\"elementor-container elementor-column-gap-default\">\n\t\t\t\t\t<div class=\"elementor-column elementor-col-66 elementor-top-column elementor-element elementor-element-cc60f24\" data-id=\"cc60f24\" data-element_type=\"column\">\n\t\t\t<div class=\"elementor-widget-wrap elementor-element-populated\">\n\t\t\t\t\t\t\t\t<div class=\"elementor-element elementor-element-d8186ad elementor-widget elementor-widget-text-editor\" data-id=\"d8186ad\" data-element_type=\"widget\" data-widget_type=\"text-editor.default\">\n\t\t\t\t<div class=\"elementor-widget-container\">\n\t\t\t\t\t\t\t<p>\u0646\u062d\u0646 \u0645\u0646\u0641\u062a\u062d\u0648\u0646 \u0639\u0644\u0649 \u0627\u0644\u062a\u0639\u0627\u0648\u0646 \u0641\u064a \u0625\u0646\u0634\u0627\u0621 \u0627\u0645\u062a\u064a\u0627\u0632 \u064a\u062a\u0645 \u0641\u064a\u0647 \u062a\u0645\u062b\u064a\u0644 \u0645\u0646\u062a\u062c\u0627\u062a \u0623\u0637\u0644\u0633. \u064a\u0645\u0643\u0646\u0643 \u0627\u0644\u0627\u0639\u062a\u0645\u0627\u062f \u0639\u0644\u0649 \u062e\u0628\u0631\u062a\u0646\u0627 \u0648\u062f\u0639\u0645\u0646\u0627 \u0627\u0644\u0645\u0647\u0646\u064a.\u00a0<\/p>\n<p>\u0625\u0630\u0627 \u0643\u0646\u062a \u0645\u0647\u062a\u0645\u064b\u0627\u060c \u064a\u064f\u0631\u062c\u0649 \u0627\u0644\u062a\u0648\u0627\u0635\u0644 \u0645\u0639\u0646\u0627 \u0639\u0644\u0649 contact@atlasmatelas.dz \u0623\u0648 \u0639\u0628\u0631 <a href=\"https:\/\/atlasmatelasdz.com\/ar\/contact\/\">\u0627\u0633\u062a\u0645\u0627\u0631\u0629 \u0627\u0644\u062a\u0648\u0627\u0635\u0644<\/a>.<\/p>\t\t\t\t\t\t<\/div>\n\t\t\t\t<\/div>\n\t\t\t\t\t<\/div>\n\t\t<\/div>\n\t\t\t\t<div class=\"elementor-column elementor-col-33 elementor-top-column elementor-element elementor-element-0e7227f\" data-id=\"0e7227f\" data-element_type=\"column\">\n\t\t\t<div class=\"elementor-widget-wrap elementor-element-populated\">\n\t\t\t\t\t\t\t\t<div class=\"elementor-element elementor-element-3abc0ce elementor-widget elementor-widget-image\" data-id=\"3abc0ce\" data-element_type=\"widget\" data-widget_type=\"image.default\">\n\t\t\t\t<div class=\"elementor-widget-container\">\n\t\t\t<style>\/*! elementor - v3.5.0 - 12-12-2021 *\/\n.elementor-widget-image{text-align:center}.elementor-widget-image a{display:inline-block}.elementor-widget-image a img[src$=\".svg\"]{width:48px}.elementor-widget-image img{vertical-align:middle;display:inline-block}<\/style>\t\t\t\t\t\t\t\t\t\t\t\t<img loading=\"lazy\" decoding=\"async\" width=\"1024\" height=\"512\" src=\"https:\/\/atlasmatelasdz.com\/wp-content\/uploads\/2022\/01\/Depositphotos_445877048_XL-1-1024x512.jpg\" class=\"attachment-large size-large\" alt=\"\" srcset=\"https:\/\/atlasmatelasdz.com\/wp-content\/uploads\/2022\/01\/Depositphotos_445877048_XL-1-1024x512.jpg 1024w, https:\/\/atlasmatelasdz.com\/wp-content\/uploads\/2022\/01\/Depositphotos_445877048_XL-1-300x150.jpg 300w, https:\/\/atlasmatelasdz.com\/wp-content\/uploads\/2022\/01\/Depositphotos_445877048_XL-1-768x384.jpg 768w, https:\/\/atlasmatelasdz.com\/wp-content\/uploads\/2022\/01\/Depositphotos_445877048_XL-1-1536x768.jpg 1536w, https:\/\/atlasmatelasdz.com\/wp-content\/uploads\/2022\/01\/Depositphotos_445877048_XL-1-2048x1024.jpg 2048w, https:\/\/atlasmatelasdz.com\/wp-content\/uploads\/2022\/01\/Depositphotos_445877048_XL-1-1300x650.jpg 1300w, https:\/\/atlasmatelasdz.com\/wp-content\/uploads\/2022\/01\/Depositphotos_445877048_XL-1-500x250.jpg 500w, https:\/\/atlasmatelasdz.com\/wp-content\/uploads\/2022\/01\/Depositphotos_445877048_XL-1-936x468.jpg 936w\" sizes=\"auto, (max-width: 1024px) 100vw, 1024px\" \/>\t\t\t\t\t\t\t\t\t\t\t\t\t\t\t<\/div>\n\t\t\t\t<\/div>\n\t\t\t\t\t<\/div>\n\t\t<\/div>\n\t\t\t\t\t\t\t<\/div>\n\t\t<\/section>\n\t\t\t\t<section class=\"elementor-section elementor-top-section elementor-element elementor-element-67cc231 elementor-section-boxed elementor-section-height-default elementor-section-height-default qodef-elementor-content-no\" data-id=\"67cc231\" data-element_type=\"section\">\n\t\t\t\t\t\t<div class=\"elementor-container elementor-column-gap-default\">\n\t\t\t\t\t<div class=\"elementor-column elementor-col-100 elementor-top-column elementor-element elementor-element-2ca23cc\" data-id=\"2ca23cc\" data-element_type=\"column\">\n\t\t\t<div class=\"elementor-widget-wrap elementor-element-populated\">\n\t\t\t\t\t\t\t\t<div class=\"elementor-element elementor-element-d2fd945 elementor-widget elementor-widget-spacer\" data-id=\"d2fd945\" data-element_type=\"widget\" data-widget_type=\"spacer.default\">\n\t\t\t\t<div class=\"elementor-widget-container\">\n\t\t\t\t\t<div class=\"elementor-spacer\">\n\t\t\t<div class=\"elementor-spacer-inner\"><\/div>\n\t\t<\/div>\n\t\t\t\t<\/div>\n\t\t\t\t<\/div>\n\t\t\t\t\t<\/div>\n\t\t<\/div>\n\t\t\t\t\t\t\t<\/div>\n\t\t<\/section>\n\t\t\t\t\t\t<\/div>\n\t\t\t\t\t<\/div>","protected":false},"excerpt":{"rendered":"<p>Souhaitez-vous discuter d&rsquo;un partenariat commercial ou d&rsquo;\u00e9largir votre collection dans votre magasin de literie ? Nous serons heureux d&rsquo;explorer avec vous les diff\u00e9rentes possibilit\u00e9s. Veuillez nous contacter \u00e0 l&rsquo;adresse contact@atlasmatelas.dz ou via notre formulaire de contact. Pr\u00e9c\u00e9dent Suivant Nous sommes ouverts \u00e0 la coop\u00e9ration pour la cr\u00e9ation d\u2019une franchise o\u00f9 les produits Atlas sont repr\u00e9sent\u00e9s. [&hellip;]<\/p>","protected":false},"author":10,"featured_media":0,"parent":0,"menu_order":0,"comment_status":"closed","ping_status":"closed","template":"","meta":{"footnotes":""},"class_list":["post-292","page","type-page","status-publish","hentry"],"jetpack_sharing_enabled":true,"_links":{"self":[{"href":"https:\/\/atlasmatelasdz.com\/ar\/wp-json\/wp\/v2\/pages\/292","targetHints":{"allow":["GET"]}}],"collection":[{"href":"https:\/\/atlasmatelasdz.com\/ar\/wp-json\/wp\/v2\/pages"}],"about":[{"href":"https:\/\/atlasmatelasdz.com\/ar\/wp-json\/wp\/v2\/types\/page"}],"author":[{"embeddable":true,"href":"https:\/\/atlasmatelasdz.com\/ar\/wp-json\/wp\/v2\/users\/10"}],"replies":[{"embeddable":true,"href":"https:\/\/atlasmatelasdz.com\/ar\/wp-json\/wp\/v2\/comments?post=292"}],"version-history":[{"count":80,"href":"https:\/\/atlasmatelasdz.com\/ar\/wp-json\/wp\/v2\/pages\/292\/revisions"}],"predecessor-version":[{"id":14964,"href":"https:\/\/atlasmatelasdz.com\/ar\/wp-json\/wp\/v2\/pages\/292\/revisions\/14964"}],"wp:attachment":[{"href":"https:\/\/atlasmatelasdz.com\/ar\/wp-json\/wp\/v2\/media?parent=292"}],"curies":[{"name":"wp","href":"https:\/\/api.w.org\/{rel}","templated":true}]}}