{"id":551,"date":"2020-04-02T12:01:47","date_gmt":"2020-04-02T11:01:47","guid":{"rendered":"https:\/\/konsept.qodeinteractive.com\/?page_id=551"},"modified":"2025-04-06T11:15:49","modified_gmt":"2025-04-06T10:15:49","slug":"a-propos-de-nous","status":"publish","type":"page","link":"https:\/\/atlasmatelasdz.com\/ar\/a-propos-de-nous\/","title":{"rendered":"\u0646\u0628\u0630\u0629 \u0639\u0646 \u0627\u0644\u0634\u0631\u0643\u0629"},"content":{"rendered":"<div data-elementor-type=\"wp-page\" data-elementor-id=\"551\" class=\"elementor elementor-551\" data-elementor-settings=\"[]\">\n\t\t\t\t\t\t\t<div class=\"elementor-section-wrap\">\n\t\t\t\t\t\t\t<section class=\"elementor-section elementor-top-section elementor-element elementor-element-65a4d6b elementor-section-boxed elementor-section-height-default elementor-section-height-default qodef-elementor-content-no\" data-id=\"65a4d6b\" data-element_type=\"section\">\n\t\t\t\t\t\t<div class=\"elementor-container elementor-column-gap-default\">\n\t\t\t\t\t<div class=\"elementor-column elementor-col-100 elementor-top-column elementor-element elementor-element-966cbc7\" data-id=\"966cbc7\" data-element_type=\"column\">\n\t\t\t<div class=\"elementor-widget-wrap elementor-element-populated\">\n\t\t\t\t\t\t\t\t<div class=\"elementor-element elementor-element-b5b8f1f elementor-widget elementor-widget-heading\" data-id=\"b5b8f1f\" data-element_type=\"widget\" data-widget_type=\"heading.default\">\n\t\t\t\t<div class=\"elementor-widget-container\">\n\t\t\t<style>\/*! elementor - v3.5.0 - 12-12-2021 *\/\n.elementor-heading-title{padding:0;margin:0;line-height:1}.elementor-widget-heading .elementor-heading-title[class*=elementor-size-]>a{color:inherit;font-size:inherit;line-height:inherit}.elementor-widget-heading .elementor-heading-title.elementor-size-small{font-size:15px}.elementor-widget-heading .elementor-heading-title.elementor-size-medium{font-size:19px}.elementor-widget-heading .elementor-heading-title.elementor-size-large{font-size:29px}.elementor-widget-heading .elementor-heading-title.elementor-size-xl{font-size:39px}.elementor-widget-heading .elementor-heading-title.elementor-size-xxl{font-size:59px}<\/style><h1 class=\"elementor-heading-title elementor-size-default\">\u0642\u0635\u062a\u0646\u0627<\/h1>\t\t<\/div>\n\t\t\t\t<\/div>\n\t\t\t\t<div class=\"elementor-element elementor-element-90cdfeb elementor-widget elementor-widget-heading\" data-id=\"90cdfeb\" data-element_type=\"widget\" data-widget_type=\"heading.default\">\n\t\t\t\t<div class=\"elementor-widget-container\">\n\t\t\t<h2 class=\"elementor-heading-title elementor-size-default\">\u0645\u0628\u062f\u0639\u0648\u0646 \u0641\u064a \u0635\u0646\u0627\u0639\u0629 \u0627\u0644\u0623\u0641\u0631\u0634\u0629 \u0645\u0646\u0630 \u0639\u0627\u0645 1965<\/h2>\t\t<\/div>\n\t\t\t\t<\/div>\n\t\t\t\t<section class=\"elementor-section elementor-inner-section elementor-element elementor-element-d729456 elementor-section-boxed elementor-section-height-default elementor-section-height-default qodef-elementor-content-no\" data-id=\"d729456\" data-element_type=\"section\">\n\t\t\t\t\t\t<div class=\"elementor-container elementor-column-gap-default\">\n\t\t\t\t\t<div class=\"elementor-column elementor-col-50 elementor-inner-column elementor-element elementor-element-5136bda\" data-id=\"5136bda\" data-element_type=\"column\">\n\t\t\t<div class=\"elementor-widget-wrap elementor-element-populated\">\n\t\t\t\t\t\t\t\t<div class=\"elementor-element elementor-element-d570d0c elementor-widget elementor-widget-text-editor\" data-id=\"d570d0c\" data-element_type=\"widget\" data-widget_type=\"text-editor.default\">\n\t\t\t\t<div class=\"elementor-widget-container\">\n\t\t\t<style>\/*! elementor - v3.5.0 - 12-12-2021 *\/\n.elementor-widget-text-editor.elementor-drop-cap-view-stacked .elementor-drop-cap{background-color:#818a91;color:#fff}.elementor-widget-text-editor.elementor-drop-cap-view-framed .elementor-drop-cap{color:#818a91;border:3px solid;background-color:transparent}.elementor-widget-text-editor:not(.elementor-drop-cap-view-default) .elementor-drop-cap{margin-top:8px}.elementor-widget-text-editor:not(.elementor-drop-cap-view-default) .elementor-drop-cap-letter{width:1em;height:1em}.elementor-widget-text-editor .elementor-drop-cap{float:left;text-align:center;line-height:1;font-size:50px}.elementor-widget-text-editor .elementor-drop-cap-letter{display:inline-block}<\/style>\t\t\t\t<p>\u0631\u0648\u0627\u062f \u0641\u064a \u0645\u062c\u0627\u0644\u0646\u0627 \u0645\u0646\u0630 \u0627\u0644\u0633\u062a\u064a\u0646\u064a\u0627\u062a \u0628\u0641\u0636\u0644 \u062e\u0628\u0631\u062a\u0646\u0627\u060c \u0646\u0642\u062f\u0645 \u0645\u062c\u0645\u0648\u0639\u0629 \u0648\u0627\u0633\u0639\u0629 \u0645\u0646 \u0627\u0644\u0645\u0646\u062a\u062c\u0627\u062a \u0627\u0644\u0645\u0635\u0646\u0641\u0629 \u0641\u064a \u062e\u0645\u0633 \u0641\u0626\u0627\u062a:<br>\u2022 <b>\u0627\u0644<span style=\"background-color: #ffffff;\">\u0645\u0631\u0627\u062a\u0628:<\/span> <\/b>\u062a\u062a\u0648\u0641\u0631 \u0645\u062c\u0645\u0648\u0639\u0629 \u0648\u0627\u0633\u0639\u0629 \u0645\u0646 \u0623\u0643\u062b\u0631 \u0645\u0646 17 \u0646\u0645\u0648\u0630\u062c\u064b\u0627\u060c \u0633\u0648\u0627\u0621 \u0643\u0627\u0646\u062a \u0645\u0641\u062a\u0648\u062d\u0629 \u0623\u0648 \u0645\u0637\u0648\u064a\u0629\u060c  \u0645\u0635\u0646\u0648\u0639\u0629 \u0645\u0646 \u062b\u0644\u0627\u062b \u062a\u0642\u0646\u064a\u0627\u062a: \u0627\u0644\u0625\u0633\u0641\u0646\u062c\u060c \u0627\u0644\u0646\u0648\u0627\u0628\u0636 \u0628\u0648\u0646\u064a\u0644 \u0623\u0648 \u0627\u0644\u0646\u0648\u0627\u0628\u0636 \u0627\u0644\u0645\u063a\u0644\u0641\u0629.<\/p>\n<p>\u2022 <b>\u0645\u0641\u0627\u0631\u0634 \u0627\u0644\u0633\u0631\u064a\u0631 : <\/b>\u062a\u0642\u0648\u0645 \u0634\u0631\u0643\u062a\u0646\u0627 \u0628\u062a\u0633\u0648\u064a\u0642 \u0645\u062c\u0645\u0648\u0639\u0629 \u0645\u0646 \u0627\u0644\u0644\u062d\u0641\u060c \u0627\u0644\u0623\u063a\u0637\u064a\u0629\u060c \u0648 \u0627\u0644\u0644\u0628\u0627\u062f\u0627\u062a.<\/p>\n<p>\u2022 <b>\u0627\u0644\u0648\u0633\u0627\u0626\u062f: <\/b>\u0646\u062d\u0646 \u0646\u0642\u062f\u0645 \u0645\u062c\u0645\u0648\u0639\u0629 \u0645\u0646 \u0627\u0644\u0648\u0633\u0627\u0626\u062f \u0628\u0645\u0633\u062a\u0648\u064a\u0627\u062a \u0645\u062e\u062a\u0644\u0641\u0629 \u0645\u0646 \u0627\u0644\u0635\u0644\u0627\u0628\u0629 \u0644\u062a\u0644\u0628\u064a\u0629 \u0627\u0644\u0627\u062d\u062a\u064a\u0627\u062c\u0627\u062a \u0627\u0644\u0645\u062a\u0646\u0648\u0639\u0629\u060c \u0645\u062b\u0644 \u0627\u0644\u0648\u0633\u0627\u0626\u062f \u0627\u0644\u0645\u0635\u0646\u0648\u0639\u0629 \u0645\u0646 \u0627\u0644\u0625\u0633\u0641\u0646\u062c\u0629 \u0627\u0644\u0630\u0627\u0643\u0631\u0629 \u0644\u0644\u062d\u0631\u0627\u0631\u0629 (\u0641\u064a\u0633\u0643\u0648\u0625\u064a\u0644\u0627\u0633\u062a\u064a\u0643)\u060c \u0627\u0644\u0625\u0633\u0641\u0646\u062c \u0641\u0627\u0626\u0642 \u0627\u0644\u0646\u0639\u0648\u0645\u0629 \u0623\u0648 \u0627\u0644\u0623\u0644\u064a\u0627\u0641.<\/p>\n<p>\u2022<b> \u0627\u0644\u0645\u0633\u0627\u0646\u062f \u0648\u0627\u0644\u0623\u0633\u0631\u0629 \u0627\u0644\u0645\u0632\u062e\u0631\u0641\u0629 <\/b>\u0646\u0642\u062f\u0645 \u0623\u0633\u0631\u0651\u0629 \u0645\u0631\u062a\u0641\u0639\u0629 \u062a\u062a\u0643\u0648\u0646 \u0645\u0646 \u0642\u0648\u0627\u0639\u062f \u0623\u0633\u0631\u0651\u0629 \u0645\u0639 \u0644\u0648\u0627\u0626\u062d \u062e\u0634\u0628 \u0627\u0644\u0632\u0627\u0646\u060c \u0648\u0623\u0633\u0631\u0651\u0629 \u0645\u0632\u0648\u062f\u0629 \u0628\u0635\u0646\u0627\u062f\u064a\u0642 \u062a\u062e\u0632\u064a\u0646... \u0645\u0639 \u0645\u0633\u0627\u0646\u064a\u062f \u0633\u0631\u064a\u0631 \u0645\u0632\u062e\u0631\u0641\u0629 \u0623\u0648 \u0628\u062f\u0648\u0646 \u0632\u062e\u0631\u0641\u0629.<\/p>\n<p>&nbsp;<b>\u0627\u0644\u0628\u0639\u0636 \u0645\u0646 \u0645\u0646\u062a\u062c\u0627\u062a\u0646\u0627 \u0645\u062e\u0635\u0635\u0629  \u0644\u0644\u0645\u062d\u062a\u0631\u0641\u064a\u0646 \u0645\u062b\u0644: <br><\/b>&#8211; <i>\u0627\u0644\u0648\u0632\u0627\u0631\u0627\u062a (\u0627\u0644\u062f\u0641\u0627\u0639 \u0627\u0644\u0648\u0637\u0646\u064a\u060c&nbsp;<\/i>\u0627\u0644\u0635\u062d\u0629\u060c \u0627\u0644\u0639\u062f\u0627\u0644\u0629\u060c \u0627\u0644\u0637\u0627\u0642\u0629...)<br><i>\u0627\u0644\u0647\u064a\u0626\u0627\u062a \u0627\u0644\u0645\u062d\u0644\u064a\u0629\u060c \u0627\u0644\u0634\u0631\u0643\u0627\u062a \u0627\u0644\u0639\u0627\u0645\u0629\u060c \u0627\u0644\u0634\u0631\u0643\u0627\u062a \u0627\u0644\u062e\u0627\u0635\u0629<\/i>\u0633\u0648\u0646\u0627\u0637\u0631\u0627\u0643 \u0648\u0634\u0631\u0643\u0627\u062a\u0647\u0627 \u0627\u0644\u062a\u0627\u0628\u0639\u0629\u060c \u0642\u0648\u0627\u0639\u062f \u0627\u0644\u062d\u064a\u0627\u0629\u060c \u0648\u0639\u062f\u062f \u0645\u062a\u0632\u0627\u064a\u062f \u0628\u0627\u0633\u062a\u0645\u0631\u0627\u0631 \u0645\u0646 \u0627\u0644\u0641\u0646\u0627\u062f\u0642 \u0627\u0644\u0643\u0628\u0631\u0649\u060c \u0627\u0644\u0639\u064a\u0627\u062f\u0627\u062a \u0648\u0627\u0644\u0645\u0624\u0633\u0633\u0627\u062a...)<\/p>\n<p><\/p>\t\t\t\t\t\t<\/div>\n\t\t\t\t<\/div>\n\t\t\t\t\t<\/div>\n\t\t<\/div>\n\t\t\t\t<div class=\"elementor-column elementor-col-50 elementor-inner-column elementor-element elementor-element-ab67ca5\" data-id=\"ab67ca5\" data-element_type=\"column\">\n\t\t\t<div class=\"elementor-widget-wrap elementor-element-populated\">\n\t\t\t\t\t\t\t\t<div class=\"elementor-element elementor-element-734b9e0 elementor-widget elementor-widget-image\" data-id=\"734b9e0\" data-element_type=\"widget\" data-widget_type=\"image.default\">\n\t\t\t\t<div class=\"elementor-widget-container\">\n\t\t\t<style>\/*! elementor - v3.5.0 - 12-12-2021 *\/\n.elementor-widget-image{text-align:center}.elementor-widget-image a{display:inline-block}.elementor-widget-image a img[src$=\".svg\"]{width:48px}.elementor-widget-image img{vertical-align:middle;display:inline-block}<\/style>\t\t\t\t\t\t\t\t\t\t\t\t<img loading=\"lazy\" decoding=\"async\" width=\"1024\" height=\"755\" src=\"https:\/\/atlasmatelasdz.com\/wp-content\/uploads\/2023\/03\/atlas-dz-oran--1024x755.webp\" class=\"attachment-large size-large\" alt=\"\" srcset=\"https:\/\/atlasmatelasdz.com\/wp-content\/uploads\/2023\/03\/atlas-dz-oran--1024x755.webp 1024w, https:\/\/atlasmatelasdz.com\/wp-content\/uploads\/2023\/03\/atlas-dz-oran--300x221.webp 300w, https:\/\/atlasmatelasdz.com\/wp-content\/uploads\/2023\/03\/atlas-dz-oran--768x566.webp 768w, https:\/\/atlasmatelasdz.com\/wp-content\/uploads\/2023\/03\/atlas-dz-oran--16x12.webp 16w, https:\/\/atlasmatelasdz.com\/wp-content\/uploads\/2023\/03\/atlas-dz-oran--500x369.webp 500w, https:\/\/atlasmatelasdz.com\/wp-content\/uploads\/2023\/03\/atlas-dz-oran--936x690.webp 936w, https:\/\/atlasmatelasdz.com\/wp-content\/uploads\/2023\/03\/atlas-dz-oran-.webp 1180w\" sizes=\"auto, (max-width: 1024px) 100vw, 1024px\" \/>\t\t\t\t\t\t\t\t\t\t\t\t\t\t\t<\/div>\n\t\t\t\t<\/div>\n\t\t\t\t\t<\/div>\n\t\t<\/div>\n\t\t\t\t\t\t\t<\/div>\n\t\t<\/section>\n\t\t\t\t\t<\/div>\n\t\t<\/div>\n\t\t\t\t\t\t\t<\/div>\n\t\t<\/section>\n\t\t\t\t\t\t<\/div>\n\t\t\t\t\t<\/div>","protected":false},"excerpt":{"rendered":"<p>Notre histoire Cr\u00e9ateurs Dans La Literie Depuis 1965 Pionniers dans notre secteur d&rsquo;activit\u00e9 par un savoir-faire datant des ann\u00e9es soixante, nous proposons un large \u00e9ventail de produits cat\u00e9goris\u00e9s en cinq gammes :\u2022 Matelas : Une gamme \u00e9tendue de plus de 17 mod\u00e8les est disponible, ouverts ou roul\u00e9s, fabriqu\u00e9s \u00e0 partir de trois technologies ; Mousse, [&hellip;]<\/p>","protected":false},"author":10,"featured_media":0,"parent":0,"menu_order":0,"comment_status":"closed","ping_status":"closed","template":"","meta":{"footnotes":""},"class_list":["post-551","page","type-page","status-publish","hentry"],"jetpack_sharing_enabled":true,"_links":{"self":[{"href":"https:\/\/atlasmatelasdz.com\/ar\/wp-json\/wp\/v2\/pages\/551","targetHints":{"allow":["GET"]}}],"collection":[{"href":"https:\/\/atlasmatelasdz.com\/ar\/wp-json\/wp\/v2\/pages"}],"about":[{"href":"https:\/\/atlasmatelasdz.com\/ar\/wp-json\/wp\/v2\/types\/page"}],"author":[{"embeddable":true,"href":"https:\/\/atlasmatelasdz.com\/ar\/wp-json\/wp\/v2\/users\/10"}],"replies":[{"embeddable":true,"href":"https:\/\/atlasmatelasdz.com\/ar\/wp-json\/wp\/v2\/comments?post=551"}],"version-history":[{"count":129,"href":"https:\/\/atlasmatelasdz.com\/ar\/wp-json\/wp\/v2\/pages\/551\/revisions"}],"predecessor-version":[{"id":15645,"href":"https:\/\/atlasmatelasdz.com\/ar\/wp-json\/wp\/v2\/pages\/551\/revisions\/15645"}],"wp:attachment":[{"href":"https:\/\/atlasmatelasdz.com\/ar\/wp-json\/wp\/v2\/media?parent=551"}],"curies":[{"name":"wp","href":"https:\/\/api.w.org\/{rel}","templated":true}]}}