{"id":11611,"date":"2023-12-24T12:30:01","date_gmt":"2023-12-24T11:30:01","guid":{"rendered":"https:\/\/atlasmatelas.dz\/?post_type=product&#038;p=11611"},"modified":"2026-03-20T00:17:14","modified_gmt":"2026-03-19T23:17:14","slug":"matelas-prestige","status":"publish","type":"product","link":"https:\/\/atlasmatelasdz.com\/ar\/product\/matelas-prestige\/","title":{"rendered":"\u0645\u0641\u0631\u0634 \u0627\u0644\u0647\u064a\u0628\u0629"},"content":{"rendered":"<div data-elementor-type=\"wp-post\" data-elementor-id=\"11611\" class=\"elementor elementor-11611\" data-elementor-settings=\"[]\">\n\t\t\t\t\t\t\t<div class=\"elementor-section-wrap\">\n\t\t\t\t\t\t\t<section class=\"elementor-section elementor-top-section elementor-element elementor-element-28a23ee elementor-section-boxed elementor-section-height-default elementor-section-height-default qodef-elementor-content-no\" data-id=\"28a23ee\" data-element_type=\"section\">\n\t\t\t\t\t\t<div class=\"elementor-container elementor-column-gap-default\">\n\t\t\t\t\t<div class=\"elementor-column elementor-col-100 elementor-top-column elementor-element elementor-element-2c390fe\" data-id=\"2c390fe\" data-element_type=\"column\">\n\t\t\t<div class=\"elementor-widget-wrap elementor-element-populated\">\n\t\t\t\t\t\t\t\t<div class=\"elementor-element elementor-element-6aaa904 elementor-widget elementor-widget-image\" data-id=\"6aaa904\" data-element_type=\"widget\" data-widget_type=\"image.default\">\n\t\t\t\t<div class=\"elementor-widget-container\">\n\t\t\t<style>\/*! elementor - v3.5.0 - 12-12-2021 *\/\n.elementor-widget-image{text-align:center}.elementor-widget-image a{display:inline-block}.elementor-widget-image a img[src$=\".svg\"]{width:48px}.elementor-widget-image img{vertical-align:middle;display:inline-block}<\/style>\t\t\t\t\t\t\t\t\t\t\t\t<img loading=\"lazy\" decoding=\"async\" width=\"376\" height=\"134\" src=\"https:\/\/atlasmatelasdz.com\/wp-content\/uploads\/2022\/01\/oeko-tex-logo-1.png\" class=\"attachment-large size-large\" alt=\"\" srcset=\"https:\/\/atlasmatelasdz.com\/wp-content\/uploads\/2022\/01\/oeko-tex-logo-1.png 376w, https:\/\/atlasmatelasdz.com\/wp-content\/uploads\/2022\/01\/oeko-tex-logo-1-300x107.png 300w, https:\/\/atlasmatelasdz.com\/wp-content\/uploads\/2022\/01\/oeko-tex-logo-1-18x6.png 18w\" sizes=\"auto, (max-width: 376px) 100vw, 376px\" \/>\t\t\t\t\t\t\t\t\t\t\t\t\t\t\t<\/div>\n\t\t\t\t<\/div>\n\t\t\t\t<section class=\"elementor-section elementor-inner-section elementor-element elementor-element-bef2863 elementor-hidden-desktop elementor-hidden-tablet elementor-hidden-mobile elementor-section-boxed elementor-section-height-default elementor-section-height-default qodef-elementor-content-no\" data-id=\"bef2863\" data-element_type=\"section\">\n\t\t\t\t\t\t<div class=\"elementor-container elementor-column-gap-default\">\n\t\t\t\t\t<div class=\"elementor-column elementor-col-50 elementor-inner-column elementor-element elementor-element-eb9b961\" data-id=\"eb9b961\" data-element_type=\"column\">\n\t\t\t<div class=\"elementor-widget-wrap elementor-element-populated\">\n\t\t\t\t\t\t\t\t<div class=\"elementor-element elementor-element-7ae3c0e elementor-widget elementor-widget-heading\" data-id=\"7ae3c0e\" data-element_type=\"widget\" data-widget_type=\"heading.default\">\n\t\t\t\t<div class=\"elementor-widget-container\">\n\t\t\t<style>\/*! elementor - v3.5.0 - 12-12-2021 *\/\n.elementor-heading-title{padding:0;margin:0;line-height:1}.elementor-widget-heading .elementor-heading-title[class*=elementor-size-]>a{color:inherit;font-size:inherit;line-height:inherit}.elementor-widget-heading .elementor-heading-title.elementor-size-small{font-size:15px}.elementor-widget-heading .elementor-heading-title.elementor-size-medium{font-size:19px}.elementor-widget-heading .elementor-heading-title.elementor-size-large{font-size:29px}.elementor-widget-heading .elementor-heading-title.elementor-size-xl{font-size:39px}.elementor-widget-heading .elementor-heading-title.elementor-size-xxl{font-size:59px}<\/style><h3 class=\"elementor-heading-title elementor-size-default\">Pourquoi choisir SOMNIA ?<\/h3>\t\t<\/div>\n\t\t\t\t<\/div>\n\t\t\t\t<div class=\"elementor-element elementor-element-1fdbd13 elementor-widget elementor-widget-text-editor\" data-id=\"1fdbd13\" data-element_type=\"widget\" data-widget_type=\"text-editor.default\">\n\t\t\t\t<div class=\"elementor-widget-container\">\n\t\t\t<style>\/*! elementor - v3.5.0 - 12-12-2021 *\/\n.elementor-widget-text-editor.elementor-drop-cap-view-stacked .elementor-drop-cap{background-color:#818a91;color:#fff}.elementor-widget-text-editor.elementor-drop-cap-view-framed .elementor-drop-cap{color:#818a91;border:3px solid;background-color:transparent}.elementor-widget-text-editor:not(.elementor-drop-cap-view-default) .elementor-drop-cap{margin-top:8px}.elementor-widget-text-editor:not(.elementor-drop-cap-view-default) .elementor-drop-cap-letter{width:1em;height:1em}.elementor-widget-text-editor .elementor-drop-cap{float:left;text-align:center;line-height:1;font-size:50px}.elementor-widget-text-editor .elementor-drop-cap-letter{display:inline-block}<\/style>\t\t\t\t<p>Si vous cherchez un matelas pratique et ferme \u00e0 un prix \u00e9conomique, le Somnia est le choix id\u00e9al, Il convient aussi bien comme lit d\u2019invit\u00e9, d\u2019\u00e9tudiant,&#8230;<\/p>\t\t\t\t\t\t<\/div>\n\t\t\t\t<\/div>\n\t\t\t\t\t<\/div>\n\t\t<\/div>\n\t\t\t\t<div class=\"elementor-column elementor-col-50 elementor-inner-column elementor-element elementor-element-2c2efaf\" data-id=\"2c2efaf\" data-element_type=\"column\">\n\t\t\t<div class=\"elementor-widget-wrap elementor-element-populated\">\n\t\t\t\t\t\t\t\t<div class=\"elementor-element elementor-element-2f1129c elementor-widget elementor-widget-image\" data-id=\"2f1129c\" data-element_type=\"widget\" data-widget_type=\"image.default\">\n\t\t\t\t<div class=\"elementor-widget-container\">\n\t\t\t\t\t\t\t\t\t\t\t\t\t\t\t<img loading=\"lazy\" decoding=\"async\" width=\"936\" height=\"500\" src=\"https:\/\/atlasmatelasdz.com\/wp-content\/uploads\/2022\/01\/Matelas-Somnia-Matras.png\" class=\"attachment-large size-large\" alt=\"\" srcset=\"https:\/\/atlasmatelasdz.com\/wp-content\/uploads\/2022\/01\/Matelas-Somnia-Matras.png 936w, https:\/\/atlasmatelasdz.com\/wp-content\/uploads\/2022\/01\/Matelas-Somnia-Matras-300x160.png 300w, https:\/\/atlasmatelasdz.com\/wp-content\/uploads\/2022\/01\/Matelas-Somnia-Matras-768x410.png 768w, https:\/\/atlasmatelasdz.com\/wp-content\/uploads\/2022\/01\/Matelas-Somnia-Matras-18x10.png 18w, https:\/\/atlasmatelasdz.com\/wp-content\/uploads\/2022\/01\/Matelas-Somnia-Matras-500x267.png 500w\" sizes=\"auto, (max-width: 936px) 100vw, 936px\" \/>\t\t\t\t\t\t\t\t\t\t\t\t\t\t\t<\/div>\n\t\t\t\t<\/div>\n\t\t\t\t\t<\/div>\n\t\t<\/div>\n\t\t\t\t\t\t\t<\/div>\n\t\t<\/section>\n\t\t\t\t<div class=\"elementor-element elementor-element-bf5e0bc elementor-hidden-desktop elementor-hidden-tablet elementor-hidden-mobile elementor-widget elementor-widget-heading\" data-id=\"bf5e0bc\" data-element_type=\"widget\" data-widget_type=\"heading.default\">\n\t\t\t\t<div class=\"elementor-widget-container\">\n\t\t\t<h2 class=\"elementor-heading-title elementor-size-default\">Durable et \u00e9conomique<\/h2>\t\t<\/div>\n\t\t\t\t<\/div>\n\t\t\t\t<section class=\"elementor-section elementor-inner-section elementor-element elementor-element-c5934a4 elementor-hidden-desktop elementor-hidden-tablet elementor-hidden-mobile elementor-section-boxed elementor-section-height-default elementor-section-height-default qodef-elementor-content-no\" data-id=\"c5934a4\" data-element_type=\"section\">\n\t\t\t\t\t\t<div class=\"elementor-container elementor-column-gap-default\">\n\t\t\t\t\t<div class=\"elementor-column elementor-col-50 elementor-inner-column elementor-element elementor-element-03b7132\" data-id=\"03b7132\" data-element_type=\"column\">\n\t\t\t<div class=\"elementor-widget-wrap elementor-element-populated\">\n\t\t\t\t\t\t\t\t<div class=\"elementor-element elementor-element-050facf elementor-widget elementor-widget-image\" data-id=\"050facf\" data-element_type=\"widget\" data-widget_type=\"image.default\">\n\t\t\t\t<div class=\"elementor-widget-container\">\n\t\t\t\t\t\t\t\t\t\t\t\t\t\t\t<img loading=\"lazy\" decoding=\"async\" width=\"800\" height=\"468\" src=\"https:\/\/atlasmatelasdz.com\/wp-content\/uploads\/2022\/01\/Mousse-HR-Schuim.png\" class=\"attachment-1536x1536 size-1536x1536\" alt=\"\" srcset=\"https:\/\/atlasmatelasdz.com\/wp-content\/uploads\/2022\/01\/Mousse-HR-Schuim.png 800w, https:\/\/atlasmatelasdz.com\/wp-content\/uploads\/2022\/01\/Mousse-HR-Schuim-300x176.png 300w, https:\/\/atlasmatelasdz.com\/wp-content\/uploads\/2022\/01\/Mousse-HR-Schuim-768x449.png 768w, https:\/\/atlasmatelasdz.com\/wp-content\/uploads\/2022\/01\/Mousse-HR-Schuim-18x12.png 18w, https:\/\/atlasmatelasdz.com\/wp-content\/uploads\/2022\/01\/Mousse-HR-Schuim-500x293.png 500w\" sizes=\"auto, (max-width: 800px) 100vw, 800px\" \/>\t\t\t\t\t\t\t\t\t\t\t\t\t\t\t<\/div>\n\t\t\t\t<\/div>\n\t\t\t\t\t<\/div>\n\t\t<\/div>\n\t\t\t\t<div class=\"elementor-column elementor-col-50 elementor-inner-column elementor-element elementor-element-c1e574d\" data-id=\"c1e574d\" data-element_type=\"column\">\n\t\t\t<div class=\"elementor-widget-wrap elementor-element-populated\">\n\t\t\t\t\t\t\t\t<div class=\"elementor-element elementor-element-ec38b3d elementor-widget elementor-widget-heading\" data-id=\"ec38b3d\" data-element_type=\"widget\" data-widget_type=\"heading.default\">\n\t\t\t\t<div class=\"elementor-widget-container\">\n\t\t\t<h3 class=\"elementor-heading-title elementor-size-default\">Structure en mousse Polyur\u00e9thane HR<\/h3>\t\t<\/div>\n\t\t\t\t<\/div>\n\t\t\t\t<div class=\"elementor-element elementor-element-7be0b0a elementor-widget elementor-widget-text-editor\" data-id=\"7be0b0a\" data-element_type=\"widget\" data-widget_type=\"text-editor.default\">\n\t\t\t\t<div class=\"elementor-widget-container\">\n\t\t\t\t\t\t\t<p>SOMNIA est enti\u00e8rement compos\u00e9 d\u2019une mousse froide r\u00e9siliente et \u00e9lastique. Ce matelas offre un soutien ferme et convient tr\u00e8s bien aux dormeurs du dos.<\/p><p>Une bonne ventilation et un bon contr\u00f4le de la temp\u00e9rature sont assur\u00e9s par la structure ouverte de la cellule de cette mousse .<\/p>\t\t\t\t\t\t<\/div>\n\t\t\t\t<\/div>\n\t\t\t\t\t<\/div>\n\t\t<\/div>\n\t\t\t\t\t\t\t<\/div>\n\t\t<\/section>\n\t\t\t\t<section class=\"elementor-section elementor-inner-section elementor-element elementor-element-15dbfc6 elementor-hidden-desktop elementor-hidden-tablet elementor-hidden-mobile elementor-section-boxed elementor-section-height-default elementor-section-height-default qodef-elementor-content-no\" data-id=\"15dbfc6\" data-element_type=\"section\">\n\t\t\t\t\t\t<div class=\"elementor-container elementor-column-gap-default\">\n\t\t\t\t\t<div class=\"elementor-column elementor-col-50 elementor-inner-column elementor-element elementor-element-7d3de64\" data-id=\"7d3de64\" data-element_type=\"column\">\n\t\t\t<div class=\"elementor-widget-wrap elementor-element-populated\">\n\t\t\t\t\t\t\t\t<div class=\"elementor-element elementor-element-436112c elementor-widget elementor-widget-heading\" data-id=\"436112c\" data-element_type=\"widget\" data-widget_type=\"heading.default\">\n\t\t\t\t<div class=\"elementor-widget-container\">\n\t\t\t<h3 class=\"elementor-heading-title elementor-size-default\">Housse lavable<\/h3>\t\t<\/div>\n\t\t\t\t<\/div>\n\t\t\t\t<div class=\"elementor-element elementor-element-2a609c2 elementor-widget elementor-widget-text-editor\" data-id=\"2a609c2\" data-element_type=\"widget\" data-widget_type=\"text-editor.default\">\n\t\t\t\t<div class=\"elementor-widget-container\">\n\t\t\t\t\t\t\t<p>Gr\u00e2ce \u00e0 sa housse lavable, ce matelas peut \u00eatre mieux entretenu. Son tissu en polyester \u00e9lastique est rapide \u00e0 s\u00e9cher, ce qui permet \u00e9galement une excellente r\u00e9gulation de l\u2019humidit\u00e9.<\/p>\t\t\t\t\t\t<\/div>\n\t\t\t\t<\/div>\n\t\t\t\t\t<\/div>\n\t\t<\/div>\n\t\t\t\t<div class=\"elementor-column elementor-col-50 elementor-inner-column elementor-element elementor-element-07a8578\" data-id=\"07a8578\" data-element_type=\"column\">\n\t\t\t<div class=\"elementor-widget-wrap elementor-element-populated\">\n\t\t\t\t\t\t\t\t<div class=\"elementor-element elementor-element-5d84c29 elementor-widget elementor-widget-image\" data-id=\"5d84c29\" data-element_type=\"widget\" data-widget_type=\"image.default\">\n\t\t\t\t<div class=\"elementor-widget-container\">\n\t\t\t\t\t\t\t\t\t\t\t\t\t\t\t<img loading=\"lazy\" decoding=\"async\" width=\"936\" height=\"500\" src=\"https:\/\/atlasmatelasdz.com\/wp-content\/uploads\/2022\/01\/Matras-Somnia-matelas.png\" class=\"attachment-large size-large\" alt=\"\" srcset=\"https:\/\/atlasmatelasdz.com\/wp-content\/uploads\/2022\/01\/Matras-Somnia-matelas.png 936w, https:\/\/atlasmatelasdz.com\/wp-content\/uploads\/2022\/01\/Matras-Somnia-matelas-300x160.png 300w, https:\/\/atlasmatelasdz.com\/wp-content\/uploads\/2022\/01\/Matras-Somnia-matelas-768x410.png 768w, https:\/\/atlasmatelasdz.com\/wp-content\/uploads\/2022\/01\/Matras-Somnia-matelas-18x10.png 18w, https:\/\/atlasmatelasdz.com\/wp-content\/uploads\/2022\/01\/Matras-Somnia-matelas-500x267.png 500w\" sizes=\"auto, (max-width: 936px) 100vw, 936px\" \/>\t\t\t\t\t\t\t\t\t\t\t\t\t\t\t<\/div>\n\t\t\t\t<\/div>\n\t\t\t\t\t<\/div>\n\t\t<\/div>\n\t\t\t\t\t\t\t<\/div>\n\t\t<\/section>\n\t\t\t\t\t<\/div>\n\t\t<\/div>\n\t\t\t\t\t\t\t<\/div>\n\t\t<\/section>\n\t\t\t\t\t\t<\/div>\n\t\t\t\t\t<\/div>","protected":false},"excerpt":{"rendered":"<div dir=\"auto\"><span style=\"color: #000000;\">\u064a\u062a\u0645\u064a\u0632 \u0647\u0630\u0627 \u0627\u0644\u0645\u0646\u062a\u062c \u0627\u0644\u0630\u064a \u064a\u0628\u0644\u063a \u0627\u0631\u062a\u0641\u0627\u0639\u0647 22 \u0633\u0645 \u0628\u0623\u0646\u0647 \u0646\u0627\u0639\u0645 \u0648\u0645\u0631\u064a\u062d \u0648\u0645\u062a\u064a\u0646. \u064a\u062a\u0643\u0648\u0646 \u0645\u0646 \u0646\u0648\u0627\u0628\u0636 \u0628\u0648\u0646\u064a\u0644 \u0627\u0644\u0645\u0648\u0632\u0639\u0629 \u0628\u0634\u0643\u0644 \u0645\u062b\u0627\u0644\u064a\u060c \u0645\u0645\u0627 \u064a\u0648\u0641\u0631 \u0627\u0644\u062f\u0639\u0645 \u0648\u0627\u0644\u0631\u0627\u062d\u0629 \u0648\u0627\u0644\u062a\u0647\u0648\u064a\u0629 \u0627\u0644\u0645\u062b\u0627\u0644\u064a\u0629.<\/span><\/div>\n<div dir=\"auto\"><span style=\"color: #000000;\"><em><em><span class=\"x3nfvp2 x1j61x8r x1fcty0u xdj266r xhhsvwb xat24cr xgzva0m xxymvpz xlup9mm x1kky2od\">* <\/span>\u0645\u0646\u0627\u0633\u0628 \u0644\u0644\u0635\u063a\u0627\u0631 \u0648\u0627\u0644\u0643\u0628\u0627\u0631<\/em><\/em><\/span><\/div>\n<div dir=\"auto\"><\/div>\n<div dir=\"auto\"><span style=\"color: #000080;\"><strong>\u0627\u0644\u062e\u0635\u0627\u0626\u0635 :<\/strong><\/span><\/div>\n<div dir=\"auto\">\n<ul>\n<li><span style=\"color: #000000;\">\u0625\u0631\u062a\u0641\u0627\u0639: 22 \u0633\u0645<\/span><\/li>\n<li><span style=\"color: #000000;\">\u062a\u0643\u0646\u0632\u0644\u0648\u062c\u064a\u0627 \u0646\u0648\u0627\u0628\u0636 \u0628\u0648\u0646\u064a\u0644<\/span><\/li>\n<li><span style=\"color: #000000;\">\u0646\u0645\u0648\u0630\u062c \u0645\u0631\u064a\u062d<\/span><\/li>\n<li><span style=\"color: #000000;\">\u0642\u0645\u0627\u0634 \u062d\u064a\u0627\u0643\u0629 \u0645\u0631\u0646\u00a0<\/span><\/li>\n<li><span style=\"color: #000000;\">\u0623\u0644\u064a\u0627\u0641<\/span><\/li>\n<li><span style=\"color: #000000;\">\u0646\u0638\u0627\u0645 \u062a\u0647\u0648\u064a\u0629 \u0645\u0636\u0645\u0648\u0646<\/span><\/li>\n<li><span style=\"color: #000000;\">\u0648\u062c\u0647\u0627\u0646 \u0644\u0644\u0646\u0648\u0645<\/span><\/li>\n<li><span style=\"color: #000000;\">\u0636\u0645\u0627\u0646 \u0644\u0645\u062f\u0629 3 \u0633\u0646\u0648\u0627\u062a<\/span><\/li>\n<\/ul>\n<p><img loading=\"lazy\" decoding=\"async\" class=\"alignnone size-medium wp-image-15209\" src=\"\/wp-content\/uploads\/2023\/12\/Prestige-01-300x28.png\" alt=\"\" width=\"300\" height=\"28\" srcset=\"https:\/\/atlasmatelasdz.com\/wp-content\/uploads\/2023\/12\/Prestige-01-300x28.png 300w, https:\/\/atlasmatelasdz.com\/wp-content\/uploads\/2023\/12\/Prestige-01-1024x96.png 1024w, https:\/\/atlasmatelasdz.com\/wp-content\/uploads\/2023\/12\/Prestige-01-768x72.png 768w, https:\/\/atlasmatelasdz.com\/wp-content\/uploads\/2023\/12\/Prestige-01-18x2.png 18w, https:\/\/atlasmatelasdz.com\/wp-content\/uploads\/2023\/12\/Prestige-01-500x47.png 500w, https:\/\/atlasmatelasdz.com\/wp-content\/uploads\/2023\/12\/Prestige-01-936x88.png 936w, https:\/\/atlasmatelasdz.com\/wp-content\/uploads\/2023\/12\/Prestige-01.png 1201w\" sizes=\"auto, (max-width: 300px) 100vw, 300px\" \/><\/p>\n<\/div>","protected":false},"featured_media":13380,"comment_status":"open","ping_status":"closed","template":"","meta":[],"product_brand":[161],"product_cat":[141],"product_tag":[],"class_list":{"0":"post-11611","1":"product","2":"type-product","3":"status-publish","4":"has-post-thumbnail","6":"product_brand-atlas-matelas","7":"product_cat-matelas-a-ressorts-bonnel","9":"first","10":"instock","11":"shipping-taxable","12":"purchasable","13":"product-type-variable","14":"has-default-attributes"},"jetpack_sharing_enabled":true,"_links":{"self":[{"href":"https:\/\/atlasmatelasdz.com\/ar\/wp-json\/wp\/v2\/product\/11611","targetHints":{"allow":["GET"]}}],"collection":[{"href":"https:\/\/atlasmatelasdz.com\/ar\/wp-json\/wp\/v2\/product"}],"about":[{"href":"https:\/\/atlasmatelasdz.com\/ar\/wp-json\/wp\/v2\/types\/product"}],"replies":[{"embeddable":true,"href":"https:\/\/atlasmatelasdz.com\/ar\/wp-json\/wp\/v2\/comments?post=11611"}],"version-history":[{"count":32,"href":"https:\/\/atlasmatelasdz.com\/ar\/wp-json\/wp\/v2\/product\/11611\/revisions"}],"predecessor-version":[{"id":15804,"href":"https:\/\/atlasmatelasdz.com\/ar\/wp-json\/wp\/v2\/product\/11611\/revisions\/15804"}],"wp:featuredmedia":[{"embeddable":true,"href":"https:\/\/atlasmatelasdz.com\/ar\/wp-json\/wp\/v2\/media\/13380"}],"wp:attachment":[{"href":"https:\/\/atlasmatelasdz.com\/ar\/wp-json\/wp\/v2\/media?parent=11611"}],"wp:term":[{"taxonomy":"product_brand","embeddable":true,"href":"https:\/\/atlasmatelasdz.com\/ar\/wp-json\/wp\/v2\/product_brand?post=11611"},{"taxonomy":"product_cat","embeddable":true,"href":"https:\/\/atlasmatelasdz.com\/ar\/wp-json\/wp\/v2\/product_cat?post=11611"},{"taxonomy":"product_tag","embeddable":true,"href":"https:\/\/atlasmatelasdz.com\/ar\/wp-json\/wp\/v2\/product_tag?post=11611"}],"curies":[{"name":"wp","href":"https:\/\/api.w.org\/{rel}","templated":true}]}}