{"id":11665,"date":"2023-12-23T10:11:00","date_gmt":"2023-12-23T09:11:00","guid":{"rendered":"https:\/\/atlasmatelas.dz\/?post_type=product&#038;p=11665"},"modified":"2026-02-08T18:40:27","modified_gmt":"2026-02-08T17:40:27","slug":"tete-de-lit-selene","status":"publish","type":"product","link":"https:\/\/atlasmatelasdz.com\/ar\/product\/tete-de-lit-selene\/","title":{"rendered":"\u0645\u0633\u0646\u062f \u0633\u0631\u064a\u0631 \u0633\u064a\u0644\u064a\u0646"},"content":{"rendered":"<div data-elementor-type=\"wp-post\" data-elementor-id=\"11665\" class=\"elementor elementor-11665\" data-elementor-settings=\"[]\">\n\t\t\t\t\t\t\t<div class=\"elementor-section-wrap\">\n\t\t\t\t\t\t\t<section class=\"elementor-section elementor-top-section elementor-element elementor-element-8c51b7f elementor-section-boxed elementor-section-height-default elementor-section-height-default qodef-elementor-content-no\" data-id=\"8c51b7f\" data-element_type=\"section\">\n\t\t\t\t\t\t<div class=\"elementor-container elementor-column-gap-default\">\n\t\t\t\t\t<div class=\"elementor-column elementor-col-100 elementor-top-column elementor-element elementor-element-492123a\" data-id=\"492123a\" data-element_type=\"column\">\n\t\t\t<div class=\"elementor-widget-wrap elementor-element-populated\">\n\t\t\t\t\t\t\t\t<div class=\"elementor-element elementor-element-743d696 elementor-widget elementor-widget-text-editor\" data-id=\"743d696\" data-element_type=\"widget\" data-widget_type=\"text-editor.default\">\n\t\t\t\t<div class=\"elementor-widget-container\">\n\t\t\t<style>\/*! elementor - v3.5.0 - 12-12-2021 *\/\n.elementor-widget-text-editor.elementor-drop-cap-view-stacked .elementor-drop-cap{background-color:#818a91;color:#fff}.elementor-widget-text-editor.elementor-drop-cap-view-framed .elementor-drop-cap{color:#818a91;border:3px solid;background-color:transparent}.elementor-widget-text-editor:not(.elementor-drop-cap-view-default) .elementor-drop-cap{margin-top:8px}.elementor-widget-text-editor:not(.elementor-drop-cap-view-default) .elementor-drop-cap-letter{width:1em;height:1em}.elementor-widget-text-editor .elementor-drop-cap{float:left;text-align:center;line-height:1;font-size:50px}.elementor-widget-text-editor .elementor-drop-cap-letter{display:inline-block}<\/style>\t\t\t\t\t\t\t\t\t\t<\/div>\n\t\t\t\t<\/div>\n\t\t\t\t\t<\/div>\n\t\t<\/div>\n\t\t\t\t\t\t\t<\/div>\n\t\t<\/section>\n\t\t\t\t<section class=\"elementor-section elementor-top-section elementor-element elementor-element-466f6e8 elementor-section-boxed elementor-section-height-default elementor-section-height-default qodef-elementor-content-no\" data-id=\"466f6e8\" data-element_type=\"section\">\n\t\t\t\t\t\t<div class=\"elementor-container elementor-column-gap-default\">\n\t\t\t\t\t<div class=\"elementor-column elementor-col-50 elementor-top-column elementor-element elementor-element-c5d7714\" data-id=\"c5d7714\" data-element_type=\"column\">\n\t\t\t<div class=\"elementor-widget-wrap elementor-element-populated\">\n\t\t\t\t\t\t\t\t<div class=\"elementor-element elementor-element-38cc737 elementor-widget elementor-widget-heading\" data-id=\"38cc737\" data-element_type=\"widget\" data-widget_type=\"heading.default\">\n\t\t\t\t<div class=\"elementor-widget-container\">\n\t\t\t<style>\/*! elementor - v3.5.0 - 12-12-2021 *\/\n.elementor-heading-title{padding:0;margin:0;line-height:1}.elementor-widget-heading .elementor-heading-title[class*=elementor-size-]>a{color:inherit;font-size:inherit;line-height:inherit}.elementor-widget-heading .elementor-heading-title.elementor-size-small{font-size:15px}.elementor-widget-heading .elementor-heading-title.elementor-size-medium{font-size:19px}.elementor-widget-heading .elementor-heading-title.elementor-size-large{font-size:29px}.elementor-widget-heading .elementor-heading-title.elementor-size-xl{font-size:39px}.elementor-widget-heading .elementor-heading-title.elementor-size-xxl{font-size:59px}<\/style><h3 class=\"elementor-heading-title elementor-size-default\">\u0627\u0644\u0645\u0645\u064a\u0632\u0627\u062a:<\/h3>\t\t<\/div>\n\t\t\t\t<\/div>\n\t\t\t\t<div class=\"elementor-element elementor-element-686cbf2 elementor-widget elementor-widget-text-editor\" data-id=\"686cbf2\" data-element_type=\"widget\" data-widget_type=\"text-editor.default\">\n\t\t\t\t<div class=\"elementor-widget-container\">\n\t\t\t\t\t\t\t<ul><li data-start=\"171\" data-end=\"262\"><strong data-start=\"171\" data-end=\"198\">Forme moderne et \u00e9pur\u00e9e<\/strong>, parfaite pour sublimer les chambres \u00e0 la d\u00e9coration soign\u00e9e.<\/li><li data-start=\"171\" data-end=\"262\"><strong data-start=\"265\" data-end=\"289\">Rembourrage g\u00e9n\u00e9reux<\/strong>, assurant un soutien confortable lors des moments de repos ou de lecture.<\/li><li data-start=\"368\" data-end=\"480\"><strong data-start=\"368\" data-end=\"393\">Rev\u00eatement de qualit\u00e9<\/strong>, facile \u00e0 entretenir et con\u00e7u pour r\u00e9sister aux contraintes climatiques alg\u00e9riennes.<\/li><li data-start=\"483\" data-end=\"581\"><strong data-start=\"483\" data-end=\"517\">Structure stable et r\u00e9sistante<\/strong>, fabriqu\u00e9e pour offrir une durabilit\u00e9 maximale dans le temps.<\/li><li data-start=\"584\" data-end=\"710\"><strong data-start=\"584\" data-end=\"613\">Compatibilit\u00e9 universelle<\/strong>, adapt\u00e9e aux dimensions standards des sommiers en Alg\u00e9rie pour une installation sans difficult\u00e9.<\/li><\/ul>\t\t\t\t\t\t<\/div>\n\t\t\t\t<\/div>\n\t\t\t\t\t<\/div>\n\t\t<\/div>\n\t\t\t\t<div class=\"elementor-column elementor-col-50 elementor-top-column elementor-element elementor-element-057858a\" data-id=\"057858a\" data-element_type=\"column\">\n\t\t\t<div class=\"elementor-widget-wrap elementor-element-populated\">\n\t\t\t\t\t\t\t\t<div class=\"elementor-element elementor-element-bc60e7a elementor-widget elementor-widget-heading\" data-id=\"bc60e7a\" data-element_type=\"widget\" data-widget_type=\"heading.default\">\n\t\t\t\t<div class=\"elementor-widget-container\">\n\t\t\t<h3 class=\"elementor-heading-title elementor-size-default\">\u0627\u0644\u0645\u0642\u0627\u0633\u0627\u062a \u0627\u0644\u0645\u062a\u0648\u0641\u0631\u0629 <\/h3>\t\t<\/div>\n\t\t\t\t<\/div>\n\t\t\t\t<div class=\"elementor-element elementor-element-5a9edfc elementor-widget elementor-widget-text-editor\" data-id=\"5a9edfc\" data-element_type=\"widget\" data-widget_type=\"text-editor.default\">\n\t\t\t\t<div class=\"elementor-widget-container\">\n\t\t\t\t\t\t\t<ul><li>90 cm x 120 cm \u2013 Lit une place<\/li><li>120 cm x 120 cm \u2013 Lit une place et demie<\/li><li>140 cm x 120 cm \u2013 Lit double<\/li><li>160 cm x 120 cm \u2013 Queen size<\/li><li>180 cm x 120 cm \u2013 King size<\/li><\/ul>\t\t\t\t\t\t<\/div>\n\t\t\t\t<\/div>\n\t\t\t\t\t<\/div>\n\t\t<\/div>\n\t\t\t\t\t\t\t<\/div>\n\t\t<\/section>\n\t\t\t\t<section class=\"elementor-section elementor-top-section elementor-element elementor-element-b7c2900 elementor-section-boxed elementor-section-height-default elementor-section-height-default qodef-elementor-content-no\" data-id=\"b7c2900\" data-element_type=\"section\">\n\t\t\t\t\t\t<div class=\"elementor-container elementor-column-gap-default\">\n\t\t\t\t\t<div class=\"elementor-column elementor-col-50 elementor-top-column elementor-element elementor-element-fc4bd40\" data-id=\"fc4bd40\" data-element_type=\"column\">\n\t\t\t<div class=\"elementor-widget-wrap elementor-element-populated\">\n\t\t\t\t\t\t\t\t<div class=\"elementor-element elementor-element-f023297 elementor-widget elementor-widget-heading\" data-id=\"f023297\" data-element_type=\"widget\" data-widget_type=\"heading.default\">\n\t\t\t\t<div class=\"elementor-widget-container\">\n\t\t\t<h3 class=\"elementor-heading-title elementor-size-default\">Pourquoi choisir la t\u00eate de lit s\u00e9l\u00e8ne ?<\/h3>\t\t<\/div>\n\t\t\t\t<\/div>\n\t\t\t\t<div class=\"elementor-element elementor-element-512beeb elementor-widget elementor-widget-text-editor\" data-id=\"512beeb\" data-element_type=\"widget\" data-widget_type=\"text-editor.default\">\n\t\t\t\t<div class=\"elementor-widget-container\">\n\t\t\t\t\t\t\t<ul><li><strong data-start=\"117\" data-end=\"136\">Confort optimal<\/strong> : Garnissage souple et agr\u00e9able, parfait pour vous appuyer lors de vos instants de d\u00e9tente ou de lecture.<\/li><li><strong data-start=\"245\" data-end=\"263\">Design raffin\u00e9<\/strong> : Ligne \u00e9l\u00e9gante et discr\u00e8te qui valorise la d\u00e9coration de votre chambre avec sobri\u00e9t\u00e9.<\/li><li><strong data-start=\"354\" data-end=\"376\" data-is-only-node=\"\">Entretien pratique<\/strong> : Rev\u00eatement durable, con\u00e7u pour r\u00e9sister aux taches et facile \u00e0 nettoyer au quotidien.<\/li><\/ul>\t\t\t\t\t\t<\/div>\n\t\t\t\t<\/div>\n\t\t\t\t\t<\/div>\n\t\t<\/div>\n\t\t\t\t<div class=\"elementor-column elementor-col-50 elementor-top-column elementor-element elementor-element-ff6da0b\" data-id=\"ff6da0b\" data-element_type=\"column\">\n\t\t\t<div class=\"elementor-widget-wrap elementor-element-populated\">\n\t\t\t\t\t\t\t\t<div class=\"elementor-element elementor-element-6a21498 elementor-widget elementor-widget-heading\" data-id=\"6a21498\" data-element_type=\"widget\" data-widget_type=\"heading.default\">\n\t\t\t\t<div class=\"elementor-widget-container\">\n\t\t\t<h3 class=\"elementor-heading-title elementor-size-default\">\u0627\u0644\u0627\u0633\u062a\u062e\u062f\u0627\u0645 \u0648\u0627\u0644\u062a\u0648\u0627\u0641\u0642<\/h3>\t\t<\/div>\n\t\t\t\t<\/div>\n\t\t\t\t<div class=\"elementor-element elementor-element-6ba38ff elementor-widget elementor-widget-text-editor\" data-id=\"6ba38ff\" data-element_type=\"widget\" data-widget_type=\"text-editor.default\">\n\t\t\t\t<div class=\"elementor-widget-container\">\n\t\t\t\t\t\t\t<p>Parfaite pour les espaces modernes comme les chambres, h\u00f4tels ou r\u00e9sidences, la t\u00eate de lit S\u00e9l\u00e8ne combine design et fonctionnalit\u00e9. Compatible avec les <a href=\"\/ar\/product-category\/sommiers-lits\/\"><strong>\u0623\u0633\u0631\u0629 \u0623\u0637\u0644\u0633 \u0644\u0644\u0645\u0631\u0627\u062a\u0628<\/strong><\/a> d\u2019Alg\u00e9rie et d\u2019autres marques, elle s\u2019installe facilement gr\u00e2ce \u00e0 ses fixations universelles.<\/p>\t\t\t\t\t\t<\/div>\n\t\t\t\t<\/div>\n\t\t\t\t\t<\/div>\n\t\t<\/div>\n\t\t\t\t\t\t\t<\/div>\n\t\t<\/section>\n\t\t\t\t<section class=\"elementor-section elementor-top-section elementor-element elementor-element-b599a5a elementor-section-boxed elementor-section-height-default elementor-section-height-default qodef-elementor-content-no\" data-id=\"b599a5a\" data-element_type=\"section\">\n\t\t\t\t\t\t<div class=\"elementor-container elementor-column-gap-default\">\n\t\t\t\t\t<div class=\"elementor-column elementor-col-100 elementor-top-column elementor-element elementor-element-6b3e0c0\" data-id=\"6b3e0c0\" data-element_type=\"column\">\n\t\t\t<div class=\"elementor-widget-wrap elementor-element-populated\">\n\t\t\t\t\t\t\t\t<div class=\"elementor-element elementor-element-b0adc7d elementor-widget elementor-widget-heading\" data-id=\"b0adc7d\" data-element_type=\"widget\" data-widget_type=\"heading.default\">\n\t\t\t\t<div class=\"elementor-widget-container\">\n\t\t\t<h2 class=\"elementor-heading-title elementor-size-default\">\u062a\u0635\u0645\u064a\u0645 \u062d\u0633\u0628 \u0627\u0644\u0637\u0644\u0628<\/h2>\t\t<\/div>\n\t\t\t\t<\/div>\n\t\t\t\t<div class=\"elementor-element elementor-element-e601a47 elementor-widget elementor-widget-text-editor\" data-id=\"e601a47\" data-element_type=\"widget\" data-widget_type=\"text-editor.default\">\n\t\t\t\t<div class=\"elementor-widget-container\">\n\t\t\t\t\t\t\t<p data-start=\"94\" data-end=\"457\"><strong>\u0623\u0637\u0644\u0633 \u0644\u0644\u0645\u0631\u0627\u062a\u0628<\/strong> d\u2019Alg\u00e9rie vous invite \u00e0 personnaliser votre <strong>t\u00eate de lit S\u00e9l\u00e8ne<\/strong> selon vos pr\u00e9f\u00e9rences et les dimensions de votre lit. S\u00e9lectionnez parmi une vaste gamme de tissus et de formats pour concevoir un mod\u00e8le unique, parfaitement adapt\u00e9 \u00e0 votre int\u00e9rieur. Chaque t\u00eate de lit est r\u00e9alis\u00e9e sur mesure pour allier harmonieusement style, confort et praticit\u00e9.<\/p>\t\t\t\t\t\t<\/div>\n\t\t\t\t<\/div>\n\t\t\t\t\t<\/div>\n\t\t<\/div>\n\t\t\t\t\t\t\t<\/div>\n\t\t<\/section>\n\t\t\t\t\t\t<\/div>\n\t\t\t\t\t<\/div>","protected":false},"excerpt":{"rendered":"<p>Atlas Matelas d&rsquo;Alg\u00e9rie vous propose la t\u00eate de lit S\u00e9l\u00e8ne : <strong>un mod\u00e8le personnalisable<\/strong> au design \u00e9pur\u00e9, compatible avec la plupart des lits et id\u00e9al pour une d\u00e9coration int\u00e9rieure contemporaine. Sa structure robuste garantit une excellente durabilit\u00e9 dans le temps.\u00a0\u00bb<\/p>","protected":false},"featured_media":16305,"comment_status":"open","ping_status":"closed","template":"","meta":[],"product_brand":[161],"product_cat":[164],"product_tag":[],"class_list":{"0":"post-11665","1":"product","2":"type-product","3":"status-publish","4":"has-post-thumbnail","6":"product_brand-atlas-matelas","7":"product_cat-tetes-de-lit","9":"first","10":"instock","11":"shipping-taxable","12":"purchasable","13":"product-type-variable","14":"has-default-attributes"},"jetpack_sharing_enabled":true,"_links":{"self":[{"href":"https:\/\/atlasmatelasdz.com\/ar\/wp-json\/wp\/v2\/product\/11665","targetHints":{"allow":["GET"]}}],"collection":[{"href":"https:\/\/atlasmatelasdz.com\/ar\/wp-json\/wp\/v2\/product"}],"about":[{"href":"https:\/\/atlasmatelasdz.com\/ar\/wp-json\/wp\/v2\/types\/product"}],"replies":[{"embeddable":true,"href":"https:\/\/atlasmatelasdz.com\/ar\/wp-json\/wp\/v2\/comments?post=11665"}],"version-history":[{"count":11,"href":"https:\/\/atlasmatelasdz.com\/ar\/wp-json\/wp\/v2\/product\/11665\/revisions"}],"predecessor-version":[{"id":18155,"href":"https:\/\/atlasmatelasdz.com\/ar\/wp-json\/wp\/v2\/product\/11665\/revisions\/18155"}],"wp:featuredmedia":[{"embeddable":true,"href":"https:\/\/atlasmatelasdz.com\/ar\/wp-json\/wp\/v2\/media\/16305"}],"wp:attachment":[{"href":"https:\/\/atlasmatelasdz.com\/ar\/wp-json\/wp\/v2\/media?parent=11665"}],"wp:term":[{"taxonomy":"product_brand","embeddable":true,"href":"https:\/\/atlasmatelasdz.com\/ar\/wp-json\/wp\/v2\/product_brand?post=11665"},{"taxonomy":"product_cat","embeddable":true,"href":"https:\/\/atlasmatelasdz.com\/ar\/wp-json\/wp\/v2\/product_cat?post=11665"},{"taxonomy":"product_tag","embeddable":true,"href":"https:\/\/atlasmatelasdz.com\/ar\/wp-json\/wp\/v2\/product_tag?post=11665"}],"curies":[{"name":"wp","href":"https:\/\/api.w.org\/{rel}","templated":true}]}}