{"id":11686,"date":"2023-12-23T10:06:04","date_gmt":"2023-12-23T09:06:04","guid":{"rendered":"https:\/\/atlasmatelas.dz\/?post_type=product&#038;p=11686"},"modified":"2026-05-01T00:02:56","modified_gmt":"2026-04-30T23:02:56","slug":"tete-de-lit-mansourah","status":"publish","type":"product","link":"https:\/\/atlasmatelasdz.com\/ar\/product\/tete-de-lit-mansourah\/","title":{"rendered":"\u0645\u0633\u0646\u062f \u0633\u0631\u064a\u0631 \u0645\u0646\u0635\u0648\u0631\u0629"},"content":{"rendered":"<div data-elementor-type=\"wp-post\" data-elementor-id=\"11686\" class=\"elementor elementor-11686\" data-elementor-settings=\"[]\">\n\t\t\t\t\t\t\t<div class=\"elementor-section-wrap\">\n\t\t\t\t\t\t\t<section class=\"elementor-section elementor-top-section elementor-element elementor-element-8c51b7f elementor-section-boxed elementor-section-height-default elementor-section-height-default qodef-elementor-content-no\" data-id=\"8c51b7f\" data-element_type=\"section\">\n\t\t\t\t\t\t<div class=\"elementor-container elementor-column-gap-default\">\n\t\t\t\t\t<div class=\"elementor-column elementor-col-100 elementor-top-column elementor-element elementor-element-492123a\" data-id=\"492123a\" data-element_type=\"column\">\n\t\t\t<div class=\"elementor-widget-wrap elementor-element-populated\">\n\t\t\t\t\t\t\t\t<div class=\"elementor-element elementor-element-743d696 elementor-widget elementor-widget-text-editor\" data-id=\"743d696\" data-element_type=\"widget\" data-widget_type=\"text-editor.default\">\n\t\t\t\t<div class=\"elementor-widget-container\">\n\t\t\t<style>\/*! elementor - v3.5.0 - 12-12-2021 *\/\n.elementor-widget-text-editor.elementor-drop-cap-view-stacked .elementor-drop-cap{background-color:#818a91;color:#fff}.elementor-widget-text-editor.elementor-drop-cap-view-framed .elementor-drop-cap{color:#818a91;border:3px solid;background-color:transparent}.elementor-widget-text-editor:not(.elementor-drop-cap-view-default) .elementor-drop-cap{margin-top:8px}.elementor-widget-text-editor:not(.elementor-drop-cap-view-default) .elementor-drop-cap-letter{width:1em;height:1em}.elementor-widget-text-editor .elementor-drop-cap{float:left;text-align:center;line-height:1;font-size:50px}.elementor-widget-text-editor .elementor-drop-cap-letter{display:inline-block}<\/style>\t\t\t\t\t\t\t\t\t\t<\/div>\n\t\t\t\t<\/div>\n\t\t\t\t\t<\/div>\n\t\t<\/div>\n\t\t\t\t\t\t\t<\/div>\n\t\t<\/section>\n\t\t\t\t<section class=\"elementor-section elementor-top-section elementor-element elementor-element-3f0566e elementor-section-boxed elementor-section-height-default elementor-section-height-default qodef-elementor-content-no\" data-id=\"3f0566e\" data-element_type=\"section\">\n\t\t\t\t\t\t<div class=\"elementor-container elementor-column-gap-default\">\n\t\t\t\t\t<div class=\"elementor-column elementor-col-50 elementor-top-column elementor-element elementor-element-a60538c\" data-id=\"a60538c\" data-element_type=\"column\">\n\t\t\t<div class=\"elementor-widget-wrap elementor-element-populated\">\n\t\t\t\t\t\t\t\t<div class=\"elementor-element elementor-element-9c48160 elementor-widget elementor-widget-heading\" data-id=\"9c48160\" data-element_type=\"widget\" data-widget_type=\"heading.default\">\n\t\t\t\t<div class=\"elementor-widget-container\">\n\t\t\t<style>\/*! elementor - v3.5.0 - 12-12-2021 *\/\n.elementor-heading-title{padding:0;margin:0;line-height:1}.elementor-widget-heading .elementor-heading-title[class*=elementor-size-]>a{color:inherit;font-size:inherit;line-height:inherit}.elementor-widget-heading .elementor-heading-title.elementor-size-small{font-size:15px}.elementor-widget-heading .elementor-heading-title.elementor-size-medium{font-size:19px}.elementor-widget-heading .elementor-heading-title.elementor-size-large{font-size:29px}.elementor-widget-heading .elementor-heading-title.elementor-size-xl{font-size:39px}.elementor-widget-heading .elementor-heading-title.elementor-size-xxl{font-size:59px}<\/style><h3 class=\"elementor-heading-title elementor-size-default\">\u0627\u0644\u0645\u0645\u064a\u0632\u0627\u062a:<\/h3>\t\t<\/div>\n\t\t\t\t<\/div>\n\t\t\t\t<div class=\"elementor-element elementor-element-caee93e elementor-widget elementor-widget-text-editor\" data-id=\"caee93e\" data-element_type=\"widget\" data-widget_type=\"text-editor.default\">\n\t\t\t\t<div class=\"elementor-widget-container\">\n\t\t\t\t\t\t\t<ul><li data-start=\"158\" data-end=\"257\">Une silhouette \u00e9l\u00e9gante qui apporte <strong>une ambiance moderne<\/strong> et accueillante \u00e0 votre espace nuit.<\/li><li data-start=\"158\" data-end=\"257\"><strong>Un matelassage confortable<\/strong>, id\u00e9al pour profiter d\u2019un bon maintien en position assise, que ce soit pour lire ou se d\u00e9tendre.<\/li><li data-start=\"158\" data-end=\"257\"><strong>Un rev\u00eatement r\u00e9sistant aux taches<\/strong> et facile \u00e0 entretenir, con\u00e7u pour s\u2019adapter aux r\u00e9alit\u00e9s du quotidien en Alg\u00e9rie.<\/li><li data-start=\"158\" data-end=\"257\"><strong>Une structure durable<\/strong>, fabriqu\u00e9e avec soin pour offrir stabilit\u00e9 et long\u00e9vit\u00e9 au fil du temps.<\/li><li data-start=\"158\" data-end=\"257\">S\u2019installe ais\u00e9ment sur la plupart des sommiers disponibles en Alg\u00e9rie gr\u00e2ce \u00e0 <strong>sa compatibilit\u00e9 \u00e9tendue.<\/strong><\/li><\/ul>\t\t\t\t\t\t<\/div>\n\t\t\t\t<\/div>\n\t\t\t\t\t<\/div>\n\t\t<\/div>\n\t\t\t\t<div class=\"elementor-column elementor-col-50 elementor-top-column elementor-element elementor-element-394b3ad\" data-id=\"394b3ad\" data-element_type=\"column\">\n\t\t\t<div class=\"elementor-widget-wrap elementor-element-populated\">\n\t\t\t\t\t\t\t\t<div class=\"elementor-element elementor-element-501a7b4 elementor-widget elementor-widget-heading\" data-id=\"501a7b4\" data-element_type=\"widget\" data-widget_type=\"heading.default\">\n\t\t\t\t<div class=\"elementor-widget-container\">\n\t\t\t<h3 class=\"elementor-heading-title elementor-size-default\">\u0627\u0644\u0645\u0642\u0627\u0633\u0627\u062a \u0627\u0644\u0645\u062a\u0648\u0641\u0631\u0629 <\/h3>\t\t<\/div>\n\t\t\t\t<\/div>\n\t\t\t\t<div class=\"elementor-element elementor-element-34784cb elementor-widget elementor-widget-text-editor\" data-id=\"34784cb\" data-element_type=\"widget\" data-widget_type=\"text-editor.default\">\n\t\t\t\t<div class=\"elementor-widget-container\">\n\t\t\t\t\t\t\t<ul><li>90 cm x140 cm \u2013 Lit une place<\/li><li>120 cm x140 cm \u2013 Lit une place et demie<\/li><li>140 cm x140 cm \u2013 Lit double<\/li><li>160 cm x140 cm \u2013 Queen size<\/li><li>180 cm x140 cm \u2013 King size<\/li><\/ul>\t\t\t\t\t\t<\/div>\n\t\t\t\t<\/div>\n\t\t\t\t\t<\/div>\n\t\t<\/div>\n\t\t\t\t\t\t\t<\/div>\n\t\t<\/section>\n\t\t\t\t<section class=\"elementor-section elementor-top-section elementor-element elementor-element-7d13be7 elementor-section-boxed elementor-section-height-default elementor-section-height-default qodef-elementor-content-no\" data-id=\"7d13be7\" data-element_type=\"section\">\n\t\t\t\t\t\t<div class=\"elementor-container elementor-column-gap-default\">\n\t\t\t\t\t<div class=\"elementor-column elementor-col-50 elementor-top-column elementor-element elementor-element-47195a9\" data-id=\"47195a9\" data-element_type=\"column\">\n\t\t\t<div class=\"elementor-widget-wrap elementor-element-populated\">\n\t\t\t\t\t\t\t\t<div class=\"elementor-element elementor-element-6df65ca elementor-widget elementor-widget-heading\" data-id=\"6df65ca\" data-element_type=\"widget\" data-widget_type=\"heading.default\">\n\t\t\t\t<div class=\"elementor-widget-container\">\n\t\t\t<h3 class=\"elementor-heading-title elementor-size-default\">Pourquoi choisir la t\u00eate de lit mansourah?<\/h3>\t\t<\/div>\n\t\t\t\t<\/div>\n\t\t\t\t<div class=\"elementor-element elementor-element-2a05a40 elementor-widget elementor-widget-text-editor\" data-id=\"2a05a40\" data-element_type=\"widget\" data-widget_type=\"text-editor.default\">\n\t\t\t\t<div class=\"elementor-widget-container\">\n\t\t\t\t\t\t\t<ul><li>La t\u00eate de lit Mansourah vous offre un <strong>soutien ergonomique et confortable<\/strong> gr\u00e2ce \u00e0 son rembourrage moelleux.<\/li><li>Fabriqu\u00e9e avec des<strong> mat\u00e9riaux r\u00e9sistants<\/strong> et faciles \u00e0 entretenir, elle est con\u00e7ue pour durer et s\u2019adapter aux conditions de vie en Alg\u00e9rie.<\/li><li><strong>Compatible<\/strong> avec la majorit\u00e9 des sommiers standards vendus sur le march\u00e9 Alg\u00e9rien.<\/li><\/ul>\t\t\t\t\t\t<\/div>\n\t\t\t\t<\/div>\n\t\t\t\t\t<\/div>\n\t\t<\/div>\n\t\t\t\t<div class=\"elementor-column elementor-col-50 elementor-top-column elementor-element elementor-element-00186a8\" data-id=\"00186a8\" data-element_type=\"column\">\n\t\t\t<div class=\"elementor-widget-wrap elementor-element-populated\">\n\t\t\t\t\t\t\t\t<div class=\"elementor-element elementor-element-196f706 elementor-widget elementor-widget-heading\" data-id=\"196f706\" data-element_type=\"widget\" data-widget_type=\"heading.default\">\n\t\t\t\t<div class=\"elementor-widget-container\">\n\t\t\t<h3 class=\"elementor-heading-title elementor-size-default\">\u0627\u0644\u0627\u0633\u062a\u062e\u062f\u0627\u0645 \u0648\u0627\u0644\u062a\u0648\u0627\u0641\u0642<\/h3>\t\t<\/div>\n\t\t\t\t<\/div>\n\t\t\t\t<div class=\"elementor-element elementor-element-b37df75 elementor-widget elementor-widget-text-editor\" data-id=\"b37df75\" data-element_type=\"widget\" data-widget_type=\"text-editor.default\">\n\t\t\t\t<div class=\"elementor-widget-container\">\n\t\t\t\t\t\t\t<p data-start=\"148\" data-end=\"503\">Parfaite pour sublimer les chambres modernes, les h\u00f4tels haut de gamme ou les int\u00e9rieurs \u00e9l\u00e9gants, la t\u00eate de lit Mansourah s\u2019int\u00e8gre ais\u00e9ment dans tout type d\u2019espace. Son syst\u00e8me de fixation polyvalent la rend compatible avec les sommiers<a href=\"\/ar\/product-category\/sommiers-lits\/\"><strong>\u00a0\u0623\u0637\u0644\u0633 \u0644\u0644\u0645\u0631\u0627\u062a\u0628 <\/strong><\/a><span style=\"color: #333333;\">ainsi qu\u2019avec la plupart des structures de lit disponibles en Alg\u00e9rie.<\/span><\/p>\t\t\t\t\t\t<\/div>\n\t\t\t\t<\/div>\n\t\t\t\t\t<\/div>\n\t\t<\/div>\n\t\t\t\t\t\t\t<\/div>\n\t\t<\/section>\n\t\t\t\t<section class=\"elementor-section elementor-top-section elementor-element elementor-element-85f0b0f elementor-section-boxed elementor-section-height-default elementor-section-height-default qodef-elementor-content-no\" data-id=\"85f0b0f\" data-element_type=\"section\">\n\t\t\t\t\t\t<div class=\"elementor-container elementor-column-gap-default\">\n\t\t\t\t\t<div class=\"elementor-column elementor-col-100 elementor-top-column elementor-element elementor-element-2868d9c\" data-id=\"2868d9c\" data-element_type=\"column\">\n\t\t\t<div class=\"elementor-widget-wrap elementor-element-populated\">\n\t\t\t\t\t\t\t\t<div class=\"elementor-element elementor-element-3ee2ed2 elementor-widget elementor-widget-heading\" data-id=\"3ee2ed2\" data-element_type=\"widget\" data-widget_type=\"heading.default\">\n\t\t\t\t<div class=\"elementor-widget-container\">\n\t\t\t<h2 class=\"elementor-heading-title elementor-size-default\">\u062a\u0635\u0645\u064a\u0645 \u062d\u0633\u0628 \u0627\u0644\u0637\u0644\u0628<\/h2>\t\t<\/div>\n\t\t\t\t<\/div>\n\t\t\t\t<div class=\"elementor-element elementor-element-85eff52 elementor-widget elementor-widget-text-editor\" data-id=\"85eff52\" data-element_type=\"widget\" data-widget_type=\"text-editor.default\">\n\t\t\t\t<div class=\"elementor-widget-container\">\n\t\t\t\t\t\t\t<p>\u0645\u0639<strong> t\u00eate de lit Mansourah<\/strong>, <strong>\u0623\u0637\u0644\u0633 \u0644\u0644\u0645\u0631\u0627\u062a\u0628<\/strong> vous donne la libert\u00e9 de cr\u00e9er un mod\u00e8le sur mesure : s\u00e9lectionnez le tissu et les dimensions qui correspondent parfaitement \u00e0 votre chambre. Chaque pi\u00e8ce est fabriqu\u00e9e \u00e0 la demande pour r\u00e9pondre aux go\u00fbts et aux besoins sp\u00e9cifiques de chaque client en Alg\u00e9rie.<\/p>\t\t\t\t\t\t<\/div>\n\t\t\t\t<\/div>\n\t\t\t\t\t<\/div>\n\t\t<\/div>\n\t\t\t\t\t\t\t<\/div>\n\t\t<\/section>\n\t\t\t\t\t\t<\/div>\n\t\t\t\t\t<\/div>","protected":false},"excerpt":{"rendered":"<p>La t\u00eate de lit Mansourah d&rsquo;Atlas Matelas allie <strong>la sophistication et le confort dans un design contemporain. <\/strong>Son rev\u00eatement capitonn\u00e9 et sa structure robuste en font un choix id\u00e9al pour sublimer votre espace nuit, adapt\u00e9e aux int\u00e9rieurs alg\u00e9riens, elle se fixe facilement sur la majorit\u00e9 des sommiers.<\/p>","protected":false},"featured_media":16290,"comment_status":"open","ping_status":"closed","template":"","meta":[],"product_brand":[161],"product_cat":[83,164],"product_tag":[],"class_list":{"0":"post-11686","1":"product","2":"type-product","3":"status-publish","4":"has-post-thumbnail","6":"product_brand-atlas-matelas","7":"product_cat-sommiers-lits","8":"product_cat-tetes-de-lit","10":"first","11":"instock","12":"shipping-taxable","13":"purchasable","14":"product-type-variable","15":"has-default-attributes"},"jetpack_sharing_enabled":true,"_links":{"self":[{"href":"https:\/\/atlasmatelasdz.com\/ar\/wp-json\/wp\/v2\/product\/11686","targetHints":{"allow":["GET"]}}],"collection":[{"href":"https:\/\/atlasmatelasdz.com\/ar\/wp-json\/wp\/v2\/product"}],"about":[{"href":"https:\/\/atlasmatelasdz.com\/ar\/wp-json\/wp\/v2\/types\/product"}],"replies":[{"embeddable":true,"href":"https:\/\/atlasmatelasdz.com\/ar\/wp-json\/wp\/v2\/comments?post=11686"}],"version-history":[{"count":15,"href":"https:\/\/atlasmatelasdz.com\/ar\/wp-json\/wp\/v2\/product\/11686\/revisions"}],"predecessor-version":[{"id":18467,"href":"https:\/\/atlasmatelasdz.com\/ar\/wp-json\/wp\/v2\/product\/11686\/revisions\/18467"}],"wp:featuredmedia":[{"embeddable":true,"href":"https:\/\/atlasmatelasdz.com\/ar\/wp-json\/wp\/v2\/media\/16290"}],"wp:attachment":[{"href":"https:\/\/atlasmatelasdz.com\/ar\/wp-json\/wp\/v2\/media?parent=11686"}],"wp:term":[{"taxonomy":"product_brand","embeddable":true,"href":"https:\/\/atlasmatelasdz.com\/ar\/wp-json\/wp\/v2\/product_brand?post=11686"},{"taxonomy":"product_cat","embeddable":true,"href":"https:\/\/atlasmatelasdz.com\/ar\/wp-json\/wp\/v2\/product_cat?post=11686"},{"taxonomy":"product_tag","embeddable":true,"href":"https:\/\/atlasmatelasdz.com\/ar\/wp-json\/wp\/v2\/product_tag?post=11686"}],"curies":[{"name":"wp","href":"https:\/\/api.w.org\/{rel}","templated":true}]}}