{"id":12782,"date":"2023-12-23T12:00:23","date_gmt":"2023-12-23T11:00:23","guid":{"rendered":"https:\/\/atlas.digitalweb-dz.com\/?post_type=product&#038;p=12782"},"modified":"2026-03-20T00:17:15","modified_gmt":"2026-03-19T23:17:15","slug":"sur-matelas-soft-luxe","status":"publish","type":"product","link":"https:\/\/atlasmatelasdz.com\/ar\/product\/sur-matelas-soft-luxe\/","title":{"rendered":"\u0644\u0628\u0627\u062f \u0646\u0627\u0639\u0645 \u0641\u0627\u062e\u0631 \u0644\u0644\u0645\u0631\u062a\u0628\u0629 (\u0628\u0646\u0648\u0627\u0628\u0636 \u0641\u0631\u062f\u064a\u0629 \u0635\u063a\u064a\u0631\u0629)"},"content":{"rendered":"","protected":false},"excerpt":{"rendered":"<p>\u0647\u0630\u0627 \u0627\u0644\u0644\u0628\u0627\u062f <strong>luxueux de 7 cm<\/strong> a des <strong>\u0628\u0646\u0648\u0627\u0628\u0636 \u0641\u0631\u062f\u064a\u0629 \u0635\u063a\u064a\u0631\u0629<\/strong>. Il contient une couche en <strong>\u0628\u0627\u0644\u0625\u0633\u0641\u0646\u062c \u0627\u0644\u0645\u0631\u0646<\/strong> et une autre en <strong>\u0627\u0644\u0625\u0633\u0641\u0646\u062c \u0627\u0644\u0645\u0631\u064a\u062d\u060c<\/strong> relaxante. Il est recouvert d&rsquo;un tissu de haute qualit\u00e9. La partie inf\u00e9rieure est en tissu antid\u00e9rapant. Cela garantit une bonne fixation sur le matelas.<\/p>\n<p><span style=\"color: #000000;\">\u0648\u0628\u0641\u0636\u0644 \u0627\u0644\u062c\u0645\u0639 \u0628\u064a\u0646 \u0647\u0630\u0647 \u0627\u0644\u0645\u0648\u0627\u062f \u0639\u0627\u0644\u064a\u0629 \u0627\u0644\u062c\u0648\u062f\u0629 \u0648\u0627\u0644\u0645\u062a\u0637\u0648\u0631\u0629 \u0641\u0625\u0646 \u0627\u0633\u062a\u062e\u062f\u0627\u0645 \u0647\u0630\u0627 \u0627\u0644\u0644\u0628\u0627\u062f \u0644\u0644\u0645\u0631\u062a\u0628\u0629 \u064a\u0648\u0641\u0631 \u0627\u0644\u0645\u0632\u0627\u064a\u0627 \u0627\u0644\u062a\u0627\u0644\u064a\u0629:\u00a0<\/span><\/p>\n<ul>\n<li><span style=\"color: #000000;\">\u064a\u0643\u0648\u0646 \u0627\u0644\u0636\u063a\u0637 \u0639\u0644\u0649 \u0623\u062c\u0632\u0627\u0621 \u0627\u0644\u062c\u0633\u0645 \u0627\u0644\u0645\u062e\u062a\u0644\u0641\u0629 \u0645\u062a\u0633\u0627\u0648\u064a\u064b\u0627;<\/span><\/li>\n<li><span style=\"color: #000000;\">\u0627\u0644\u0646\u0648\u0645 \u0627\u0644\u0645\u0633\u062a\u0642\u0644 \u0645\u0636\u0645\u0648\u0646;<\/span><\/li>\n<li><span style=\"color: #000000;\">\u0627\u0644\u062a\u0647\u0648\u064a\u0629 \u0627\u0644\u0645\u062b\u0627\u0644\u064a\u0629;<\/span><\/li>\n<li><span style=\"color: #000000;\">\u062a\u062d\u0633\u064a\u0646 \u0627\u0644\u062f\u0648\u0631\u0629 \u0627\u0644\u062f\u0645\u0648\u064a\u0629.\u00a0<\/span><\/li>\n<\/ul>","protected":false},"featured_media":14795,"comment_status":"open","ping_status":"closed","template":"","meta":[],"product_brand":[161],"product_cat":[67],"product_tag":[183,179,180,182,181],"class_list":{"0":"post-12782","1":"product","2":"type-product","3":"status-publish","4":"has-post-thumbnail","6":"product_brand-atlas-matelas","7":"product_cat-surmatelas","8":"product_tag-base-antiderapante","9":"product_tag-luxe","10":"product_tag-mousse-d30","11":"product_tag-mousse-viscoelastique-a-memoire-de-forme","12":"product_tag-technologie-hybride-a-mini-ressorts-ensaches","14":"first","15":"instock","16":"shipping-taxable","17":"purchasable","18":"product-type-variable"},"jetpack_sharing_enabled":true,"_links":{"self":[{"href":"https:\/\/atlasmatelasdz.com\/ar\/wp-json\/wp\/v2\/product\/12782","targetHints":{"allow":["GET"]}}],"collection":[{"href":"https:\/\/atlasmatelasdz.com\/ar\/wp-json\/wp\/v2\/product"}],"about":[{"href":"https:\/\/atlasmatelasdz.com\/ar\/wp-json\/wp\/v2\/types\/product"}],"replies":[{"embeddable":true,"href":"https:\/\/atlasmatelasdz.com\/ar\/wp-json\/wp\/v2\/comments?post=12782"}],"version-history":[{"count":14,"href":"https:\/\/atlasmatelasdz.com\/ar\/wp-json\/wp\/v2\/product\/12782\/revisions"}],"predecessor-version":[{"id":15813,"href":"https:\/\/atlasmatelasdz.com\/ar\/wp-json\/wp\/v2\/product\/12782\/revisions\/15813"}],"wp:featuredmedia":[{"embeddable":true,"href":"https:\/\/atlasmatelasdz.com\/ar\/wp-json\/wp\/v2\/media\/14795"}],"wp:attachment":[{"href":"https:\/\/atlasmatelasdz.com\/ar\/wp-json\/wp\/v2\/media?parent=12782"}],"wp:term":[{"taxonomy":"product_brand","embeddable":true,"href":"https:\/\/atlasmatelasdz.com\/ar\/wp-json\/wp\/v2\/product_brand?post=12782"},{"taxonomy":"product_cat","embeddable":true,"href":"https:\/\/atlasmatelasdz.com\/ar\/wp-json\/wp\/v2\/product_cat?post=12782"},{"taxonomy":"product_tag","embeddable":true,"href":"https:\/\/atlasmatelasdz.com\/ar\/wp-json\/wp\/v2\/product_tag?post=12782"}],"curies":[{"name":"wp","href":"https:\/\/api.w.org\/{rel}","templated":true}]}}