{"id":13457,"date":"2023-12-23T10:09:59","date_gmt":"2023-12-23T09:09:59","guid":{"rendered":"https:\/\/atlas.digitalweb-dz.com\/?post_type=product&#038;p=13457"},"modified":"2025-11-18T13:08:38","modified_gmt":"2025-11-18T12:08:38","slug":"tete-de-lit-duo","status":"publish","type":"product","link":"https:\/\/atlasmatelasdz.com\/ar\/product\/tete-de-lit-duo\/","title":{"rendered":"\u0645\u0633\u0646\u062f \u0633\u0631\u064a\u0631 \u062b\u0646\u0627\u0626\u064a"},"content":{"rendered":"<div data-elementor-type=\"wp-post\" data-elementor-id=\"13457\" class=\"elementor elementor-13457\" data-elementor-settings=\"[]\">\n\t\t\t\t\t\t\t<div class=\"elementor-section-wrap\">\n\t\t\t\t\t\t\t<section class=\"elementor-section elementor-top-section elementor-element elementor-element-2dedfed elementor-section-boxed elementor-section-height-default elementor-section-height-default qodef-elementor-content-no\" data-id=\"2dedfed\" data-element_type=\"section\">\n\t\t\t\t\t\t<div class=\"elementor-container elementor-column-gap-default\">\n\t\t\t\t\t<div class=\"elementor-column elementor-col-100 elementor-top-column elementor-element elementor-element-dbf9f03\" data-id=\"dbf9f03\" data-element_type=\"column\">\n\t\t\t<div class=\"elementor-widget-wrap elementor-element-populated\">\n\t\t\t\t\t\t\t\t<div class=\"elementor-element elementor-element-7d9c431 elementor-widget elementor-widget-text-editor\" data-id=\"7d9c431\" data-element_type=\"widget\" data-widget_type=\"text-editor.default\">\n\t\t\t\t<div class=\"elementor-widget-container\">\n\t\t\t<style>\/*! elementor - v3.5.0 - 12-12-2021 *\/\n.elementor-widget-text-editor.elementor-drop-cap-view-stacked .elementor-drop-cap{background-color:#818a91;color:#fff}.elementor-widget-text-editor.elementor-drop-cap-view-framed .elementor-drop-cap{color:#818a91;border:3px solid;background-color:transparent}.elementor-widget-text-editor:not(.elementor-drop-cap-view-default) .elementor-drop-cap{margin-top:8px}.elementor-widget-text-editor:not(.elementor-drop-cap-view-default) .elementor-drop-cap-letter{width:1em;height:1em}.elementor-widget-text-editor .elementor-drop-cap{float:left;text-align:center;line-height:1;font-size:50px}.elementor-widget-text-editor .elementor-drop-cap-letter{display:inline-block}<\/style>\t\t\t\t\t\t\t\t\t\t<\/div>\n\t\t\t\t<\/div>\n\t\t\t\t\t<\/div>\n\t\t<\/div>\n\t\t\t\t\t\t\t<\/div>\n\t\t<\/section>\n\t\t\t\t<section class=\"elementor-section elementor-top-section elementor-element elementor-element-a96e96a elementor-section-boxed elementor-section-height-default elementor-section-height-default qodef-elementor-content-no\" data-id=\"a96e96a\" data-element_type=\"section\">\n\t\t\t\t\t\t<div class=\"elementor-container elementor-column-gap-default\">\n\t\t\t\t\t<div class=\"elementor-column elementor-col-50 elementor-top-column elementor-element elementor-element-54b93a5\" data-id=\"54b93a5\" data-element_type=\"column\">\n\t\t\t<div class=\"elementor-widget-wrap elementor-element-populated\">\n\t\t\t\t\t\t\t\t<div class=\"elementor-element elementor-element-5cbded4 elementor-widget elementor-widget-heading\" data-id=\"5cbded4\" data-element_type=\"widget\" data-widget_type=\"heading.default\">\n\t\t\t\t<div class=\"elementor-widget-container\">\n\t\t\t<style>\/*! elementor - v3.5.0 - 12-12-2021 *\/\n.elementor-heading-title{padding:0;margin:0;line-height:1}.elementor-widget-heading .elementor-heading-title[class*=elementor-size-]>a{color:inherit;font-size:inherit;line-height:inherit}.elementor-widget-heading .elementor-heading-title.elementor-size-small{font-size:15px}.elementor-widget-heading .elementor-heading-title.elementor-size-medium{font-size:19px}.elementor-widget-heading .elementor-heading-title.elementor-size-large{font-size:29px}.elementor-widget-heading .elementor-heading-title.elementor-size-xl{font-size:39px}.elementor-widget-heading .elementor-heading-title.elementor-size-xxl{font-size:59px}<\/style><h3 class=\"elementor-heading-title elementor-size-default\">\u0627\u0644\u0645\u0645\u064a\u0632\u0627\u062a:<\/h3>\t\t<\/div>\n\t\t\t\t<\/div>\n\t\t\t\t<div class=\"elementor-element elementor-element-80a4c91 elementor-widget elementor-widget-text-editor\" data-id=\"80a4c91\" data-element_type=\"widget\" data-widget_type=\"text-editor.default\">\n\t\t\t\t<div class=\"elementor-widget-container\">\n\t\t\t\t\t\t\t<ul><li data-start=\"147\" data-end=\"325\"><strong data-start=\"149\" data-end=\"197\">Design contemporain avec motifs g\u00e9om\u00e9triques <\/strong>afin d&rsquo;apporter une touche moderne et structur\u00e9e \u00e0 votre chambre.<\/li><li data-start=\"147\" data-end=\"325\"><strong data-start=\"329\" data-end=\"364\">Rev\u00eatement capitonn\u00e9 de qualit\u00e9 <\/strong>pour un aspect \u00e9l\u00e9gant et un confort visuel et tactile, id\u00e9al pour cr\u00e9er une ambiance cosy et raffin\u00e9e.<\/li><li data-start=\"473\" data-end=\"636\"><strong data-start=\"475\" data-end=\"518\">Compatible avec la plupart des sommiers <\/strong>pour s\u2019adapter facilement aux lits standards, elle se fixe sans difficult\u00e9 pour une int\u00e9gration harmonieuse.<\/li><li data-start=\"638\" data-end=\"805\"><strong data-start=\"640\" data-end=\"686\">Fabrication locale avec finitions soign\u00e9es <\/strong>par Atlas Matelas en Alg\u00e9rie , elle b\u00e9n\u00e9ficie d\u2019un savoir-faire reconnu et d\u2019un contr\u00f4le qualit\u00e9 rigoureux.<\/li><li data-start=\"807\" data-end=\"970\"><strong data-start=\"809\" data-end=\"847\">Disponible en plusieurs dimensions <\/strong>pour s\u2019ajuster parfaitement \u00e0 votre lit, avec possibilit\u00e9 de personnalisation sur demande.<\/li><\/ul>\t\t\t\t\t\t<\/div>\n\t\t\t\t<\/div>\n\t\t\t\t\t<\/div>\n\t\t<\/div>\n\t\t\t\t<div class=\"elementor-column elementor-col-50 elementor-top-column elementor-element elementor-element-38fba9c\" data-id=\"38fba9c\" data-element_type=\"column\">\n\t\t\t<div class=\"elementor-widget-wrap elementor-element-populated\">\n\t\t\t\t\t\t\t\t<div class=\"elementor-element elementor-element-ac2a8e2 elementor-widget elementor-widget-heading\" data-id=\"ac2a8e2\" data-element_type=\"widget\" data-widget_type=\"heading.default\">\n\t\t\t\t<div class=\"elementor-widget-container\">\n\t\t\t<h3 class=\"elementor-heading-title elementor-size-default\">\u0627\u0644\u0645\u0642\u0627\u0633\u0627\u062a \u0627\u0644\u0645\u062a\u0648\u0641\u0631\u0629 <\/h3>\t\t<\/div>\n\t\t\t\t<\/div>\n\t\t\t\t<div class=\"elementor-element elementor-element-46c545a elementor-widget elementor-widget-text-editor\" data-id=\"46c545a\" data-element_type=\"widget\" data-widget_type=\"text-editor.default\">\n\t\t\t\t<div class=\"elementor-widget-container\">\n\t\t\t\t\t\t\t<ul><li>90 \u0633\u0645 x 120 \u0633\u0645 - \u0633\u0631\u064a\u0631 \u0641\u0631\u062f\u064a<\/li><li>120 \u0633\u0645 x 120 \u0633\u0645 - \u0633\u0631\u064a\u0631 \u0641\u0631\u062f\u064a \u0648\u0627\u0633\u0639<\/li><li>140 \u0633\u0645 x 120 \u0633\u0645 - \u0633\u0631\u064a\u0631 \u0645\u0632\u062f\u0648\u062c<\/li><li>160 \u0633\u0645 x 120 \u0633\u0645 - \u0645\u0642\u0627\u0633 \u0645\u0644\u0643\u0629<\/li><li>180 \u0633\u0645 x 120 \u0633\u0645  - \u0645\u0642\u0627\u0633 \u0645\u0644\u0643\u064a<\/li><\/ul>\t\t\t\t\t\t<\/div>\n\t\t\t\t<\/div>\n\t\t\t\t\t<\/div>\n\t\t<\/div>\n\t\t\t\t\t\t\t<\/div>\n\t\t<\/section>\n\t\t\t\t<section class=\"elementor-section elementor-top-section elementor-element elementor-element-5a0ab9c elementor-section-boxed elementor-section-height-default elementor-section-height-default qodef-elementor-content-no\" data-id=\"5a0ab9c\" data-element_type=\"section\">\n\t\t\t\t\t\t<div class=\"elementor-container elementor-column-gap-default\">\n\t\t\t\t\t<div class=\"elementor-column elementor-col-50 elementor-top-column elementor-element elementor-element-6521d78\" data-id=\"6521d78\" data-element_type=\"column\">\n\t\t\t<div class=\"elementor-widget-wrap elementor-element-populated\">\n\t\t\t\t\t\t\t\t<div class=\"elementor-element elementor-element-f406e59 elementor-widget elementor-widget-heading\" data-id=\"f406e59\" data-element_type=\"widget\" data-widget_type=\"heading.default\">\n\t\t\t\t<div class=\"elementor-widget-container\">\n\t\t\t<h3 class=\"elementor-heading-title elementor-size-default\">Pourquoi choisir la t\u00eate de lit duo?<\/h3>\t\t<\/div>\n\t\t\t\t<\/div>\n\t\t\t\t<div class=\"elementor-element elementor-element-d36dd68 elementor-widget elementor-widget-text-editor\" data-id=\"d36dd68\" data-element_type=\"widget\" data-widget_type=\"text-editor.default\">\n\t\t\t\t<div class=\"elementor-widget-container\">\n\t\t\t\t\t\t\t<ul><li><strong data-start=\"290\" data-end=\"322\">Un confort visuel et tactile<\/strong> gr\u00e2ce \u00e0 son rev\u00eatement capitonn\u00e9 de qualit\u00e9 sup\u00e9rieure.<\/li><li><strong data-start=\"383\" data-end=\"410\">Une installation facile<\/strong> compatible avec la plupart des sommiers classiques.<\/li><li><strong data-start=\"563\" data-end=\"601\">Des finitions pr\u00e9cises et durables<\/strong> pour un meuble qui r\u00e9siste au temps.<\/li><li><strong data-start=\"643\" data-end=\"669\">Des dimensions vari\u00e9es<\/strong> pour s\u2019adapter \u00e0 toutes les configurations de lit.<\/li><\/ul>\t\t\t\t\t\t<\/div>\n\t\t\t\t<\/div>\n\t\t\t\t\t<\/div>\n\t\t<\/div>\n\t\t\t\t<div class=\"elementor-column elementor-col-50 elementor-top-column elementor-element elementor-element-420986c\" data-id=\"420986c\" data-element_type=\"column\">\n\t\t\t<div class=\"elementor-widget-wrap elementor-element-populated\">\n\t\t\t\t\t\t\t\t<div class=\"elementor-element elementor-element-2636996 elementor-widget elementor-widget-heading\" data-id=\"2636996\" data-element_type=\"widget\" data-widget_type=\"heading.default\">\n\t\t\t\t<div class=\"elementor-widget-container\">\n\t\t\t<h3 class=\"elementor-heading-title elementor-size-default\">\u0627\u0644\u0627\u0633\u062a\u062e\u062f\u0627\u0645 \u0648\u0627\u0644\u062a\u0648\u0627\u0641\u0642<\/h3>\t\t<\/div>\n\t\t\t\t<\/div>\n\t\t\t\t<div class=\"elementor-element elementor-element-891375d elementor-widget elementor-widget-text-editor\" data-id=\"891375d\" data-element_type=\"widget\" data-widget_type=\"text-editor.default\">\n\t\t\t\t<div class=\"elementor-widget-container\">\n\t\t\t\t\t\t\t<p>Id\u00e9ale pour les chambres \u00e0 coucher, appartements ou espaces modernes, la t\u00eate de lit Duo s\u2019int\u00e8gre parfaitement \u00e0 tout int\u00e9rieur recherchant \u00e9l\u00e9gance et confort. Gr\u00e2ce \u00e0 ses fixations universelles, elle est compatible avec les <a href=\"\/ar\/product-category\/sommiers-lits\/\"><strong>\u0623\u0633\u0631\u0629 \u0623\u0637\u0644\u0633 \u0644\u0644\u0645\u0631\u0627\u062a\u0628 <\/strong><\/a>ainsi qu\u2019avec la plupart des autres marques<\/p>\t\t\t\t\t\t<\/div>\n\t\t\t\t<\/div>\n\t\t\t\t\t<\/div>\n\t\t<\/div>\n\t\t\t\t\t\t\t<\/div>\n\t\t<\/section>\n\t\t\t\t<section class=\"elementor-section elementor-top-section elementor-element elementor-element-4721c66 elementor-section-boxed elementor-section-height-default elementor-section-height-default qodef-elementor-content-no\" data-id=\"4721c66\" data-element_type=\"section\">\n\t\t\t\t\t\t<div class=\"elementor-container elementor-column-gap-default\">\n\t\t\t\t\t<div class=\"elementor-column elementor-col-100 elementor-top-column elementor-element elementor-element-48b0379\" data-id=\"48b0379\" data-element_type=\"column\">\n\t\t\t<div class=\"elementor-widget-wrap elementor-element-populated\">\n\t\t\t\t\t\t\t\t<div class=\"elementor-element elementor-element-ce92db8 elementor-widget elementor-widget-heading\" data-id=\"ce92db8\" data-element_type=\"widget\" data-widget_type=\"heading.default\">\n\t\t\t\t<div class=\"elementor-widget-container\">\n\t\t\t<h2 class=\"elementor-heading-title elementor-size-default\">\u062a\u0635\u0645\u064a\u0645 \u062d\u0633\u0628 \u0627\u0644\u0637\u0644\u0628<\/h2>\t\t<\/div>\n\t\t\t\t<\/div>\n\t\t\t\t<div class=\"elementor-element elementor-element-ff3e6af elementor-widget elementor-widget-text-editor\" data-id=\"ff3e6af\" data-element_type=\"widget\" data-widget_type=\"text-editor.default\">\n\t\t\t\t<div class=\"elementor-widget-container\">\n\t\t\t\t\t\t\t<p data-start=\"69\" data-end=\"440\"><strong>\u0623\u0637\u0644\u0633 \u0644\u0644\u0645\u0631\u0627\u062a\u0628<\/strong> vous permet de personnaliser votre <strong>t\u00eate de lit Duo<\/strong> selon vos pr\u00e9f\u00e9rences et les dimensions de votre lit. Choisissez parmi un large \u00e9ventail de tissus et de formats pour concevoir un mod\u00e8le unique, en parfaite harmonie avec votre chambre.<\/p><p data-start=\"69\" data-end=\"440\">Chaque t\u00eate de lit est fabriqu\u00e9e sur mesure afin de garantir un \u00e9quilibre id\u00e9al entre design, confort et praticit\u00e9.<\/p>\t\t\t\t\t\t<\/div>\n\t\t\t\t<\/div>\n\t\t\t\t\t<\/div>\n\t\t<\/div>\n\t\t\t\t\t\t\t<\/div>\n\t\t<\/section>\n\t\t\t\t\t\t<\/div>\n\t\t\t\t\t<\/div>","protected":false},"excerpt":{"rendered":"<p>La t\u00eate de lit Duo d\u2019Atlas Matelas s\u00e9duit par son <strong>design moderne et ses lignes g\u00e9om\u00e9triques \u00e9pur\u00e9es<\/strong>.Son rev\u00eatement capitonn\u00e9 apporte une touche d\u2019\u00e9l\u00e9gance \u00e0 votre chambre \u00e0 coucher. Con\u00e7ue pour s\u2019adapter facilement \u00e0 tout type de sommier, elle allie style et praticit\u00e9 au quotidien.<\/p>","protected":false},"featured_media":16320,"comment_status":"open","ping_status":"closed","template":"","meta":[],"product_brand":[161],"product_cat":[83,164],"product_tag":[],"class_list":{"0":"post-13457","1":"product","2":"type-product","3":"status-publish","4":"has-post-thumbnail","6":"product_brand-atlas-matelas","7":"product_cat-sommiers-lits","8":"product_cat-tetes-de-lit","10":"first","11":"instock","12":"shipping-taxable","13":"purchasable","14":"product-type-variable","15":"has-default-attributes"},"jetpack_sharing_enabled":true,"_links":{"self":[{"href":"https:\/\/atlasmatelasdz.com\/ar\/wp-json\/wp\/v2\/product\/13457","targetHints":{"allow":["GET"]}}],"collection":[{"href":"https:\/\/atlasmatelasdz.com\/ar\/wp-json\/wp\/v2\/product"}],"about":[{"href":"https:\/\/atlasmatelasdz.com\/ar\/wp-json\/wp\/v2\/types\/product"}],"replies":[{"embeddable":true,"href":"https:\/\/atlasmatelasdz.com\/ar\/wp-json\/wp\/v2\/comments?post=13457"}],"version-history":[{"count":6,"href":"https:\/\/atlasmatelasdz.com\/ar\/wp-json\/wp\/v2\/product\/13457\/revisions"}],"predecessor-version":[{"id":16331,"href":"https:\/\/atlasmatelasdz.com\/ar\/wp-json\/wp\/v2\/product\/13457\/revisions\/16331"}],"wp:featuredmedia":[{"embeddable":true,"href":"https:\/\/atlasmatelasdz.com\/ar\/wp-json\/wp\/v2\/media\/16320"}],"wp:attachment":[{"href":"https:\/\/atlasmatelasdz.com\/ar\/wp-json\/wp\/v2\/media?parent=13457"}],"wp:term":[{"taxonomy":"product_brand","embeddable":true,"href":"https:\/\/atlasmatelasdz.com\/ar\/wp-json\/wp\/v2\/product_brand?post=13457"},{"taxonomy":"product_cat","embeddable":true,"href":"https:\/\/atlasmatelasdz.com\/ar\/wp-json\/wp\/v2\/product_cat?post=13457"},{"taxonomy":"product_tag","embeddable":true,"href":"https:\/\/atlasmatelasdz.com\/ar\/wp-json\/wp\/v2\/product_tag?post=13457"}],"curies":[{"name":"wp","href":"https:\/\/api.w.org\/{rel}","templated":true}]}}