{"id":14208,"date":"2023-12-21T14:45:25","date_gmt":"2023-12-21T13:45:25","guid":{"rendered":"https:\/\/atlas.digitalweb-dz.com\/?post_type=product&#038;p=14208"},"modified":"2026-04-02T16:49:52","modified_gmt":"2026-04-02T15:49:52","slug":"protege-matelas","status":"publish","type":"product","link":"https:\/\/atlasmatelasdz.com\/ar\/product\/protege-matelas\/","title":{"rendered":"\u063a\u0637\u0627\u0621 \u0645\u0631\u0627\u062a\u0628 \u0645\u0636\u0627\u062f \u0644\u0644\u0645\u0627\u0621"},"content":{"rendered":"<p>Donnez \u00e0 votre literie une bonne protection avec notre prot\u00e8ge-matelas qui est imperm\u00e9able, souple et hypoallerg\u00e9nique. Fait avec un tissu doux de polyester de 300g\/m\u00b2 et une base en PVC forte, il arr\u00ea\u034fte \u034fl&rsquo;hum\u034fidit\u00e9, la sueur et les liqu\u034fides de rentre\u034fr t\u034fout en laissant pass\u034fer l&rsquo;air pour un grand confort. Sa forme housse ajustement facilemen\u034ft \u00e0 toutes le\u034fs hauteurs de matelas gr\u00e2\u034fce \u00e0 une b\u034fande \u00e9lastiqu\u034fe, ce gui assurant un bon maintien sans faux plies. Si\u034flencieux, lavable et fort, ce prot\u00e8ge-matelas haut de gamme prolonge la vie de votre matelas tout en vous offrant nuit s\u034faine et sereine. Parfait pour les gen\u034fs avec des allergies, il est choix parfait pour sommeil hygi\u034f\u00e9nique et confortable. Bon compl\u00e9ment aux housses mats, ce qui garenne une bonne hygi\u00e8ne et une garde\u034f longu\u034fe dur\u00e9e.<\/p>","protected":false},"excerpt":{"rendered":"<p><span style=\"color: #000000;\">\u0648\u0641\u0651\u0631 \u063a\u0637\u0627\u0621 \u0627\u0644\u0645\u0631\u062a\u0628\u0629 \u0644\u062f\u064a\u0646\u0627 \u062d\u0645\u0627\u064a\u0629 \u0641\u0639\u0651\u0627\u0644\u0629 \u0644\u0644\u0645\u0631\u062a\u0628\u0629 (\u0635\u0627\u0645\u062a)<\/span><br \/>\n<span style=\"color: #000000;\">\u27a1\ufe0f \u0645\u0635\u0646\u0648\u0639 \u0645\u0646 \u0642\u0645\u0627\u0634 \u0628\u0648\u0644\u064a\u0633\u062a\u0631 \u0646\u0627\u0639\u0645 (300 \u063a\u0631\u0627\u0645) \u0648\u062c\u0632\u0621 \u0633\u0641\u0644\u064a \u0645\u0646 PVC \u0639\u0627\u0644\u064a \u0627\u0644\u062c\u0648\u062f\u0629\u060c\u00a0<\/span><br \/>\n<span style=\"color: #000000;\">\u27a1\ufe0f \u0645\u0642\u0627\u0648\u0645 \u0644\u0644\u0645\u0627\u0621 \u0645\u0639 \u062a\u0646\u0641\u0633 \u0645\u062b\u0627\u0644\u064a (\u064a\u0633\u0645\u062d \u0628\u0645\u0631\u0648\u0631 \u0627\u0644\u0647\u0648\u0627\u0621 \u0648\u064a\u0645\u0646\u0639 \u062a\u0633\u0631\u0628 \u0627\u0644\u0633\u0648\u0627\u0626\u0644)<\/span><br \/>\n<span style=\"color: #000000;\">\u27a1\ufe0f \u064a\u062d\u0645\u064a \u0627\u0644\u0645\u0631\u062a\u0628\u0629 (\u064a\u0645\u062a\u0635 \u0627\u0644\u0631\u0637\u0648\u0628\u0629\u060c \u0627\u0644\u0639\u0631\u0642...)<\/span><br \/>\n<span style=\"color: #000000;\">\u27a1\ufe0f \u0645\u0636\u0627\u062f \u0644\u0644\u062d\u0633\u0627\u0633\u064a\u0629<\/span><br \/>\n<span style=\"color: #000000;\">\u27a1\ufe0f \u0634\u0643\u0644 \u063a\u0637\u0627\u0621<\/span><br \/>\n<span style=\"color: #000000;\">\u27a1\ufe0f \u064a\u062a\u0643\u064a\u0641 \u0645\u0639 \u0627\u0644\u0627\u0631\u062a\u0641\u0627\u0639\u0627\u062a \u0627\u0644\u0645\u062e\u062a\u0644\u0641\u0629 (\u0628\u0641\u0636\u0644 \u0627\u0644\u0634\u0631\u064a\u0637 \u0627\u0644\u0645\u0637\u0627\u0637\u064a \u0627\u0644\u0645\u0633\u0637\u062d \u0627\u0644\u0642\u0627\u0628\u0644 \u0644\u0644\u062a\u0639\u062f\u064a\u0644 \u0628\u0633\u0647\u0648\u0644\u0629)<\/span><br \/>\n<span style=\"color: #000000;\">\u27a1\ufe0f \u0642\u0627\u0628\u0644 \u0644\u0644\u063a\u0633\u0644<\/span><\/p>\n<p><span style=\"color: #000000;\"><em>** \u0645\u0635\u0646\u0648\u0639 \u0645\u0646 \u0642\u0645\u0627\u0634 \u0639\u0627\u0644\u064a \u0627\u0644\u062c\u0648\u062f\u0629\u060c \u0645\u0642\u0627\u0648\u0645 \u0644\u0644\u063a\u0633\u064a\u0644 \u0627\u0644\u0645\u062a\u0643\u0631\u0631<\/em><\/span><\/p>","protected":false},"featured_media":14536,"comment_status":"open","ping_status":"closed","template":"","meta":[],"product_brand":[161],"product_cat":[156],"product_tag":[],"class_list":{"0":"post-14208","1":"product","2":"type-product","3":"status-publish","4":"has-post-thumbnail","6":"product_brand-atlas-matelas","7":"product_cat-drap","9":"first","10":"instock","11":"shipping-taxable","12":"purchasable","13":"product-type-variable"},"jetpack_sharing_enabled":true,"_links":{"self":[{"href":"https:\/\/atlasmatelasdz.com\/ar\/wp-json\/wp\/v2\/product\/14208","targetHints":{"allow":["GET"]}}],"collection":[{"href":"https:\/\/atlasmatelasdz.com\/ar\/wp-json\/wp\/v2\/product"}],"about":[{"href":"https:\/\/atlasmatelasdz.com\/ar\/wp-json\/wp\/v2\/types\/product"}],"replies":[{"embeddable":true,"href":"https:\/\/atlasmatelasdz.com\/ar\/wp-json\/wp\/v2\/comments?post=14208"}],"version-history":[{"count":11,"href":"https:\/\/atlasmatelasdz.com\/ar\/wp-json\/wp\/v2\/product\/14208\/revisions"}],"predecessor-version":[{"id":16401,"href":"https:\/\/atlasmatelasdz.com\/ar\/wp-json\/wp\/v2\/product\/14208\/revisions\/16401"}],"wp:featuredmedia":[{"embeddable":true,"href":"https:\/\/atlasmatelasdz.com\/ar\/wp-json\/wp\/v2\/media\/14536"}],"wp:attachment":[{"href":"https:\/\/atlasmatelasdz.com\/ar\/wp-json\/wp\/v2\/media?parent=14208"}],"wp:term":[{"taxonomy":"product_brand","embeddable":true,"href":"https:\/\/atlasmatelasdz.com\/ar\/wp-json\/wp\/v2\/product_brand?post=14208"},{"taxonomy":"product_cat","embeddable":true,"href":"https:\/\/atlasmatelasdz.com\/ar\/wp-json\/wp\/v2\/product_cat?post=14208"},{"taxonomy":"product_tag","embeddable":true,"href":"https:\/\/atlasmatelasdz.com\/ar\/wp-json\/wp\/v2\/product_tag?post=14208"}],"curies":[{"name":"wp","href":"https:\/\/api.w.org\/{rel}","templated":true}]}}