{"id":14479,"date":"2023-12-23T09:53:03","date_gmt":"2023-12-23T08:53:03","guid":{"rendered":"https:\/\/atlas.digitalweb-dz.com\/?post_type=product&#038;p=14479"},"modified":"2025-11-18T13:09:20","modified_gmt":"2025-11-18T12:09:20","slug":"tete-de-lit-selene-plus","status":"publish","type":"product","link":"https:\/\/atlasmatelasdz.com\/ar\/product\/tete-de-lit-selene-plus\/","title":{"rendered":"\u0645\u0633\u0646\u062f \u0627\u0644\u0633\u0631\u064a\u0631 \u0627\u0644\u0631\u0623\u0633\u064a \u0633\u064a\u0644\u064a\u0646 \u0628\u0644\u0627\u0633"},"content":{"rendered":"<div data-elementor-type=\"wp-post\" data-elementor-id=\"14479\" class=\"elementor elementor-14479\" data-elementor-settings=\"[]\">\n\t\t\t\t\t\t\t<div class=\"elementor-section-wrap\">\n\t\t\t\t\t\t\t<section class=\"elementor-section elementor-top-section elementor-element elementor-element-d896229 elementor-section-boxed elementor-section-height-default elementor-section-height-default qodef-elementor-content-no\" data-id=\"d896229\" data-element_type=\"section\">\n\t\t\t\t\t\t<div class=\"elementor-container elementor-column-gap-default\">\n\t\t\t\t\t<div class=\"elementor-column elementor-col-50 elementor-top-column elementor-element elementor-element-9597150\" data-id=\"9597150\" data-element_type=\"column\">\n\t\t\t<div class=\"elementor-widget-wrap elementor-element-populated\">\n\t\t\t\t\t\t\t\t<div class=\"elementor-element elementor-element-77131e7 elementor-widget elementor-widget-heading\" data-id=\"77131e7\" data-element_type=\"widget\" data-widget_type=\"heading.default\">\n\t\t\t\t<div class=\"elementor-widget-container\">\n\t\t\t<style>\/*! elementor - v3.5.0 - 12-12-2021 *\/\n.elementor-heading-title{padding:0;margin:0;line-height:1}.elementor-widget-heading .elementor-heading-title[class*=elementor-size-]>a{color:inherit;font-size:inherit;line-height:inherit}.elementor-widget-heading .elementor-heading-title.elementor-size-small{font-size:15px}.elementor-widget-heading .elementor-heading-title.elementor-size-medium{font-size:19px}.elementor-widget-heading .elementor-heading-title.elementor-size-large{font-size:29px}.elementor-widget-heading .elementor-heading-title.elementor-size-xl{font-size:39px}.elementor-widget-heading .elementor-heading-title.elementor-size-xxl{font-size:59px}<\/style><h3 class=\"elementor-heading-title elementor-size-default\">\u0627\u0644\u0645\u0645\u064a\u0632\u0627\u062a:<\/h3>\t\t<\/div>\n\t\t\t\t<\/div>\n\t\t\t\t<div class=\"elementor-element elementor-element-a909769 elementor-widget elementor-widget-text-editor\" data-id=\"a909769\" data-element_type=\"widget\" data-widget_type=\"text-editor.default\">\n\t\t\t\t<div class=\"elementor-widget-container\">\n\t\t\t<style>\/*! elementor - v3.5.0 - 12-12-2021 *\/\n.elementor-widget-text-editor.elementor-drop-cap-view-stacked .elementor-drop-cap{background-color:#818a91;color:#fff}.elementor-widget-text-editor.elementor-drop-cap-view-framed .elementor-drop-cap{color:#818a91;border:3px solid;background-color:transparent}.elementor-widget-text-editor:not(.elementor-drop-cap-view-default) .elementor-drop-cap{margin-top:8px}.elementor-widget-text-editor:not(.elementor-drop-cap-view-default) .elementor-drop-cap-letter{width:1em;height:1em}.elementor-widget-text-editor .elementor-drop-cap{float:left;text-align:center;line-height:1;font-size:50px}.elementor-widget-text-editor .elementor-drop-cap-letter{display:inline-block}<\/style>\t\t\t\t<ul><li><strong>\u062a\u0635\u0645\u064a\u0645 \u0631\u0627\u0642\u064a<\/strong> \u064a\u0636\u0641\u064a \u062c\u0648\u0627\u064b \u062f\u0627\u0641\u0626\u0627\u064b \u0648\u0639\u0635\u0631\u064a\u0627\u064b \u0641\u064a \u063a\u0631\u0641\u0629 \u0646\u0648\u0645\u0643.<\/li><li><strong>\u062d\u0634\u0648\u0629 \u0648\u0627\u0633\u0639\u0629<\/strong> \u062a\u0648\u0641\u0631 \u062f\u0639\u0645\u0627\u064b \u0644\u0637\u064a\u0641\u0627\u064b \u0644\u0644\u0642\u0631\u0627\u0621\u0629 \u0623\u0648 \u0627\u0644\u0627\u0633\u062a\u0631\u062e\u0627\u0621 \u0641\u064a \u0648\u0636\u0639\u064a\u0629 \u0627\u0644\u062c\u0644\u0648\u0633.<\/li><li><strong>\u0637\u0628\u0642\u0629 \u062e\u0627\u0631\u062c\u064a\u0629 \u0645\u062a\u064a\u0646\u0629 \u0648\u0633\u0647\u0644\u0629 \u0627\u0644\u062a\u0646\u0638\u064a\u0641<\/strong>\u0645\u0635\u0645\u0645\u0629 \u0644\u062a\u062a\u062d\u0645\u0644 \u0627\u0644\u0638\u0631\u0648\u0641 \u0627\u0644\u064a\u0648\u0645\u064a\u0629 \u0648\u0627\u0644\u0645\u0646\u0627\u062e \u0627\u0644\u062c\u0632\u0627\u0626\u0631\u064a.<\/li><li><strong>\u062a\u0631\u0643\u064a\u0628\u0629 \u0645\u062a\u064a\u0646\u0629 \u0648\u0645\u0648\u062b\u0648\u0642\u0629<\/strong>\u0645\u0635\u0645\u0645\u0629 \u0644\u062a\u0645\u0646\u062d\u0643 \u0646\u0648\u0645\u0627\u064b \u0647\u0646\u064a\u0626\u0627\u064b \u0644\u0633\u0646\u0648\u0627\u062a \u0639\u062f\u064a\u062f\u0629 \u0642\u0627\u062f\u0645\u0629.<\/li><li><strong>\u0645\u062a\u0648\u0627\u0641\u0642 \u0645\u0639 \u0645\u0639\u0638\u0645 \u0642\u0648\u0627\u0639\u062f \u0627\u0644\u0623\u0633\u0631\u0629<\/strong> \u0627\u0644\u0645\u062a\u0648\u0641\u0631\u0629 \u0641\u064a \u0627\u0644\u0633\u0648\u0642 \u0627\u0644\u062c\u0632\u0627\u0626\u0631\u064a\u0629 \u0644\u0644\u062a\u0631\u0643\u064a\u0628 \u0627\u0644\u0633\u0631\u064a\u0639 \u0648\u0627\u0644\u062e\u0627\u0644\u064a \u0645\u0646 \u0627\u0644\u0625\u062c\u0647\u0627\u062f.<\/li><\/ul>\t\t\t\t\t\t<\/div>\n\t\t\t\t<\/div>\n\t\t\t\t\t<\/div>\n\t\t<\/div>\n\t\t\t\t<div class=\"elementor-column elementor-col-50 elementor-top-column elementor-element elementor-element-2359dbf\" data-id=\"2359dbf\" data-element_type=\"column\">\n\t\t\t<div class=\"elementor-widget-wrap elementor-element-populated\">\n\t\t\t\t\t\t\t\t<div class=\"elementor-element elementor-element-f608d0f elementor-widget elementor-widget-heading\" data-id=\"f608d0f\" data-element_type=\"widget\" data-widget_type=\"heading.default\">\n\t\t\t\t<div class=\"elementor-widget-container\">\n\t\t\t<h3 class=\"elementor-heading-title elementor-size-default\">\u0627\u0644\u0645\u0642\u0627\u0633\u0627\u062a \u0627\u0644\u0645\u062a\u0648\u0641\u0631\u0629 <\/h3>\t\t<\/div>\n\t\t\t\t<\/div>\n\t\t\t\t<div class=\"elementor-element elementor-element-b445fac elementor-widget elementor-widget-text-editor\" data-id=\"b445fac\" data-element_type=\"widget\" data-widget_type=\"text-editor.default\">\n\t\t\t\t<div class=\"elementor-widget-container\">\n\t\t\t\t\t\t\t<ul><li>90 cm x140 cm \u2013 Lit une place<\/li><li>120 cm x140 cm \u2013 Lit une place et demie<\/li><li>140 cm x140 cm \u2013 Lit double<\/li><li>160 cm x140 cm \u2013 Queen size<\/li><li>180 cm x140 cm \u2013 King size<\/li><\/ul>\t\t\t\t\t\t<\/div>\n\t\t\t\t<\/div>\n\t\t\t\t\t<\/div>\n\t\t<\/div>\n\t\t\t\t\t\t\t<\/div>\n\t\t<\/section>\n\t\t\t\t<section class=\"elementor-section elementor-top-section elementor-element elementor-element-81f0d12 elementor-section-boxed elementor-section-height-default elementor-section-height-default qodef-elementor-content-no\" data-id=\"81f0d12\" data-element_type=\"section\">\n\t\t\t\t\t\t<div class=\"elementor-container elementor-column-gap-default\">\n\t\t\t\t\t<div class=\"elementor-column elementor-col-50 elementor-top-column elementor-element elementor-element-75fc86a\" data-id=\"75fc86a\" data-element_type=\"column\">\n\t\t\t<div class=\"elementor-widget-wrap elementor-element-populated\">\n\t\t\t\t\t\t\t\t<div class=\"elementor-element elementor-element-0a823df elementor-widget elementor-widget-heading\" data-id=\"0a823df\" data-element_type=\"widget\" data-widget_type=\"heading.default\">\n\t\t\t\t<div class=\"elementor-widget-container\">\n\t\t\t<h3 class=\"elementor-heading-title elementor-size-default\">\u0644\u0645\u0627\u0630\u0627 \u062a\u062e\u062a\u0627\u0631\u064a\u0646 \u0645\u0633\u0646\u062f \u0627\u0644\u0633\u0631\u064a\u0631 \u0627\u0644\u0623\u0645\u0627\u0645\u064a \u0633\u064a\u0644\u064a\u0646 \u0628\u0644\u0633\u061f<\/h3>\t\t<\/div>\n\t\t\t\t<\/div>\n\t\t\t\t<div class=\"elementor-element elementor-element-b56fb59 elementor-widget elementor-widget-text-editor\" data-id=\"b56fb59\" data-element_type=\"widget\" data-widget_type=\"text-editor.default\">\n\t\t\t\t<div class=\"elementor-widget-container\">\n\t\t\t\t\t\t\t<ul><li>\u0628\u0641\u0636\u0644 <strong>\u0627\u0644\u0628\u0637\u0627\u0646\u0629 \u0627\u0644\u0646\u0627\u0639\u0645\u0629<\/strong> \u0641\u0625\u0646\u0647\u0627 \u0645\u0631\u064a\u062d\u0629 \u0648\u0631\u0627\u0626\u0639\u0629\u060c \u062a\u0648\u0641\u0631 \u0644\u0643 \u0625\u0633\u062a\u0631\u062e\u0627\u0621 \u0641\u064a \u0648\u0636\u0639\u064a\u0629 \u0627\u0644\u062c\u0644\u0648\u0633 \u0648 \u062f\u0639\u0627\u0645\u0629 \u0627\u0644\u0645\u0645\u062a\u0627\u0632\u0629.<\/li><li>\u0645\u0638\u0647\u0631\u0647\u0627 \u0627\u0644\u0639\u0635\u0631\u064a \u0648 <strong>\u0627\u0644\u0645\u0641\u0631\u0648\u0634\u0627\u062a \u0627\u0644\u0645\u0628\u0637\u0646\u0629<\/strong> \u062a\u0636\u0641\u064a \u0644\u0645\u0633\u0629 \u0645\u0646 \u0627\u0644\u0631\u0642\u064a \u0639\u0644\u0649 \u0623\u064a \u0637\u0631\u0627\u0632 \u0645\u0646 \u063a\u0631\u0641 \u0627\u0644\u0646\u0648\u0645.<\/li><li>\u0635\u064f\u0646\u0639 <strong>\u0628\u0645\u0648\u0627\u062f \u0639\u0645\u0644\u064a\u0629 \u0648\u062f\u0627\u0626\u0645\u0629<\/strong>\u0645\u0642\u0627\u0648\u0645\u0629 \u0644\u0644\u0628\u0642\u0639 \u0648\u0633\u0647\u0644\u0629 \u0627\u0644\u062a\u0646\u0638\u064a\u0641.<\/li><li>\u0645\u0635\u0645\u0645\u0629 \u0644\u0644\u062f\u064a\u0643\u0648\u0631\u0627\u062a \u0627\u0644\u062f\u0627\u062e\u0644\u064a\u0629 \u0627\u0644\u062c\u0632\u0627\u0626\u0631\u064a\u0629\u060c \u0648\u064a\u0633\u0647\u0644 \u062a\u0643\u064a\u064a\u0641\u0647\u0627 \u0644\u062a\u0646\u0627\u0633\u0628 <strong>\u0642\u0648\u0627\u0639\u062f \u0633\u0631\u064a\u0631 \u0628\u0645\u0642\u0627\u0633\u0627\u062a \u0645\u0639\u062a\u0645\u062f\u0629 \u0641\u064a \u0627\u0644\u0633\u0648\u0642 \u0627\u0644\u0645\u062d\u0644\u064a.<\/strong><\/li><\/ul>\t\t\t\t\t\t<\/div>\n\t\t\t\t<\/div>\n\t\t\t\t\t<\/div>\n\t\t<\/div>\n\t\t\t\t<div class=\"elementor-column elementor-col-50 elementor-top-column elementor-element elementor-element-e5cb2cb\" data-id=\"e5cb2cb\" data-element_type=\"column\">\n\t\t\t<div class=\"elementor-widget-wrap elementor-element-populated\">\n\t\t\t\t\t\t\t\t<div class=\"elementor-element elementor-element-6cf28c7 elementor-widget elementor-widget-heading\" data-id=\"6cf28c7\" data-element_type=\"widget\" data-widget_type=\"heading.default\">\n\t\t\t\t<div class=\"elementor-widget-container\">\n\t\t\t<h3 class=\"elementor-heading-title elementor-size-default\">\u0627\u0644\u0627\u0633\u062a\u062e\u062f\u0627\u0645 \u0648\u0627\u0644\u062a\u0648\u0627\u0641\u0642<\/h3>\t\t<\/div>\n\t\t\t\t<\/div>\n\t\t\t\t<div class=\"elementor-element elementor-element-1450e13 elementor-widget elementor-widget-text-editor\" data-id=\"1450e13\" data-element_type=\"widget\" data-widget_type=\"text-editor.default\">\n\t\t\t\t<div class=\"elementor-widget-container\">\n\t\t\t\t\t\t\t<p data-start=\"148\" data-end=\"503\">\u0645\u0633\u0646\u062f \u0627\u0644\u0633\u0631\u064a\u0631 \u0627\u0644\u0623\u0645\u0627\u0645\u064a \u0633\u064a\u0644\u064a\u0646 \u0628\u0644\u0633   \u0645\u062b\u0627\u0644\u064a \u0644\u063a\u0631\u0641 \u0627\u0644\u0646\u0648\u0645 \u0627\u0644\u0639\u0635\u0631\u064a\u0629\u060c \u0627\u0644\u0623\u062c\u0646\u062d\u0629 \u0627\u0644\u0641\u0646\u062f\u0642\u064a\u0629 \u0623\u0648 \u0627\u0644\u0645\u0633\u0627\u0643\u0646 \u0627\u0644\u0623\u0646\u064a\u0642\u0629\u060c \u0641\u0647\u0648 \u064a\u062a\u0646\u0627\u0633\u0628 \u0628\u0634\u0643\u0644 \u0637\u0628\u064a\u0639\u064a \u0645\u0639 \u0623\u064a \u0645\u0633\u0627\u062d\u0629 \u062a\u062c\u0645\u0639 \u0628\u064a\u0646 \u0627\u0644\u0631\u0627\u062d\u0629 \u0648\u0627\u0644\u0631\u0642\u064a. \u0628\u0641\u0636\u0644 \u0646\u0638\u0627\u0645 \u0627\u0644\u062a\u062b\u0628\u064a\u062a \u0627\u0644\u0630\u064a \u064a\u062a\u0645\u064a\u0632 \u0628\u0633\u0647\u0648\u0644\u0629 \u062a\u0631\u0643\u064a\u0628\u0647 \u0639\u0644\u0649 \u062c\u0645\u064a\u0639 \u0623\u0646\u0648\u0627\u0639 <a href=\"\/ar\/product-category\/sommiers-lits\/\"><strong>\u0623\u0633\u0631\u0629 \u0623\u0637\u0644\u0633 \u0644\u0644\u0645\u0631\u0627\u062a\u0628<\/strong> <span style=\"color: #333333;\">\u0648\u0643\u0630\u0644\u0643 \u0639\u0644\u0649 \u063a\u0627\u0644\u0628\u064a\u0629 \u0627\u0644\u0645\u0648\u062f\u064a\u0644\u0627\u062a \u0627\u0644\u0645\u062a\u0648\u0641\u0631\u0629 \u0641\u064a \u0627\u0644\u0633\u0648\u0642.<\/span><\/a><\/p>\t\t\t\t\t\t<\/div>\n\t\t\t\t<\/div>\n\t\t\t\t\t<\/div>\n\t\t<\/div>\n\t\t\t\t\t\t\t<\/div>\n\t\t<\/section>\n\t\t\t\t<section class=\"elementor-section elementor-top-section elementor-element elementor-element-8b30736 elementor-section-boxed elementor-section-height-default elementor-section-height-default qodef-elementor-content-no\" data-id=\"8b30736\" data-element_type=\"section\">\n\t\t\t\t\t\t<div class=\"elementor-container elementor-column-gap-default\">\n\t\t\t\t\t<div class=\"elementor-column elementor-col-100 elementor-top-column elementor-element elementor-element-a7d1775\" data-id=\"a7d1775\" data-element_type=\"column\">\n\t\t\t<div class=\"elementor-widget-wrap elementor-element-populated\">\n\t\t\t\t\t\t\t\t<div class=\"elementor-element elementor-element-671c7b7 elementor-widget elementor-widget-heading\" data-id=\"671c7b7\" data-element_type=\"widget\" data-widget_type=\"heading.default\">\n\t\t\t\t<div class=\"elementor-widget-container\">\n\t\t\t<h2 class=\"elementor-heading-title elementor-size-default\">\u062a\u0635\u0645\u064a\u0645 \u062d\u0633\u0628 \u0627\u0644\u0637\u0644\u0628<\/h2>\t\t<\/div>\n\t\t\t\t<\/div>\n\t\t\t\t<div class=\"elementor-element elementor-element-1e163f9 elementor-widget elementor-widget-text-editor\" data-id=\"1e163f9\" data-element_type=\"widget\" data-widget_type=\"text-editor.default\">\n\t\t\t\t<div class=\"elementor-widget-container\">\n\t\t\t\t\t\t\t<p><strong>\u0623\u0637\u0644\u0633 \u0644\u0644\u0645\u0631\u0627\u062a\u0628 <\/strong>\u064a\u0645\u0643\u0646\u0643 \u0627\u062e\u062a\u064a\u0627\u0631 \u0645\u0633\u0646\u062f \u0627\u0644\u0633\u0631\u064a\u0631 \u0627\u0644\u0623\u0645\u0627\u0645\u064a \u0633\u064a\u0644\u064a\u0646 \u0628\u0644\u0633 \u062d\u0633\u0628 \u0630\u0648\u0642\u0643 \u0627\u0644\u0634\u062e\u0635\u064a: \u0627\u062e\u062a\u0631 \u0641\u0642\u0637 <strong>\u0627\u0644\u0642\u0645\u0627\u0634<\/strong>\u0648 <strong>\u0627\u0644\u0623\u0628\u0639\u0627\u062f<\/strong> \u0627\u0644\u062a\u064a \u062a\u062a\u0646\u0627\u0633\u0628 \u062a\u0645\u0627\u0645\u0627\u064b \u0645\u0639 \u0645\u0633\u0627\u062d\u062a\u0643. \u0643\u0644 \u0645\u0648\u062f\u064a\u0644 \u0645\u0635\u0645\u0645 \u062e\u0635\u064a\u0635\u0627\u064b \u0644\u062a\u0644\u0628\u064a\u0629 \u0627\u0644\u0627\u062d\u062a\u064a\u0627\u062c\u0627\u062a \u0627\u0644\u062e\u0627\u0635\u0629 \u0644\u0643\u0644 \u0632\u0628\u0648\u0646.<\/p>\t\t\t\t\t\t<\/div>\n\t\t\t\t<\/div>\n\t\t\t\t\t<\/div>\n\t\t<\/div>\n\t\t\t\t\t\t\t<\/div>\n\t\t<\/section>\n\t\t\t\t\t\t<\/div>\n\t\t\t\t\t<\/div>","protected":false},"excerpt":{"rendered":"<p><span data-mce-type=\"bookmark\" style=\"display: inline-block; width: 0px; overflow: hidden; line-height: 0;\" class=\"mce_SELRES_start\"><\/span>Sublimez votre chambre avec la t\u00eate de lit S\u00e9l\u00e9n\u00e9 Plus d\u2019Atlas Matelas :<strong> \u062a\u0635\u0645\u064a\u0645 \u0639\u0635\u0631\u064a \u0648\u0631\u0627\u062d\u0629 \u0627\u0633\u062a\u062b\u0646\u0627\u0626\u064a\u0629<\/strong>, pens\u00e9 pour les foyers alg\u00e9riens. Son rev\u00eatement capitonn\u00e9 et ses finitions soign\u00e9es en font une pi\u00e8ce ma\u00eetresse de votre espace nuit. Elle s\u2019harmonise parfaitement avec tout type de d\u00e9coration int\u00e9rieure, qu\u2019elle soit classique ou contemporaine, pens\u00e9e pour r\u00e9pondre aux standards locaux. Elle allie esth\u00e9tique, praticit\u00e9 et durabilit\u00e9 au quotidien. Avec la t\u00eate de lit S\u00e9l\u00e9n\u00e9 Plus, chaque coucher devient une exp\u00e9rience de bien-\u00eatre et de raffinement.<\/p>","protected":false},"featured_media":16211,"comment_status":"open","ping_status":"closed","template":"","meta":[],"product_brand":[161],"product_cat":[83,164],"product_tag":[],"class_list":{"0":"post-14479","1":"product","2":"type-product","3":"status-publish","4":"has-post-thumbnail","6":"product_brand-atlas-matelas","7":"product_cat-sommiers-lits","8":"product_cat-tetes-de-lit","10":"first","11":"instock","12":"shipping-taxable","13":"purchasable","14":"product-type-variable","15":"has-default-attributes"},"jetpack_sharing_enabled":true,"_links":{"self":[{"href":"https:\/\/atlasmatelasdz.com\/ar\/wp-json\/wp\/v2\/product\/14479","targetHints":{"allow":["GET"]}}],"collection":[{"href":"https:\/\/atlasmatelasdz.com\/ar\/wp-json\/wp\/v2\/product"}],"about":[{"href":"https:\/\/atlasmatelasdz.com\/ar\/wp-json\/wp\/v2\/types\/product"}],"replies":[{"embeddable":true,"href":"https:\/\/atlasmatelasdz.com\/ar\/wp-json\/wp\/v2\/comments?post=14479"}],"version-history":[{"count":35,"href":"https:\/\/atlasmatelasdz.com\/ar\/wp-json\/wp\/v2\/product\/14479\/revisions"}],"predecessor-version":[{"id":16295,"href":"https:\/\/atlasmatelasdz.com\/ar\/wp-json\/wp\/v2\/product\/14479\/revisions\/16295"}],"wp:featuredmedia":[{"embeddable":true,"href":"https:\/\/atlasmatelasdz.com\/ar\/wp-json\/wp\/v2\/media\/16211"}],"wp:attachment":[{"href":"https:\/\/atlasmatelasdz.com\/ar\/wp-json\/wp\/v2\/media?parent=14479"}],"wp:term":[{"taxonomy":"product_brand","embeddable":true,"href":"https:\/\/atlasmatelasdz.com\/ar\/wp-json\/wp\/v2\/product_brand?post=14479"},{"taxonomy":"product_cat","embeddable":true,"href":"https:\/\/atlasmatelasdz.com\/ar\/wp-json\/wp\/v2\/product_cat?post=14479"},{"taxonomy":"product_tag","embeddable":true,"href":"https:\/\/atlasmatelasdz.com\/ar\/wp-json\/wp\/v2\/product_tag?post=14479"}],"curies":[{"name":"wp","href":"https:\/\/api.w.org\/{rel}","templated":true}]}}