{"id":18265,"date":"2026-02-28T11:12:36","date_gmt":"2026-02-28T10:12:36","guid":{"rendered":"https:\/\/atlasmatelasdz.com\/?post_type=product&#038;p=18265"},"modified":"2026-04-26T15:29:05","modified_gmt":"2026-04-26T14:29:05","slug":"oreiller-viscogel-3d","status":"publish","type":"product","link":"https:\/\/atlasmatelasdz.com\/ar\/product\/oreiller-viscogel-3d\/","title":{"rendered":"Oreiller Viscogel 3D"},"content":{"rendered":"<div data-elementor-type=\"wp-post\" data-elementor-id=\"18265\" class=\"elementor elementor-18265\" data-elementor-settings=\"[]\">\n\t\t\t\t\t\t\t<div class=\"elementor-section-wrap\">\n\t\t\t\t\t\t\t<section class=\"elementor-section elementor-top-section elementor-element elementor-element-8012c1f elementor-hidden-desktop elementor-hidden-tablet elementor-hidden-mobile elementor-section-boxed elementor-section-height-default elementor-section-height-default qodef-elementor-content-no\" data-id=\"8012c1f\" data-element_type=\"section\">\n\t\t\t\t\t\t<div class=\"elementor-container elementor-column-gap-default\">\n\t\t\t\t\t<div class=\"elementor-column elementor-col-25 elementor-top-column elementor-element elementor-element-1250763\" data-id=\"1250763\" data-element_type=\"column\">\n\t\t\t<div class=\"elementor-widget-wrap\">\n\t\t\t\t\t\t\t\t\t<\/div>\n\t\t<\/div>\n\t\t\t\t<div class=\"elementor-column elementor-col-25 elementor-top-column elementor-element elementor-element-a241055\" data-id=\"a241055\" data-element_type=\"column\">\n\t\t\t<div class=\"elementor-widget-wrap\">\n\t\t\t\t\t\t\t\t\t<\/div>\n\t\t<\/div>\n\t\t\t\t<div class=\"elementor-column elementor-col-25 elementor-top-column elementor-element elementor-element-629a7da\" data-id=\"629a7da\" data-element_type=\"column\">\n\t\t\t<div class=\"elementor-widget-wrap\">\n\t\t\t\t\t\t\t\t\t<\/div>\n\t\t<\/div>\n\t\t\t\t<div class=\"elementor-column elementor-col-25 elementor-top-column elementor-element elementor-element-7403e12\" data-id=\"7403e12\" data-element_type=\"column\">\n\t\t\t<div class=\"elementor-widget-wrap elementor-element-populated\">\n\t\t\t\t\t\t\t\t<div class=\"elementor-element elementor-element-c4c818b elementor-widget elementor-widget-image\" data-id=\"c4c818b\" data-element_type=\"widget\" data-widget_type=\"image.default\">\n\t\t\t\t<div class=\"elementor-widget-container\">\n\t\t\t<style>\/*! elementor - v3.5.0 - 12-12-2021 *\/\n.elementor-widget-image{text-align:center}.elementor-widget-image a{display:inline-block}.elementor-widget-image a img[src$=\".svg\"]{width:48px}.elementor-widget-image img{vertical-align:middle;display:inline-block}<\/style>\t\t\t\t\t\t\t\t\t\t\t\t<img loading=\"lazy\" decoding=\"async\" width=\"300\" height=\"107\" src=\"https:\/\/atlasmatelasdz.com\/wp-content\/uploads\/2022\/01\/oeko-tex-logo-1-300x107.png\" class=\"attachment-medium size-medium\" alt=\"\" srcset=\"https:\/\/atlasmatelasdz.com\/wp-content\/uploads\/2022\/01\/oeko-tex-logo-1-300x107.png 300w, https:\/\/atlasmatelasdz.com\/wp-content\/uploads\/2022\/01\/oeko-tex-logo-1-18x6.png 18w, https:\/\/atlasmatelasdz.com\/wp-content\/uploads\/2022\/01\/oeko-tex-logo-1.png 376w\" sizes=\"auto, (max-width: 300px) 100vw, 300px\" \/>\t\t\t\t\t\t\t\t\t\t\t\t\t\t\t<\/div>\n\t\t\t\t<\/div>\n\t\t\t\t\t<\/div>\n\t\t<\/div>\n\t\t\t\t\t\t\t<\/div>\n\t\t<\/section>\n\t\t\t\t<section class=\"elementor-section elementor-top-section elementor-element elementor-element-43a2186 elementor-section-boxed elementor-section-height-default elementor-section-height-default qodef-elementor-content-no\" data-id=\"43a2186\" data-element_type=\"section\">\n\t\t\t\t\t\t<div class=\"elementor-container elementor-column-gap-default\">\n\t\t\t\t\t<div class=\"elementor-column elementor-col-100 elementor-top-column elementor-element elementor-element-612243c\" data-id=\"612243c\" data-element_type=\"column\">\n\t\t\t<div class=\"elementor-widget-wrap elementor-element-populated\">\n\t\t\t\t\t\t\t\t<section class=\"elementor-section elementor-inner-section elementor-element elementor-element-4b7b859 elementor-section-content-middle elementor-section-boxed elementor-section-height-default elementor-section-height-default qodef-elementor-content-no\" data-id=\"4b7b859\" data-element_type=\"section\">\n\t\t\t\t\t\t<div class=\"elementor-container elementor-column-gap-default\">\n\t\t\t\t\t<div class=\"elementor-column elementor-col-100 elementor-inner-column elementor-element elementor-element-efc49f2\" data-id=\"efc49f2\" data-element_type=\"column\">\n\t\t\t<div class=\"elementor-widget-wrap elementor-element-populated\">\n\t\t\t\t\t\t\t\t<div class=\"elementor-element elementor-element-c2e2fc5 elementor-widget elementor-widget-heading\" data-id=\"c2e2fc5\" data-element_type=\"widget\" data-widget_type=\"heading.default\">\n\t\t\t\t<div class=\"elementor-widget-container\">\n\t\t\t<style>\/*! elementor - v3.5.0 - 12-12-2021 *\/\n.elementor-heading-title{padding:0;margin:0;line-height:1}.elementor-widget-heading .elementor-heading-title[class*=elementor-size-]>a{color:inherit;font-size:inherit;line-height:inherit}.elementor-widget-heading .elementor-heading-title.elementor-size-small{font-size:15px}.elementor-widget-heading .elementor-heading-title.elementor-size-medium{font-size:19px}.elementor-widget-heading .elementor-heading-title.elementor-size-large{font-size:29px}.elementor-widget-heading .elementor-heading-title.elementor-size-xl{font-size:39px}.elementor-widget-heading .elementor-heading-title.elementor-size-xxl{font-size:59px}<\/style><h3 class=\"elementor-heading-title elementor-size-default\">Prenez soin de votre sant\u00e9 cervicale - Avis m\u00e9dical<\/h3>\t\t<\/div>\n\t\t\t\t<\/div>\n\t\t\t\t<div class=\"elementor-element elementor-element-8f11158 elementor-aspect-ratio-169 elementor-widget elementor-widget-video\" data-id=\"8f11158\" data-element_type=\"widget\" data-settings=\"{&quot;youtube_url&quot;:&quot;https:\\\/\\\/youtu.be\\\/fC1cJr_jfog&quot;,&quot;video_type&quot;:&quot;youtube&quot;,&quot;controls&quot;:&quot;yes&quot;,&quot;aspect_ratio&quot;:&quot;169&quot;}\" data-widget_type=\"video.default\">\n\t\t\t\t<div class=\"elementor-widget-container\">\n\t\t\t<style>\/*! elementor - v3.5.0 - 12-12-2021 *\/\n.elementor-widget-video .elementor-widget-container{overflow:hidden;-webkit-transform:translateZ(0);transform:translateZ(0)}.elementor-widget-video .elementor-open-inline .elementor-custom-embed-image-overlay{position:absolute;top:0;left:0;width:100%;height:100%;-webkit-background-size:cover;background-size:cover;background-position:50%}.elementor-widget-video .elementor-custom-embed-image-overlay{cursor:pointer;text-align:center}.elementor-widget-video .elementor-custom-embed-image-overlay:hover .elementor-custom-embed-play i{opacity:1}.elementor-widget-video .elementor-custom-embed-image-overlay img{display:block;width:100%}.elementor-widget-video .e-hosted-video .elementor-video{-o-object-fit:cover;object-fit:cover}<\/style>\t\t<div class=\"elementor-wrapper elementor-fit-aspect-ratio elementor-open-inline\">\n\t\t\t<div class=\"elementor-video\"><\/div>\t\t<\/div>\n\t\t\t\t<\/div>\n\t\t\t\t<\/div>\n\t\t\t\t<div class=\"elementor-element elementor-element-c41263d elementor-widget elementor-widget-text-editor\" data-id=\"c41263d\" data-element_type=\"widget\" data-widget_type=\"text-editor.default\">\n\t\t\t\t<div class=\"elementor-widget-container\">\n\t\t\t<style>\/*! elementor - v3.5.0 - 12-12-2021 *\/\n.elementor-widget-text-editor.elementor-drop-cap-view-stacked .elementor-drop-cap{background-color:#818a91;color:#fff}.elementor-widget-text-editor.elementor-drop-cap-view-framed .elementor-drop-cap{color:#818a91;border:3px solid;background-color:transparent}.elementor-widget-text-editor:not(.elementor-drop-cap-view-default) .elementor-drop-cap{margin-top:8px}.elementor-widget-text-editor:not(.elementor-drop-cap-view-default) .elementor-drop-cap-letter{width:1em;height:1em}.elementor-widget-text-editor .elementor-drop-cap{float:left;text-align:center;line-height:1;font-size:50px}.elementor-widget-text-editor .elementor-drop-cap-letter{display:inline-block}<\/style>\t\t\t\t<p data-path-to-node=\"6\">Vous vous r\u00e9veillez souvent avec une sensation de lourdeur \u00e0 la t\u00eate ou des tensions dans la nuque ? Le choix de votre oreiller est essentiel pour bien commencer la journ\u00e9e et pr\u00e9server votre confort au quotidien.<\/p><p data-path-to-node=\"7\">L&rsquo;<span style=\"color: #000000;\"><b data-path-to-node=\"7\" data-index-in-node=\"2\">Oreiller Viscogel 3D<\/b><\/span> a \u00e9t\u00e9 con\u00e7u pour r\u00e9pondre aux exigences de confort et de sant\u00e9 les plus strictes. Comme le souligne le <span style=\"color: #000000;\"><b data-path-to-node=\"7\" data-index-in-node=\"126\">Dr. Zitouni<\/b><\/span>, sp\u00e9cialiste en neurologie et neuropathie, un bon sommeil repose sur une position qui respecte l&rsquo;alignement de vos vert\u00e8bres.<\/p>\t\t\t\t\t\t<\/div>\n\t\t\t\t<\/div>\n\t\t\t\t<div class=\"elementor-element elementor-element-4d1403b elementor-widget elementor-widget-image\" data-id=\"4d1403b\" data-element_type=\"widget\" data-widget_type=\"image.default\">\n\t\t\t\t<div class=\"elementor-widget-container\">\n\t\t\t\t\t\t\t\t\t\t\t\t\t\t\t<img decoding=\"async\" src=\"https:\/\/atlasmatelasdz.com\/wp-content\/uploads\/elementor\/thumbs\/oeko-tex-logo-1-qanr1kfbgwbbzry2fryv5i5wprghqvgsmc4mn3rs0k.png\" title=\"oeko-tex-logo-1\" alt=\"oeko-tex-logo-1\" \/>\t\t\t\t\t\t\t\t\t\t\t\t\t\t\t<\/div>\n\t\t\t\t<\/div>\n\t\t\t\t\t<\/div>\n\t\t<\/div>\n\t\t\t\t\t\t\t<\/div>\n\t\t<\/section>\n\t\t\t\t\t<\/div>\n\t\t<\/div>\n\t\t\t\t\t\t\t<\/div>\n\t\t<\/section>\n\t\t\t\t<section class=\"elementor-section elementor-top-section elementor-element elementor-element-33cabb7 elementor-section-full_width elementor-section-height-default elementor-section-height-default qodef-elementor-content-no\" data-id=\"33cabb7\" data-element_type=\"section\">\n\t\t\t\t\t\t<div class=\"elementor-container elementor-column-gap-default\">\n\t\t\t\t\t<div class=\"elementor-column elementor-col-50 elementor-top-column elementor-element elementor-element-864b98c\" data-id=\"864b98c\" data-element_type=\"column\">\n\t\t\t<div class=\"elementor-widget-wrap elementor-element-populated\">\n\t\t\t\t\t\t\t\t<div class=\"elementor-element elementor-element-8f708e7 elementor-widget elementor-widget-heading\" data-id=\"8f708e7\" data-element_type=\"widget\" data-widget_type=\"heading.default\">\n\t\t\t\t<div class=\"elementor-widget-container\">\n\t\t\t<h2 class=\"elementor-heading-title elementor-size-default\">\u0627\u0644\u0645\u0645\u064a\u0632\u0627\u062a<\/h2>\t\t<\/div>\n\t\t\t\t<\/div>\n\t\t\t\t<div class=\"elementor-element elementor-element-5f4eaaa elementor-widget elementor-widget-text-editor\" data-id=\"5f4eaaa\" data-element_type=\"widget\" data-widget_type=\"text-editor.default\">\n\t\t\t\t<div class=\"elementor-widget-container\">\n\t\t\t\t\t\t\t<ul><li data-path-to-node=\"2,0,0\">La<strong><span style=\"color: #000000;\"> \u0628\u0627\u0644\u0625\u0633\u0641\u0646\u062c \u0627\u0644\u0645\u0631\u0646<\/span><\/strong> \u00e0 m\u00e9moire de forme \u00e9pouse parfaitement votre morphologie<\/li><li data-path-to-node=\"2,1,0\">La <strong><span style=\"color: #000000;\">plaque de Gel 3D<\/span><\/strong> int\u00e9gr\u00e9e assure une r\u00e9gulation thermique constante<\/li><li data-path-to-node=\"2,2,0\">Le<strong><span style=\"color: #000000;\"> soutien ergonomique<\/span><\/strong> maintient l&rsquo;<strong><span style=\"color: #000000;\">alignement naturel<\/span><\/strong> des vert\u00e8bres cervicales<\/li><li data-path-to-node=\"2,4,0\">La <strong><span style=\"color: #000000;\">housse 100% coton naturel<\/span> <\/strong>offre une douceur et une respirabilit\u00e9 sup\u00e9rieures<\/li><li data-path-to-node=\"2,5,0\">La structure alv\u00e9ol\u00e9e du <strong><span style=\"color: #000000;\">gel dissipe la chaleur<\/span> <\/strong>pour une sensation de fra\u00eecheur<\/li><li data-path-to-node=\"2,6,0\">Le <strong><span style=\"color: #000000;\">garnissage haute densit\u00e9<\/span><\/strong> emp\u00eache l&rsquo;affaissement au fil des utilisations<\/li><li data-path-to-node=\"2,7,0\">La <strong><span style=\"color: #000000;\">protection hypoallerg\u00e9nique<\/span> <\/strong>lutte efficacement contre les acariens et bact\u00e9ries<\/li><li data-path-to-node=\"2,8,0\">La fermeture \u00e9clair permet de retirer la housse pour un <strong><span style=\"color: #000000;\">lavage facile<\/span><\/strong><\/li><\/ul>\t\t\t\t\t\t<\/div>\n\t\t\t\t<\/div>\n\t\t\t\t\t<\/div>\n\t\t<\/div>\n\t\t\t\t<div class=\"elementor-column elementor-col-50 elementor-top-column elementor-element elementor-element-ead0627\" data-id=\"ead0627\" data-element_type=\"column\">\n\t\t\t<div class=\"elementor-widget-wrap elementor-element-populated\">\n\t\t\t\t\t\t\t\t<div class=\"elementor-element elementor-element-1b85035 elementor-widget elementor-widget-heading\" data-id=\"1b85035\" data-element_type=\"widget\" data-widget_type=\"heading.default\">\n\t\t\t\t<div class=\"elementor-widget-container\">\n\t\t\t<h3 class=\"elementor-heading-title elementor-size-default\">Points forts <\/h3>\t\t<\/div>\n\t\t\t\t<\/div>\n\t\t\t\t<div class=\"elementor-element elementor-element-5ce4a75 elementor-widget elementor-widget-text-editor\" data-id=\"5ce4a75\" data-element_type=\"widget\" data-widget_type=\"text-editor.default\">\n\t\t\t\t<div class=\"elementor-widget-container\">\n\t\t\t\t\t\t\t<ul><li data-path-to-node=\"4,0,0\">Supprime les points de pression pour \u00e9viter le mal de cou au r\u00e9veil.<\/li><li data-path-to-node=\"4,1,0\">\u00c9vacue la chaleur corporelle pour ne plus transpirer la nuit.<\/li><li data-path-to-node=\"4,2,0\">Favorise un endormissement plus rapide gr\u00e2ce au confort du gel.<\/li><li data-path-to-node=\"4,4,0\">Qualit\u00e9 de fabrication sup\u00e9rieure garantie par Atlas Matelas depuis 1965.<\/li><li data-path-to-node=\"4,5,0\">Convient parfaitement aux dormeurs sur le dos, le c\u00f4t\u00e9 ou le ventre.<\/li><\/ul>\t\t\t\t\t\t<\/div>\n\t\t\t\t<\/div>\n\t\t\t\t\t<\/div>\n\t\t<\/div>\n\t\t\t\t\t\t\t<\/div>\n\t\t<\/section>\n\t\t\t\t<section class=\"elementor-section elementor-top-section elementor-element elementor-element-9caa745 elementor-section-boxed elementor-section-height-default elementor-section-height-default qodef-elementor-content-no\" data-id=\"9caa745\" data-element_type=\"section\">\n\t\t\t\t\t\t<div class=\"elementor-container elementor-column-gap-default\">\n\t\t\t\t\t<div class=\"elementor-column elementor-col-33 elementor-top-column elementor-element elementor-element-874dd50\" data-id=\"874dd50\" data-element_type=\"column\">\n\t\t\t<div class=\"elementor-widget-wrap elementor-element-populated\">\n\t\t\t\t\t\t\t\t<div class=\"elementor-element elementor-element-b257795 elementor-position-top elementor-vertical-align-top elementor-widget elementor-widget-image-box\" data-id=\"b257795\" data-element_type=\"widget\" data-widget_type=\"image-box.default\">\n\t\t\t\t<div class=\"elementor-widget-container\">\n\t\t\t<style>\/*! elementor - v3.5.0 - 12-12-2021 *\/\n.elementor-widget-image-box .elementor-image-box-content{width:100%}@media (min-width:768px){.elementor-widget-image-box.elementor-position-left .elementor-image-box-wrapper,.elementor-widget-image-box.elementor-position-right .elementor-image-box-wrapper{display:-webkit-box;display:-ms-flexbox;display:flex}.elementor-widget-image-box.elementor-position-right .elementor-image-box-wrapper{text-align:right;-webkit-box-orient:horizontal;-webkit-box-direction:reverse;-ms-flex-direction:row-reverse;flex-direction:row-reverse}.elementor-widget-image-box.elementor-position-left .elementor-image-box-wrapper{text-align:left;-webkit-box-orient:horizontal;-webkit-box-direction:normal;-ms-flex-direction:row;flex-direction:row}.elementor-widget-image-box.elementor-position-top .elementor-image-box-img{margin:auto}.elementor-widget-image-box.elementor-vertical-align-top .elementor-image-box-wrapper{-webkit-box-align:start;-ms-flex-align:start;align-items:flex-start}.elementor-widget-image-box.elementor-vertical-align-middle .elementor-image-box-wrapper{-webkit-box-align:center;-ms-flex-align:center;align-items:center}.elementor-widget-image-box.elementor-vertical-align-bottom .elementor-image-box-wrapper{-webkit-box-align:end;-ms-flex-align:end;align-items:flex-end}}@media (max-width:767px){.elementor-widget-image-box .elementor-image-box-img{margin-left:auto!important;margin-right:auto!important;margin-bottom:15px}}.elementor-widget-image-box .elementor-image-box-img{display:inline-block}.elementor-widget-image-box .elementor-image-box-title a{color:inherit}.elementor-widget-image-box .elementor-image-box-wrapper{text-align:center}.elementor-widget-image-box .elementor-image-box-description{margin:0}<\/style><div class=\"elementor-image-box-wrapper\"><figure class=\"elementor-image-box-img\"><img loading=\"lazy\" decoding=\"async\" width=\"150\" height=\"150\" src=\"https:\/\/atlasmatelasdz.com\/wp-content\/uploads\/2025\/07\/lying-down_7441260-150x150.webp\" class=\"attachment-thumbnail size-thumbnail\" alt=\"\" \/><\/figure><div class=\"elementor-image-box-content\"><h5 class=\"elementor-image-box-title\">Maintien \u00e9quilibr\u00e9<\/h5><\/div><\/div>\t\t<\/div>\n\t\t\t\t<\/div>\n\t\t\t\t\t<\/div>\n\t\t<\/div>\n\t\t\t\t<div class=\"elementor-column elementor-col-33 elementor-top-column elementor-element elementor-element-6ddc92b\" data-id=\"6ddc92b\" data-element_type=\"column\">\n\t\t\t<div class=\"elementor-widget-wrap elementor-element-populated\">\n\t\t\t\t\t\t\t\t<div class=\"elementor-element elementor-element-ab1ca8e elementor-position-top elementor-vertical-align-top elementor-widget elementor-widget-image-box\" data-id=\"ab1ca8e\" data-element_type=\"widget\" data-widget_type=\"image-box.default\">\n\t\t\t\t<div class=\"elementor-widget-container\">\n\t\t\t<div class=\"elementor-image-box-wrapper\"><figure class=\"elementor-image-box-img\"><img loading=\"lazy\" decoding=\"async\" width=\"150\" height=\"150\" src=\"https:\/\/atlasmatelasdz.com\/wp-content\/uploads\/2025\/07\/snow_4554350-150x150.webp\" class=\"attachment-thumbnail size-thumbnail\" alt=\"\" \/><\/figure><div class=\"elementor-image-box-content\"><h5 class=\"elementor-image-box-title\">A\u00e9ration optimale<\/h5><\/div><\/div>\t\t<\/div>\n\t\t\t\t<\/div>\n\t\t\t\t\t<\/div>\n\t\t<\/div>\n\t\t\t\t<div class=\"elementor-column elementor-col-33 elementor-top-column elementor-element elementor-element-c544400\" data-id=\"c544400\" data-element_type=\"column\">\n\t\t\t<div class=\"elementor-widget-wrap elementor-element-populated\">\n\t\t\t\t\t\t\t\t<div class=\"elementor-element elementor-element-14afdef elementor-position-top elementor-vertical-align-top elementor-widget elementor-widget-image-box\" data-id=\"14afdef\" data-element_type=\"widget\" data-widget_type=\"image-box.default\">\n\t\t\t\t<div class=\"elementor-widget-container\">\n\t\t\t<div class=\"elementor-image-box-wrapper\"><figure class=\"elementor-image-box-img\"><img loading=\"lazy\" decoding=\"async\" width=\"150\" height=\"150\" src=\"https:\/\/atlasmatelasdz.com\/wp-content\/uploads\/2025\/07\/hand_3821577-150x150.webp\" class=\"attachment-thumbnail size-thumbnail\" alt=\"\" \/><\/figure><div class=\"elementor-image-box-content\"><h5 class=\"elementor-image-box-title\">Soutien ferme<\/h5><\/div><\/div>\t\t<\/div>\n\t\t\t\t<\/div>\n\t\t\t\t\t<\/div>\n\t\t<\/div>\n\t\t\t\t\t\t\t<\/div>\n\t\t<\/section>\n\t\t\t\t<section class=\"elementor-section elementor-top-section elementor-element elementor-element-58c6bbd elementor-section-full_width elementor-section-height-default elementor-section-height-default qodef-elementor-content-no\" data-id=\"58c6bbd\" data-element_type=\"section\">\n\t\t\t\t\t\t<div class=\"elementor-container elementor-column-gap-default\">\n\t\t\t\t\t<div class=\"elementor-column elementor-col-50 elementor-top-column elementor-element elementor-element-e01b19b\" data-id=\"e01b19b\" data-element_type=\"column\">\n\t\t\t<div class=\"elementor-widget-wrap elementor-element-populated\">\n\t\t\t\t\t\t\t\t<div class=\"elementor-element elementor-element-ea3ebca elementor-widget elementor-widget-heading\" data-id=\"ea3ebca\" data-element_type=\"widget\" data-widget_type=\"heading.default\">\n\t\t\t\t<div class=\"elementor-widget-container\">\n\t\t\t<h2 class=\"elementor-heading-title elementor-size-default\">Conseils d'utilisation de l'oreiller Soft<\/h2>\t\t<\/div>\n\t\t\t\t<\/div>\n\t\t\t\t<div class=\"elementor-element elementor-element-9088153 elementor-widget elementor-widget-text-editor\" data-id=\"9088153\" data-element_type=\"widget\" data-widget_type=\"text-editor.default\">\n\t\t\t\t<div class=\"elementor-widget-container\">\n\t\t\t\t\t\t\t<ul><li data-path-to-node=\"2,0,0\"><strong><span style=\"color: #000000;\">A\u00e9rez r\u00e9guli\u00e8rement<\/span><\/strong> votre oreiller Viscogel 3D pour pr\u00e9server la fra\u00eecheur active de sa plaque de gel.<\/li><li data-path-to-node=\"2,1,0\">Utilisez <strong><span style=\"color: #000000;\">une taie d&rsquo;oreiller en fibres<\/span><\/strong> naturelles pour ne pas masquer l&rsquo;effet thermor\u00e9gulateur du gel 3D.<\/li><li data-path-to-node=\"2,2,0\">Placez toujours<strong><span style=\"color: #000000;\"> la face contenant la plaque de gel vers le haut<\/span> <\/strong>pour b\u00e9n\u00e9ficier d&rsquo;un rafra\u00eechissement optimal.<\/li><li data-path-to-node=\"2,3,0\">Nettoyage cibl\u00e9 recommand\u00e9 e<strong><span style=\"color: #000000;\">n privil\u00e9giant un lavage localis\u00e9<\/span><\/strong> des taches pour prot\u00e9ger la mousse \u00e0 m\u00e9moire de forme.<\/li><li data-path-to-node=\"2,4,0\"><strong><span style=\"color: #000000;\">\u00c9vitez les sources de chaleur directe<\/span><\/strong> et l&rsquo;usage de javel afin de conserver la r\u00e9silience et les propri\u00e9t\u00e9s du gel.<\/li><\/ul>\t\t\t\t\t\t<\/div>\n\t\t\t\t<\/div>\n\t\t\t\t\t<\/div>\n\t\t<\/div>\n\t\t\t\t<div class=\"elementor-column elementor-col-50 elementor-top-column elementor-element elementor-element-6f121a2\" data-id=\"6f121a2\" data-element_type=\"column\">\n\t\t\t<div class=\"elementor-widget-wrap elementor-element-populated\">\n\t\t\t\t\t\t\t\t<div class=\"elementor-element elementor-element-c1023a7 elementor-widget elementor-widget-heading\" data-id=\"c1023a7\" data-element_type=\"widget\" data-widget_type=\"heading.default\">\n\t\t\t\t<div class=\"elementor-widget-container\">\n\t\t\t<h3 class=\"elementor-heading-title elementor-size-default\">\u0627\u0644\u0636\u0645\u0627\u0646<\/h3>\t\t<\/div>\n\t\t\t\t<\/div>\n\t\t\t\t<div class=\"elementor-element elementor-element-46256fd elementor-widget elementor-widget-text-editor\" data-id=\"46256fd\" data-element_type=\"widget\" data-widget_type=\"text-editor.default\">\n\t\t\t\t<div class=\"elementor-widget-container\">\n\t\t\t\t\t\t\t<ul><li data-path-to-node=\"4,0,0\">L&rsquo;oreiller Viscogel 3D est garanti contre tout affaissement anormal de la mousse ou d\u00e9faut de fabrication.<\/li><li data-path-to-node=\"4,1,0\">La garantie s&rsquo;applique pour une utilisation dans des conditions domestiques normales en respectant les conseils d&rsquo;entretien.<\/li><li data-path-to-node=\"5,2,0\">En cas de besoin, <b data-path-to-node=\"5,2,0\" data-index-in-node=\"18\">pr\u00e9sentez-vous dans le <a href=\"https:\/\/atlasmatelasdz.com\/ar\/points-de-vente\/\">point de vente<\/a> \u0623\u0637\u0644\u0633 \u0644\u0644\u0645\u0631\u0627\u062a\u0628<\/b> le plus proche de chez vous avec votre preuve d&rsquo;achat.<\/li><li data-path-to-node=\"5,3,0\">Notre <a href=\"https:\/\/atlasmatelasdz.com\/ar\/contact\/\">service client<\/a> reste \u00e9galement \u00e0 votre disposition via notre site officiel\u00a0pour toute assistance.<\/li><\/ul>\t\t\t\t\t\t<\/div>\n\t\t\t\t<\/div>\n\t\t\t\t\t<\/div>\n\t\t<\/div>\n\t\t\t\t\t\t\t<\/div>\n\t\t<\/section>\n\t\t\t\t\t\t<\/div>\n\t\t\t\t\t<\/div>","protected":false},"excerpt":{"rendered":"<p>Cet oreiller allie parfaitement confort et fra\u00eecheur pour vous offrir des nuits plus agr\u00e9ables et reposantes.<\/p>\n<ul>\n<li>Mousse visco\u00e9lastique \u00e0 m\u00e9moire de forme : s\u2019adapte parfaitement aux contours de la t\u00eate et de la nuque pour un maintien optimal et un alignement de la colonne vert\u00e9brale id\u00e9al pendant le sommeil.<\/li>\n<li>Gel rafra\u00eechissant 3D : favorise une meilleure dissipation de la chaleur et procure une sensation de fra\u00eecheur durable tout au long de la nuit.<\/li>\n<li>Housse en tissu 100 % coton : douce, respirante et agr\u00e9able au contact de la peau pour un confort naturel.<br \/>\n<img loading=\"lazy\" decoding=\"async\" class=\"aligncenter wp-image-15157 size-full\" src=\"https:\/\/atlasmatelasdz.com\/wp-content\/uploads\/2023\/12\/Visco-Elastique-02.png\" alt=\"\" width=\"485\" height=\"113\" srcset=\"https:\/\/atlasmatelasdz.com\/wp-content\/uploads\/2023\/12\/Visco-Elastique-02.png 485w, https:\/\/atlasmatelasdz.com\/wp-content\/uploads\/2023\/12\/Visco-Elastique-02-300x70.png 300w, https:\/\/atlasmatelasdz.com\/wp-content\/uploads\/2023\/12\/Visco-Elastique-02-18x4.png 18w\" sizes=\"auto, (max-width: 485px) 100vw, 485px\" \/><\/li>\n<\/ul>","protected":false},"featured_media":18270,"comment_status":"open","ping_status":"closed","template":"","meta":[],"product_brand":[161],"product_cat":[59],"product_tag":[193],"class_list":{"0":"post-18265","1":"product","2":"type-product","3":"status-publish","4":"has-post-thumbnail","6":"product_brand-atlas-matelas","7":"product_cat-oreillers","8":"product_tag-oreiller-viscogel","10":"first","11":"instock","12":"sale","13":"shipping-taxable","14":"purchasable","15":"product-type-variable"},"jetpack_sharing_enabled":true,"_links":{"self":[{"href":"https:\/\/atlasmatelasdz.com\/ar\/wp-json\/wp\/v2\/product\/18265","targetHints":{"allow":["GET"]}}],"collection":[{"href":"https:\/\/atlasmatelasdz.com\/ar\/wp-json\/wp\/v2\/product"}],"about":[{"href":"https:\/\/atlasmatelasdz.com\/ar\/wp-json\/wp\/v2\/types\/product"}],"replies":[{"embeddable":true,"href":"https:\/\/atlasmatelasdz.com\/ar\/wp-json\/wp\/v2\/comments?post=18265"}],"version-history":[{"count":10,"href":"https:\/\/atlasmatelasdz.com\/ar\/wp-json\/wp\/v2\/product\/18265\/revisions"}],"predecessor-version":[{"id":18293,"href":"https:\/\/atlasmatelasdz.com\/ar\/wp-json\/wp\/v2\/product\/18265\/revisions\/18293"}],"wp:featuredmedia":[{"embeddable":true,"href":"https:\/\/atlasmatelasdz.com\/ar\/wp-json\/wp\/v2\/media\/18270"}],"wp:attachment":[{"href":"https:\/\/atlasmatelasdz.com\/ar\/wp-json\/wp\/v2\/media?parent=18265"}],"wp:term":[{"taxonomy":"product_brand","embeddable":true,"href":"https:\/\/atlasmatelasdz.com\/ar\/wp-json\/wp\/v2\/product_brand?post=18265"},{"taxonomy":"product_cat","embeddable":true,"href":"https:\/\/atlasmatelasdz.com\/ar\/wp-json\/wp\/v2\/product_cat?post=18265"},{"taxonomy":"product_tag","embeddable":true,"href":"https:\/\/atlasmatelasdz.com\/ar\/wp-json\/wp\/v2\/product_tag?post=18265"}],"curies":[{"name":"wp","href":"https:\/\/api.w.org\/{rel}","templated":true}]}}