{"id":18306,"date":"2026-03-10T08:20:59","date_gmt":"2026-03-10T07:20:59","guid":{"rendered":"https:\/\/atlasmatelasdz.com\/?post_type=product&#038;p=18306"},"modified":"2026-05-15T11:21:47","modified_gmt":"2026-05-15T10:21:47","slug":"matelas-harmonie","status":"publish","type":"product","link":"https:\/\/atlasmatelasdz.com\/ar\/product\/matelas-harmonie\/","title":{"rendered":"Matelas Harmonie"},"content":{"rendered":"<div data-elementor-type=\"wp-post\" data-elementor-id=\"18306\" class=\"elementor elementor-18306\" data-elementor-settings=\"[]\">\n\t\t\t\t\t\t\t<div class=\"elementor-section-wrap\">\n\t\t\t\t\t\t\t<section class=\"elementor-section elementor-top-section elementor-element elementor-element-fef2d14 elementor-section-boxed elementor-section-height-default elementor-section-height-default qodef-elementor-content-no\" data-id=\"fef2d14\" data-element_type=\"section\">\n\t\t\t\t\t\t<div class=\"elementor-container elementor-column-gap-default\">\n\t\t\t\t\t<div class=\"elementor-column elementor-col-100 elementor-top-column elementor-element elementor-element-9e46271\" data-id=\"9e46271\" data-element_type=\"column\">\n\t\t\t<div class=\"elementor-widget-wrap elementor-element-populated\">\n\t\t\t\t\t\t\t\t<div class=\"elementor-element elementor-element-3ed2343 elementor-hidden-desktop elementor-hidden-tablet elementor-hidden-mobile elementor-widget elementor-widget-image\" data-id=\"3ed2343\" data-element_type=\"widget\" data-widget_type=\"image.default\">\n\t\t\t\t<div class=\"elementor-widget-container\">\n\t\t\t<style>\/*! elementor - v3.5.0 - 12-12-2021 *\/\n.elementor-widget-image{text-align:center}.elementor-widget-image a{display:inline-block}.elementor-widget-image a img[src$=\".svg\"]{width:48px}.elementor-widget-image img{vertical-align:middle;display:inline-block}<\/style>\t\t\t\t\t\t\t\t\t\t\t\t<img loading=\"lazy\" decoding=\"async\" width=\"376\" height=\"134\" src=\"https:\/\/atlasmatelasdz.com\/wp-content\/uploads\/2022\/01\/oeko-tex-logo-1.png\" class=\"attachment-large size-large\" alt=\"\" srcset=\"https:\/\/atlasmatelasdz.com\/wp-content\/uploads\/2022\/01\/oeko-tex-logo-1.png 376w, https:\/\/atlasmatelasdz.com\/wp-content\/uploads\/2022\/01\/oeko-tex-logo-1-300x107.png 300w, https:\/\/atlasmatelasdz.com\/wp-content\/uploads\/2022\/01\/oeko-tex-logo-1-18x6.png 18w\" sizes=\"auto, (max-width: 376px) 100vw, 376px\" \/>\t\t\t\t\t\t\t\t\t\t\t\t\t\t\t<\/div>\n\t\t\t\t<\/div>\n\t\t\t\t<div class=\"elementor-element elementor-element-31f06b3 elementor-widget elementor-widget-image\" data-id=\"31f06b3\" data-element_type=\"widget\" data-widget_type=\"image.default\">\n\t\t\t\t<div class=\"elementor-widget-container\">\n\t\t\t\t\t\t\t\t\t\t\t\t\t\t\t<img loading=\"lazy\" decoding=\"async\" width=\"300\" height=\"107\" src=\"https:\/\/atlasmatelasdz.com\/wp-content\/uploads\/2022\/01\/oeko-tex-logo-1-300x107.png\" class=\"attachment-medium size-medium\" alt=\"\" srcset=\"https:\/\/atlasmatelasdz.com\/wp-content\/uploads\/2022\/01\/oeko-tex-logo-1-300x107.png 300w, https:\/\/atlasmatelasdz.com\/wp-content\/uploads\/2022\/01\/oeko-tex-logo-1-18x6.png 18w, https:\/\/atlasmatelasdz.com\/wp-content\/uploads\/2022\/01\/oeko-tex-logo-1.png 376w\" sizes=\"auto, (max-width: 300px) 100vw, 300px\" \/>\t\t\t\t\t\t\t\t\t\t\t\t\t\t\t<\/div>\n\t\t\t\t<\/div>\n\t\t\t\t<section class=\"elementor-section elementor-inner-section elementor-element elementor-element-1ac67ce elementor-section-boxed elementor-section-height-default elementor-section-height-default qodef-elementor-content-no\" data-id=\"1ac67ce\" data-element_type=\"section\">\n\t\t\t\t\t\t<div class=\"elementor-container elementor-column-gap-default\">\n\t\t\t\t\t<div class=\"elementor-column elementor-col-50 elementor-inner-column elementor-element elementor-element-5e91ad1\" data-id=\"5e91ad1\" data-element_type=\"column\">\n\t\t\t<div class=\"elementor-widget-wrap elementor-element-populated\">\n\t\t\t\t\t\t\t\t<div class=\"elementor-element elementor-element-902b86d elementor-widget elementor-widget-image\" data-id=\"902b86d\" data-element_type=\"widget\" data-widget_type=\"image.default\">\n\t\t\t\t<div class=\"elementor-widget-container\">\n\t\t\t\t\t\t\t\t\t\t\t\t\t\t\t<img loading=\"lazy\" decoding=\"async\" width=\"1200\" height=\"1200\" src=\"https:\/\/atlasmatelasdz.com\/wp-content\/uploads\/2026\/03\/Atlas-Matelas-Matelas-Harmonie-D3.webp\" class=\"attachment-full size-full\" alt=\"\" srcset=\"https:\/\/atlasmatelasdz.com\/wp-content\/uploads\/2026\/03\/Atlas-Matelas-Matelas-Harmonie-D3.webp 1200w, https:\/\/atlasmatelasdz.com\/wp-content\/uploads\/2026\/03\/Atlas-Matelas-Matelas-Harmonie-D3-300x300.webp 300w, https:\/\/atlasmatelasdz.com\/wp-content\/uploads\/2026\/03\/Atlas-Matelas-Matelas-Harmonie-D3-1024x1024.webp 1024w, https:\/\/atlasmatelasdz.com\/wp-content\/uploads\/2026\/03\/Atlas-Matelas-Matelas-Harmonie-D3-150x150.webp 150w, https:\/\/atlasmatelasdz.com\/wp-content\/uploads\/2026\/03\/Atlas-Matelas-Matelas-Harmonie-D3-768x768.webp 768w, https:\/\/atlasmatelasdz.com\/wp-content\/uploads\/2026\/03\/Atlas-Matelas-Matelas-Harmonie-D3-12x12.webp 12w, https:\/\/atlasmatelasdz.com\/wp-content\/uploads\/2026\/03\/Atlas-Matelas-Matelas-Harmonie-D3-650x650.webp 650w, https:\/\/atlasmatelasdz.com\/wp-content\/uploads\/2026\/03\/Atlas-Matelas-Matelas-Harmonie-D3-500x500.webp 500w, https:\/\/atlasmatelasdz.com\/wp-content\/uploads\/2026\/03\/Atlas-Matelas-Matelas-Harmonie-D3-936x936.webp 936w, https:\/\/atlasmatelasdz.com\/wp-content\/uploads\/2026\/03\/Atlas-Matelas-Matelas-Harmonie-D3-100x100.webp 100w\" sizes=\"auto, (max-width: 1200px) 100vw, 1200px\" \/>\t\t\t\t\t\t\t\t\t\t\t\t\t\t\t<\/div>\n\t\t\t\t<\/div>\n\t\t\t\t\t<\/div>\n\t\t<\/div>\n\t\t\t\t<div class=\"elementor-column elementor-col-50 elementor-inner-column elementor-element elementor-element-250fa9d\" data-id=\"250fa9d\" data-element_type=\"column\">\n\t\t\t<div class=\"elementor-widget-wrap elementor-element-populated\">\n\t\t\t\t\t\t\t\t<div class=\"elementor-element elementor-element-b74daa3 elementor-widget elementor-widget-heading\" data-id=\"b74daa3\" data-element_type=\"widget\" data-widget_type=\"heading.default\">\n\t\t\t\t<div class=\"elementor-widget-container\">\n\t\t\t<style>\/*! elementor - v3.5.0 - 12-12-2021 *\/\n.elementor-heading-title{padding:0;margin:0;line-height:1}.elementor-widget-heading .elementor-heading-title[class*=elementor-size-]>a{color:inherit;font-size:inherit;line-height:inherit}.elementor-widget-heading .elementor-heading-title.elementor-size-small{font-size:15px}.elementor-widget-heading .elementor-heading-title.elementor-size-medium{font-size:19px}.elementor-widget-heading .elementor-heading-title.elementor-size-large{font-size:29px}.elementor-widget-heading .elementor-heading-title.elementor-size-xl{font-size:39px}.elementor-widget-heading .elementor-heading-title.elementor-size-xxl{font-size:59px}<\/style><h3 class=\"elementor-heading-title elementor-size-default\">Confort Sans Compromis<\/h3>\t\t<\/div>\n\t\t\t\t<\/div>\n\t\t\t\t<div class=\"elementor-element elementor-element-e9488aa elementor-widget elementor-widget-text-editor\" data-id=\"e9488aa\" data-element_type=\"widget\" data-widget_type=\"text-editor.default\">\n\t\t\t\t<div class=\"elementor-widget-container\">\n\t\t\t<style>\/*! elementor - v3.5.0 - 12-12-2021 *\/\n.elementor-widget-text-editor.elementor-drop-cap-view-stacked .elementor-drop-cap{background-color:#818a91;color:#fff}.elementor-widget-text-editor.elementor-drop-cap-view-framed .elementor-drop-cap{color:#818a91;border:3px solid;background-color:transparent}.elementor-widget-text-editor:not(.elementor-drop-cap-view-default) .elementor-drop-cap{margin-top:8px}.elementor-widget-text-editor:not(.elementor-drop-cap-view-default) .elementor-drop-cap-letter{width:1em;height:1em}.elementor-widget-text-editor .elementor-drop-cap{float:left;text-align:center;line-height:1;font-size:50px}.elementor-widget-text-editor .elementor-drop-cap-letter{display:inline-block}<\/style>\t\t\t\t<p>Ce matelas a \u00e9t\u00e9 pens\u00e9 pour ceux qui refusent de choisir entre soutien et douceur. Sa mousse haute r\u00e9silience D30 de 25 cm \u00e9pouse parfaitement les courbes du corps, tandis que son surmatelas int\u00e9gr\u00e9 en mousse soft enveloppe chaque nuit d&rsquo;un moelleux incomparable.<\/p>\t\t\t\t\t\t<\/div>\n\t\t\t\t<\/div>\n\t\t\t\t\t<\/div>\n\t\t<\/div>\n\t\t\t\t\t\t\t<\/div>\n\t\t<\/section>\n\t\t\t\t<div class=\"elementor-element elementor-element-fa6e109 elementor-widget elementor-widget-heading\" data-id=\"fa6e109\" data-element_type=\"widget\" data-widget_type=\"heading.default\">\n\t\t\t\t<div class=\"elementor-widget-container\">\n\t\t\t<h2 class=\"elementor-heading-title elementor-size-default\">Harmonie. L\u00e0 o\u00f9 le soutien rencontre la douceur<\/h2>\t\t<\/div>\n\t\t\t\t<\/div>\n\t\t\t\t<section class=\"elementor-section elementor-inner-section elementor-element elementor-element-5374378 elementor-section-boxed elementor-section-height-default elementor-section-height-default qodef-elementor-content-no\" data-id=\"5374378\" data-element_type=\"section\">\n\t\t\t\t\t\t<div class=\"elementor-container elementor-column-gap-default\">\n\t\t\t\t\t<div class=\"elementor-column elementor-col-50 elementor-inner-column elementor-element elementor-element-17b2718\" data-id=\"17b2718\" data-element_type=\"column\">\n\t\t\t<div class=\"elementor-widget-wrap elementor-element-populated\">\n\t\t\t\t\t\t\t\t<div class=\"elementor-element elementor-element-e6b5063 elementor-widget elementor-widget-heading\" data-id=\"e6b5063\" data-element_type=\"widget\" data-widget_type=\"heading.default\">\n\t\t\t\t<div class=\"elementor-widget-container\">\n\t\t\t<h3 class=\"elementor-heading-title elementor-size-default\">Soutien Chaque Nuit<\/h3>\t\t<\/div>\n\t\t\t\t<\/div>\n\t\t\t\t<div class=\"elementor-element elementor-element-d5a80c0 elementor-widget elementor-widget-text-editor\" data-id=\"d5a80c0\" data-element_type=\"widget\" data-widget_type=\"text-editor.default\">\n\t\t\t\t<div class=\"elementor-widget-container\">\n\t\t\t\t\t\t\t<p>Avec son \u00e9paisseur g\u00e9n\u00e9reuse de 25 cm et sa mousse haute r\u00e9silience D30, il offre un maintien ferme et pr\u00e9cis qui prend soin de votre dos.<\/p><p>Le surmatelas soft int\u00e9gr\u00e9 vient adoucir le contact pour un r\u00e9veil repos\u00e9, nuit apr\u00e8s nuit.<\/p>\t\t\t\t\t\t<\/div>\n\t\t\t\t<\/div>\n\t\t\t\t\t<\/div>\n\t\t<\/div>\n\t\t\t\t<div class=\"elementor-column elementor-col-50 elementor-inner-column elementor-element elementor-element-4f7032b\" data-id=\"4f7032b\" data-element_type=\"column\">\n\t\t\t<div class=\"elementor-widget-wrap elementor-element-populated\">\n\t\t\t\t\t\t\t\t<div class=\"elementor-element elementor-element-9d77223 elementor-widget elementor-widget-image\" data-id=\"9d77223\" data-element_type=\"widget\" data-widget_type=\"image.default\">\n\t\t\t\t<div class=\"elementor-widget-container\">\n\t\t\t\t\t\t\t\t\t\t\t\t\t\t\t<img loading=\"lazy\" decoding=\"async\" width=\"1200\" height=\"1200\" src=\"https:\/\/atlasmatelasdz.com\/wp-content\/uploads\/2026\/03\/Atlas-Matelas-Matelas-Harmonie-vue-zommee-sur-details-du-matelas.webp\" class=\"attachment-full size-full\" alt=\"D\u00e9tail mousse haute r\u00e9silience D30 et surmatelas soft \u2013 Matelas Harmonie Atlas Matelas\" srcset=\"https:\/\/atlasmatelasdz.com\/wp-content\/uploads\/2026\/03\/Atlas-Matelas-Matelas-Harmonie-vue-zommee-sur-details-du-matelas.webp 1200w, https:\/\/atlasmatelasdz.com\/wp-content\/uploads\/2026\/03\/Atlas-Matelas-Matelas-Harmonie-vue-zommee-sur-details-du-matelas-300x300.webp 300w, https:\/\/atlasmatelasdz.com\/wp-content\/uploads\/2026\/03\/Atlas-Matelas-Matelas-Harmonie-vue-zommee-sur-details-du-matelas-1024x1024.webp 1024w, https:\/\/atlasmatelasdz.com\/wp-content\/uploads\/2026\/03\/Atlas-Matelas-Matelas-Harmonie-vue-zommee-sur-details-du-matelas-150x150.webp 150w, https:\/\/atlasmatelasdz.com\/wp-content\/uploads\/2026\/03\/Atlas-Matelas-Matelas-Harmonie-vue-zommee-sur-details-du-matelas-768x768.webp 768w, https:\/\/atlasmatelasdz.com\/wp-content\/uploads\/2026\/03\/Atlas-Matelas-Matelas-Harmonie-vue-zommee-sur-details-du-matelas-12x12.webp 12w, https:\/\/atlasmatelasdz.com\/wp-content\/uploads\/2026\/03\/Atlas-Matelas-Matelas-Harmonie-vue-zommee-sur-details-du-matelas-650x650.webp 650w, https:\/\/atlasmatelasdz.com\/wp-content\/uploads\/2026\/03\/Atlas-Matelas-Matelas-Harmonie-vue-zommee-sur-details-du-matelas-500x500.webp 500w, https:\/\/atlasmatelasdz.com\/wp-content\/uploads\/2026\/03\/Atlas-Matelas-Matelas-Harmonie-vue-zommee-sur-details-du-matelas-936x936.webp 936w, https:\/\/atlasmatelasdz.com\/wp-content\/uploads\/2026\/03\/Atlas-Matelas-Matelas-Harmonie-vue-zommee-sur-details-du-matelas-100x100.webp 100w\" sizes=\"auto, (max-width: 1200px) 100vw, 1200px\" \/>\t\t\t\t\t\t\t\t\t\t\t\t\t\t\t<\/div>\n\t\t\t\t<\/div>\n\t\t\t\t\t<\/div>\n\t\t<\/div>\n\t\t\t\t\t\t\t<\/div>\n\t\t<\/section>\n\t\t\t\t<section class=\"elementor-section elementor-inner-section elementor-element elementor-element-578cdd9 elementor-section-boxed elementor-section-height-default elementor-section-height-default qodef-elementor-content-no\" data-id=\"578cdd9\" data-element_type=\"section\">\n\t\t\t\t\t\t<div class=\"elementor-container elementor-column-gap-default\">\n\t\t\t\t\t<div class=\"elementor-column elementor-col-50 elementor-inner-column elementor-element elementor-element-ab5eac9\" data-id=\"ab5eac9\" data-element_type=\"column\">\n\t\t\t<div class=\"elementor-widget-wrap elementor-element-populated\">\n\t\t\t\t\t\t\t\t<div class=\"elementor-element elementor-element-8477e35 elementor-widget elementor-widget-image\" data-id=\"8477e35\" data-element_type=\"widget\" data-widget_type=\"image.default\">\n\t\t\t\t<div class=\"elementor-widget-container\">\n\t\t\t\t\t\t\t\t\t\t\t\t\t\t\t<img loading=\"lazy\" decoding=\"async\" width=\"1200\" height=\"1200\" src=\"https:\/\/atlasmatelasdz.com\/wp-content\/uploads\/2026\/03\/Atlas-Matelas-Matelas-Harmonie-Housse-lavable.webp\" class=\"attachment-full size-full\" alt=\"Housse lavable et imperm\u00e9able du matelas Harmonie D30 \u2013 Atlas Matelas Alg\u00e9rie\" srcset=\"https:\/\/atlasmatelasdz.com\/wp-content\/uploads\/2026\/03\/Atlas-Matelas-Matelas-Harmonie-Housse-lavable.webp 1200w, https:\/\/atlasmatelasdz.com\/wp-content\/uploads\/2026\/03\/Atlas-Matelas-Matelas-Harmonie-Housse-lavable-300x300.webp 300w, https:\/\/atlasmatelasdz.com\/wp-content\/uploads\/2026\/03\/Atlas-Matelas-Matelas-Harmonie-Housse-lavable-1024x1024.webp 1024w, https:\/\/atlasmatelasdz.com\/wp-content\/uploads\/2026\/03\/Atlas-Matelas-Matelas-Harmonie-Housse-lavable-150x150.webp 150w, https:\/\/atlasmatelasdz.com\/wp-content\/uploads\/2026\/03\/Atlas-Matelas-Matelas-Harmonie-Housse-lavable-768x768.webp 768w, https:\/\/atlasmatelasdz.com\/wp-content\/uploads\/2026\/03\/Atlas-Matelas-Matelas-Harmonie-Housse-lavable-12x12.webp 12w, https:\/\/atlasmatelasdz.com\/wp-content\/uploads\/2026\/03\/Atlas-Matelas-Matelas-Harmonie-Housse-lavable-650x650.webp 650w, https:\/\/atlasmatelasdz.com\/wp-content\/uploads\/2026\/03\/Atlas-Matelas-Matelas-Harmonie-Housse-lavable-500x500.webp 500w, https:\/\/atlasmatelasdz.com\/wp-content\/uploads\/2026\/03\/Atlas-Matelas-Matelas-Harmonie-Housse-lavable-936x936.webp 936w, https:\/\/atlasmatelasdz.com\/wp-content\/uploads\/2026\/03\/Atlas-Matelas-Matelas-Harmonie-Housse-lavable-100x100.webp 100w\" sizes=\"auto, (max-width: 1200px) 100vw, 1200px\" \/>\t\t\t\t\t\t\t\t\t\t\t\t\t\t\t<\/div>\n\t\t\t\t<\/div>\n\t\t\t\t\t<\/div>\n\t\t<\/div>\n\t\t\t\t<div class=\"elementor-column elementor-col-50 elementor-inner-column elementor-element elementor-element-fd0f653\" data-id=\"fd0f653\" data-element_type=\"column\">\n\t\t\t<div class=\"elementor-widget-wrap elementor-element-populated\">\n\t\t\t\t\t\t\t\t<div class=\"elementor-element elementor-element-978805e elementor-widget elementor-widget-heading\" data-id=\"978805e\" data-element_type=\"widget\" data-widget_type=\"heading.default\">\n\t\t\t\t<div class=\"elementor-widget-container\">\n\t\t\t<h3 class=\"elementor-heading-title elementor-size-default\">Hygi\u00e8ne Et Durabilit\u00e9<\/h3>\t\t<\/div>\n\t\t\t\t<\/div>\n\t\t\t\t<div class=\"elementor-element elementor-element-efc9ce5 elementor-widget elementor-widget-text-editor\" data-id=\"efc9ce5\" data-element_type=\"widget\" data-widget_type=\"text-editor.default\">\n\t\t\t\t<div class=\"elementor-widget-container\">\n\t\t\t\t\t\t\t<p>Le matelas Harmonie est le compagnon id\u00e9al des foyers exigeants. Sa housse enti\u00e8rement lavable et imperm\u00e9able assure une propret\u00e9 irr\u00e9prochable au quotidien, pendant que sa structure en mousse haute r\u00e9silience garantit une long\u00e9vit\u00e9 remarquable dans le temps.<\/p>\t\t\t\t\t\t<\/div>\n\t\t\t\t<\/div>\n\t\t\t\t\t<\/div>\n\t\t<\/div>\n\t\t\t\t\t\t\t<\/div>\n\t\t<\/section>\n\t\t\t\t<section class=\"elementor-section elementor-inner-section elementor-element elementor-element-8e4ab09 elementor-section-boxed elementor-section-height-default elementor-section-height-default qodef-elementor-content-no\" data-id=\"8e4ab09\" data-element_type=\"section\">\n\t\t\t\t\t\t<div class=\"elementor-container elementor-column-gap-default\">\n\t\t\t\t\t<div class=\"elementor-column elementor-col-50 elementor-inner-column elementor-element elementor-element-208234e\" data-id=\"208234e\" data-element_type=\"column\">\n\t\t\t<div class=\"elementor-widget-wrap elementor-element-populated\">\n\t\t\t\t\t\t\t\t<div class=\"elementor-element elementor-element-3dae4f0 elementor-widget elementor-widget-heading\" data-id=\"3dae4f0\" data-element_type=\"widget\" data-widget_type=\"heading.default\">\n\t\t\t\t<div class=\"elementor-widget-container\">\n\t\t\t<h3 class=\"elementor-heading-title elementor-size-default\">Bien-\u00catre Profond<\/h3>\t\t<\/div>\n\t\t\t\t<\/div>\n\t\t\t\t<div class=\"elementor-element elementor-element-2a0a0bd elementor-widget elementor-widget-text-editor\" data-id=\"2a0a0bd\" data-element_type=\"widget\" data-widget_type=\"text-editor.default\">\n\t\t\t\t<div class=\"elementor-widget-container\">\n\t\t\t\t\t\t\t<p data-start=\"112\" data-end=\"314\">Ce matelas est pens\u00e9 pour les familles alg\u00e9riennes qui cherchent un sommeil v\u00e9ritablement r\u00e9parateur, o\u00f9 il associe la fermet\u00e9 d\u2019une mousse haute r\u00e9silience D30 \u00e0 l\u2019accueil doux d\u2019un surmatelas int\u00e9gr\u00e9 en mousse soft. Confortable, hygi\u00e9nique et durable, il red\u00e9finit le bien-\u00eatre au quotidien.<\/p>\t\t\t\t\t\t<\/div>\n\t\t\t\t<\/div>\n\t\t\t\t\t<\/div>\n\t\t<\/div>\n\t\t\t\t<div class=\"elementor-column elementor-col-50 elementor-inner-column elementor-element elementor-element-cd72427\" data-id=\"cd72427\" data-element_type=\"column\">\n\t\t\t<div class=\"elementor-widget-wrap elementor-element-populated\">\n\t\t\t\t\t\t\t\t<div class=\"elementor-element elementor-element-621edbc elementor-widget elementor-widget-image\" data-id=\"621edbc\" data-element_type=\"widget\" data-widget_type=\"image.default\">\n\t\t\t\t<div class=\"elementor-widget-container\">\n\t\t\t\t\t\t\t\t\t\t\t\t\t\t\t<img loading=\"lazy\" decoding=\"async\" width=\"1200\" height=\"674\" src=\"https:\/\/atlasmatelasdz.com\/wp-content\/uploads\/2026\/03\/Atlas-Matelas-Matelas-Harmonie-e1776157549852.webp\" class=\"attachment-full size-full\" alt=\"Matelas Harmonie D30 25 cm mousse haute r\u00e9silience \u2013 Atlas Matelas Alg\u00e9rie\" srcset=\"https:\/\/atlasmatelasdz.com\/wp-content\/uploads\/2026\/03\/Atlas-Matelas-Matelas-Harmonie-e1776157549852.webp 1200w, https:\/\/atlasmatelasdz.com\/wp-content\/uploads\/2026\/03\/Atlas-Matelas-Matelas-Harmonie-e1776157549852-300x169.webp 300w, https:\/\/atlasmatelasdz.com\/wp-content\/uploads\/2026\/03\/Atlas-Matelas-Matelas-Harmonie-e1776157549852-1024x575.webp 1024w, https:\/\/atlasmatelasdz.com\/wp-content\/uploads\/2026\/03\/Atlas-Matelas-Matelas-Harmonie-e1776157549852-768x431.webp 768w, https:\/\/atlasmatelasdz.com\/wp-content\/uploads\/2026\/03\/Atlas-Matelas-Matelas-Harmonie-e1776157549852-18x10.webp 18w, https:\/\/atlasmatelasdz.com\/wp-content\/uploads\/2026\/03\/Atlas-Matelas-Matelas-Harmonie-e1776157549852-500x281.webp 500w, https:\/\/atlasmatelasdz.com\/wp-content\/uploads\/2026\/03\/Atlas-Matelas-Matelas-Harmonie-e1776157549852-936x526.webp 936w\" sizes=\"auto, (max-width: 1200px) 100vw, 1200px\" \/>\t\t\t\t\t\t\t\t\t\t\t\t\t\t\t<\/div>\n\t\t\t\t<\/div>\n\t\t\t\t\t<\/div>\n\t\t<\/div>\n\t\t\t\t\t\t\t<\/div>\n\t\t<\/section>\n\t\t\t\t\t<\/div>\n\t\t<\/div>\n\t\t\t\t\t\t\t<\/div>\n\t\t<\/section>\n\t\t\t\t\t\t<\/div>\n\t\t\t\t\t<\/div>","protected":false},"excerpt":{"rendered":"<p>Le matelas Harmonie D30 est con\u00e7u pour les personnes recherchant un matelas offrant un excellent maintien avec un accueil doux et confortable. Gr\u00e2ce \u00e0 sa mousse haute r\u00e9silience D30 et son \u00e9paisseur de 25 cm, il assure un bon soutien du corps tout en favorisant une sensation de bien-\u00eatre pendant le sommeil.<\/p>\n<p>Dot\u00e9 d\u2019un surmatelas int\u00e9gr\u00e9 en mousse soft, il procure un accueil moelleux et agr\u00e9able. Sa housse lavable et imperm\u00e9able garantit une hygi\u00e8ne optimale au quotidien, faisant de ce matelas un choix id\u00e9al pour celles et ceux qui souhaitent un matelas confortable, pratique et durable.<\/p>\n<p>&nbsp;<\/p>","protected":false},"featured_media":18318,"comment_status":"open","ping_status":"closed","template":"","meta":[],"product_brand":[161],"product_cat":[139],"product_tag":[171,180],"class_list":{"0":"post-18306","1":"product","2":"type-product","3":"status-publish","4":"has-post-thumbnail","6":"product_brand-atlas-matelas","7":"product_cat-matelas-en-mousse","8":"product_tag-epaisseur-25cm","9":"product_tag-mousse-d30","11":"first","12":"instock","13":"sale","14":"shipping-taxable","15":"purchasable","16":"product-type-variable","17":"has-default-attributes"},"jetpack_sharing_enabled":true,"_links":{"self":[{"href":"https:\/\/atlasmatelasdz.com\/ar\/wp-json\/wp\/v2\/product\/18306","targetHints":{"allow":["GET"]}}],"collection":[{"href":"https:\/\/atlasmatelasdz.com\/ar\/wp-json\/wp\/v2\/product"}],"about":[{"href":"https:\/\/atlasmatelasdz.com\/ar\/wp-json\/wp\/v2\/types\/product"}],"replies":[{"embeddable":true,"href":"https:\/\/atlasmatelasdz.com\/ar\/wp-json\/wp\/v2\/comments?post=18306"}],"version-history":[{"count":29,"href":"https:\/\/atlasmatelasdz.com\/ar\/wp-json\/wp\/v2\/product\/18306\/revisions"}],"predecessor-version":[{"id":18401,"href":"https:\/\/atlasmatelasdz.com\/ar\/wp-json\/wp\/v2\/product\/18306\/revisions\/18401"}],"wp:featuredmedia":[{"embeddable":true,"href":"https:\/\/atlasmatelasdz.com\/ar\/wp-json\/wp\/v2\/media\/18318"}],"wp:attachment":[{"href":"https:\/\/atlasmatelasdz.com\/ar\/wp-json\/wp\/v2\/media?parent=18306"}],"wp:term":[{"taxonomy":"product_brand","embeddable":true,"href":"https:\/\/atlasmatelasdz.com\/ar\/wp-json\/wp\/v2\/product_brand?post=18306"},{"taxonomy":"product_cat","embeddable":true,"href":"https:\/\/atlasmatelasdz.com\/ar\/wp-json\/wp\/v2\/product_cat?post=18306"},{"taxonomy":"product_tag","embeddable":true,"href":"https:\/\/atlasmatelasdz.com\/ar\/wp-json\/wp\/v2\/product_tag?post=18306"}],"curies":[{"name":"wp","href":"https:\/\/api.w.org\/{rel}","templated":true}]}}