{"id":6522,"date":"2023-12-23T10:05:55","date_gmt":"2023-12-23T09:05:55","guid":{"rendered":"https:\/\/konsept.qodeinteractive.com\/?post_type=product&#038;p=6522"},"modified":"2025-11-18T13:08:41","modified_gmt":"2025-11-18T12:08:41","slug":"tete-de-lit-accordeon","status":"publish","type":"product","link":"https:\/\/atlasmatelasdz.com\/ar\/product\/tete-de-lit-accordeon\/","title":{"rendered":"\u0645\u0633\u0646\u062f \u0633\u0631\u064a\u0631 \u0623\u0643\u0648\u0631\u062f\u064a\u0648\u0646"},"content":{"rendered":"<div data-elementor-type=\"wp-post\" data-elementor-id=\"6522\" class=\"elementor elementor-6522\" data-elementor-settings=\"[]\">\n\t\t\t\t\t\t\t<div class=\"elementor-section-wrap\">\n\t\t\t\t\t\t\t<section class=\"elementor-section elementor-top-section elementor-element elementor-element-8c51b7f elementor-section-boxed elementor-section-height-default elementor-section-height-default qodef-elementor-content-no\" data-id=\"8c51b7f\" data-element_type=\"section\">\n\t\t\t\t\t\t<div class=\"elementor-container elementor-column-gap-default\">\n\t\t\t\t\t<div class=\"elementor-column elementor-col-100 elementor-top-column elementor-element elementor-element-492123a\" data-id=\"492123a\" data-element_type=\"column\">\n\t\t\t<div class=\"elementor-widget-wrap elementor-element-populated\">\n\t\t\t\t\t\t\t\t<div class=\"elementor-element elementor-element-743d696 elementor-widget elementor-widget-text-editor\" data-id=\"743d696\" data-element_type=\"widget\" data-widget_type=\"text-editor.default\">\n\t\t\t\t<div class=\"elementor-widget-container\">\n\t\t\t<style>\/*! elementor - v3.5.0 - 12-12-2021 *\/\n.elementor-widget-text-editor.elementor-drop-cap-view-stacked .elementor-drop-cap{background-color:#818a91;color:#fff}.elementor-widget-text-editor.elementor-drop-cap-view-framed .elementor-drop-cap{color:#818a91;border:3px solid;background-color:transparent}.elementor-widget-text-editor:not(.elementor-drop-cap-view-default) .elementor-drop-cap{margin-top:8px}.elementor-widget-text-editor:not(.elementor-drop-cap-view-default) .elementor-drop-cap-letter{width:1em;height:1em}.elementor-widget-text-editor .elementor-drop-cap{float:left;text-align:center;line-height:1;font-size:50px}.elementor-widget-text-editor .elementor-drop-cap-letter{display:inline-block}<\/style>\t\t\t\t\t\t\t\t\t\t<\/div>\n\t\t\t\t<\/div>\n\t\t\t\t\t<\/div>\n\t\t<\/div>\n\t\t\t\t\t\t\t<\/div>\n\t\t<\/section>\n\t\t\t\t<section class=\"elementor-section elementor-top-section elementor-element elementor-element-2c17f08 elementor-section-boxed elementor-section-height-default elementor-section-height-default qodef-elementor-content-no\" data-id=\"2c17f08\" data-element_type=\"section\">\n\t\t\t\t\t\t<div class=\"elementor-container elementor-column-gap-default\">\n\t\t\t\t\t<div class=\"elementor-column elementor-col-50 elementor-top-column elementor-element elementor-element-d083b86\" data-id=\"d083b86\" data-element_type=\"column\">\n\t\t\t<div class=\"elementor-widget-wrap elementor-element-populated\">\n\t\t\t\t\t\t\t\t<div class=\"elementor-element elementor-element-c191b67 elementor-widget elementor-widget-heading\" data-id=\"c191b67\" data-element_type=\"widget\" data-widget_type=\"heading.default\">\n\t\t\t\t<div class=\"elementor-widget-container\">\n\t\t\t<style>\/*! elementor - v3.5.0 - 12-12-2021 *\/\n.elementor-heading-title{padding:0;margin:0;line-height:1}.elementor-widget-heading .elementor-heading-title[class*=elementor-size-]>a{color:inherit;font-size:inherit;line-height:inherit}.elementor-widget-heading .elementor-heading-title.elementor-size-small{font-size:15px}.elementor-widget-heading .elementor-heading-title.elementor-size-medium{font-size:19px}.elementor-widget-heading .elementor-heading-title.elementor-size-large{font-size:29px}.elementor-widget-heading .elementor-heading-title.elementor-size-xl{font-size:39px}.elementor-widget-heading .elementor-heading-title.elementor-size-xxl{font-size:59px}<\/style><h3 class=\"elementor-heading-title elementor-size-default\">\u0627\u0644\u0645\u0645\u064a\u0632\u0627\u062a:<\/h3>\t\t<\/div>\n\t\t\t\t<\/div>\n\t\t\t\t<div class=\"elementor-element elementor-element-e757bbe elementor-widget elementor-widget-text-editor\" data-id=\"e757bbe\" data-element_type=\"widget\" data-widget_type=\"text-editor.default\">\n\t\t\t\t<div class=\"elementor-widget-container\">\n\t\t\t\t\t\t\t<ul><li data-start=\"187\" data-end=\"297\">Ses lignes verticales capitonn\u00e9es \u00e9voquent le <strong>pli \u00e9l\u00e9gant d\u2019un accord\u00e9on<\/strong>, apportant rythme et harmonie \u00e0 votre espace nuit.<\/li><li data-start=\"301\" data-end=\"402\"><strong data-start=\"316\" data-end=\"338\">Finitions soign\u00e9es<\/strong> avec le rev\u00eatement capitonn\u00e9 de qualit\u00e9 afin d&rsquo;offrir une esth\u00e9tique raffin\u00e9e et un confort optimal.<\/li><li data-start=\"406\" data-end=\"516\">Gr\u00e2ce \u00e0 ses<strong> fixations standards<\/strong>, elle s&rsquo;adapte facilement \u00e0 la plupart des sommiers et lits, y compris ceux d&rsquo;Atlas Matelas.<\/li><li data-start=\"520\" data-end=\"623\">Produite par <strong>Atlas Matelas en Alg\u00e9rie<\/strong>, elle b\u00e9n\u00e9ficie d&rsquo;un savoir-faire reconnu et d&rsquo;une attention particuli\u00e8re aux d\u00e9tails.<\/li><\/ul>\t\t\t\t\t\t<\/div>\n\t\t\t\t<\/div>\n\t\t\t\t\t<\/div>\n\t\t<\/div>\n\t\t\t\t<div class=\"elementor-column elementor-col-50 elementor-top-column elementor-element elementor-element-a116270\" data-id=\"a116270\" data-element_type=\"column\">\n\t\t\t<div class=\"elementor-widget-wrap elementor-element-populated\">\n\t\t\t\t\t\t\t\t<div class=\"elementor-element elementor-element-f61c056 elementor-widget elementor-widget-heading\" data-id=\"f61c056\" data-element_type=\"widget\" data-widget_type=\"heading.default\">\n\t\t\t\t<div class=\"elementor-widget-container\">\n\t\t\t<h3 class=\"elementor-heading-title elementor-size-default\">\u0627\u0644\u0645\u0642\u0627\u0633\u0627\u062a \u0627\u0644\u0645\u062a\u0648\u0641\u0631\u0629 <\/h3>\t\t<\/div>\n\t\t\t\t<\/div>\n\t\t\t\t<div class=\"elementor-element elementor-element-bda83fd elementor-widget elementor-widget-text-editor\" data-id=\"bda83fd\" data-element_type=\"widget\" data-widget_type=\"text-editor.default\">\n\t\t\t\t<div class=\"elementor-widget-container\">\n\t\t\t\t\t\t\t<ul><li>90 cm x 120 cm \u2013 Lit une place<\/li><li>120 cm x 120 cm \u2013 Lit une place et demie<\/li><li>140 cm x 120 cm \u2013 Lit double<\/li><li>160 cm x 120 cm \u2013 Queen size<\/li><li>180 cm x 120 cm \u2013 King size<\/li><\/ul>\t\t\t\t\t\t<\/div>\n\t\t\t\t<\/div>\n\t\t\t\t\t<\/div>\n\t\t<\/div>\n\t\t\t\t\t\t\t<\/div>\n\t\t<\/section>\n\t\t\t\t<section class=\"elementor-section elementor-top-section elementor-element elementor-element-55099b5 elementor-section-boxed elementor-section-height-default elementor-section-height-default qodef-elementor-content-no\" data-id=\"55099b5\" data-element_type=\"section\">\n\t\t\t\t\t\t<div class=\"elementor-container elementor-column-gap-default\">\n\t\t\t\t\t<div class=\"elementor-column elementor-col-50 elementor-top-column elementor-element elementor-element-37fbb44\" data-id=\"37fbb44\" data-element_type=\"column\">\n\t\t\t<div class=\"elementor-widget-wrap elementor-element-populated\">\n\t\t\t\t\t\t\t\t<div class=\"elementor-element elementor-element-ffd68f3 elementor-widget elementor-widget-heading\" data-id=\"ffd68f3\" data-element_type=\"widget\" data-widget_type=\"heading.default\">\n\t\t\t\t<div class=\"elementor-widget-container\">\n\t\t\t<h3 class=\"elementor-heading-title elementor-size-default\">Pourquoi choisir la t\u00eate de lit accord\u00e9on?<\/h3>\t\t<\/div>\n\t\t\t\t<\/div>\n\t\t\t\t<div class=\"elementor-element elementor-element-2a336bc elementor-widget elementor-widget-text-editor\" data-id=\"2a336bc\" data-element_type=\"widget\" data-widget_type=\"text-editor.default\">\n\t\t\t\t<div class=\"elementor-widget-container\">\n\t\t\t\t\t\t\t<ul><li><strong>Un design \u00e9l\u00e9gant et original<\/strong> inspir\u00e9 d\u2019un accord\u00e9on, apporte un style moderne et harmonieux \u00e0 votre chambre.<\/li><li><strong>Confort et qualit\u00e9 de fabrication<\/strong> avec des mat\u00e9riaux soigneusement s\u00e9lectionn\u00e9s, elle offre un excellent confort visuel et tactile.<\/li><li><strong>Compatibilit\u00e9 et personnalisation<\/strong>, elle s\u2019adapte \u00e0 la plupart des lits et peut \u00eatre personnalis\u00e9e selon vos pr\u00e9f\u00e9rences.<\/li><\/ul>\t\t\t\t\t\t<\/div>\n\t\t\t\t<\/div>\n\t\t\t\t\t<\/div>\n\t\t<\/div>\n\t\t\t\t<div class=\"elementor-column elementor-col-50 elementor-top-column elementor-element elementor-element-4811c73\" data-id=\"4811c73\" data-element_type=\"column\">\n\t\t\t<div class=\"elementor-widget-wrap elementor-element-populated\">\n\t\t\t\t\t\t\t\t<div class=\"elementor-element elementor-element-aa83a79 elementor-widget elementor-widget-heading\" data-id=\"aa83a79\" data-element_type=\"widget\" data-widget_type=\"heading.default\">\n\t\t\t\t<div class=\"elementor-widget-container\">\n\t\t\t<h3 class=\"elementor-heading-title elementor-size-default\">\u0627\u0644\u0627\u0633\u062a\u062e\u062f\u0627\u0645 \u0648\u0627\u0644\u062a\u0648\u0627\u0641\u0642<\/h3>\t\t<\/div>\n\t\t\t\t<\/div>\n\t\t\t\t<div class=\"elementor-element elementor-element-f75f242 elementor-widget elementor-widget-text-editor\" data-id=\"f75f242\" data-element_type=\"widget\" data-widget_type=\"text-editor.default\">\n\t\t\t\t<div class=\"elementor-widget-container\">\n\t\t\t\t\t\t\t<p data-start=\"149\" data-end=\"433\">La t\u00eate de lit Accord\u00e9on est id\u00e9ale pour les chambres \u00e0 coucher modernes, les h\u00f4tels ou les r\u00e9sidences \u00e0 la recherche d\u2019une touche design, apportant l&rsquo;\u00e9l\u00e9gance et caract\u00e8re \u00e0 tout type d\u2019environnement. Gr\u00e2ce \u00e0 ses fixations universelles, elle est compatible avec la plupart des sommiers et lits standards, y compris <a href=\"\/ar\/product-category\/sommiers-lits\/\"><strong>\u0623\u0633\u0631\u0629 \u0623\u0637\u0644\u0633 \u0644\u0644\u0645\u0631\u0627\u062a\u0628<\/strong> <\/a>.<\/p>\t\t\t\t\t\t<\/div>\n\t\t\t\t<\/div>\n\t\t\t\t\t<\/div>\n\t\t<\/div>\n\t\t\t\t\t\t\t<\/div>\n\t\t<\/section>\n\t\t\t\t<section class=\"elementor-section elementor-top-section elementor-element elementor-element-4c0b57f elementor-section-boxed elementor-section-height-default elementor-section-height-default qodef-elementor-content-no\" data-id=\"4c0b57f\" data-element_type=\"section\">\n\t\t\t\t\t\t<div class=\"elementor-container elementor-column-gap-default\">\n\t\t\t\t\t<div class=\"elementor-column elementor-col-100 elementor-top-column elementor-element elementor-element-15cabc3\" data-id=\"15cabc3\" data-element_type=\"column\">\n\t\t\t<div class=\"elementor-widget-wrap elementor-element-populated\">\n\t\t\t\t\t\t\t\t<div class=\"elementor-element elementor-element-401b433 elementor-widget elementor-widget-heading\" data-id=\"401b433\" data-element_type=\"widget\" data-widget_type=\"heading.default\">\n\t\t\t\t<div class=\"elementor-widget-container\">\n\t\t\t<h2 class=\"elementor-heading-title elementor-size-default\">\u062a\u0635\u0645\u064a\u0645 \u062d\u0633\u0628 \u0627\u0644\u0637\u0644\u0628<\/h2>\t\t<\/div>\n\t\t\t\t<\/div>\n\t\t\t\t<div class=\"elementor-element elementor-element-c26c1b9 elementor-widget elementor-widget-text-editor\" data-id=\"c26c1b9\" data-element_type=\"widget\" data-widget_type=\"text-editor.default\">\n\t\t\t\t<div class=\"elementor-widget-container\">\n\t\t\t\t\t\t\t<p><strong>\u0623\u0637\u0644\u0633 \u0644\u0644\u0645\u0631\u0627\u062a\u0628<\/strong> vous offre la possibilit\u00e9 de personnaliser votre <strong>t\u00eate de lit Accord\u00e9on<\/strong> selon vos envies. Personnalisez votre t\u00eate de lit Accord\u00e9on avec<strong> le tissu et les dimensions<\/strong> de votre choix pour un mod\u00e8le unique, fabriqu\u00e9 par Atlas Matelas.<\/p>\t\t\t\t\t\t<\/div>\n\t\t\t\t<\/div>\n\t\t\t\t\t<\/div>\n\t\t<\/div>\n\t\t\t\t\t\t\t<\/div>\n\t\t<\/section>\n\t\t\t\t\t\t<\/div>\n\t\t\t\t\t<\/div>","protected":false},"excerpt":{"rendered":"<p>Cette t\u00eate de lit se distingue par ses lignes verticales capitonn\u00e9es, inspir\u00e9es du pli \u00e9l\u00e9gant d\u2019un accord\u00e9on, \u00e9voquant rythme et harmonie.<br \/>\nElle apporte une <strong>touche sophistiqu\u00e9e \u00e0 toute chambre \u00e0 coucher moderne<\/strong>. Elle est fabriqu\u00e9e avec soin par Atlas Matelas, elle est disponible en plusieurs dimensions et finitions pour s\u2019adapter \u00e0 votre espace. Un choix id\u00e9al pour allier <strong>design, confort et originalit\u00e9<\/strong>.<\/p>","protected":false},"featured_media":16332,"comment_status":"open","ping_status":"closed","template":"","meta":[],"product_brand":[161],"product_cat":[83,164],"product_tag":[],"class_list":{"0":"post-6522","1":"product","2":"type-product","3":"status-publish","4":"has-post-thumbnail","6":"product_brand-atlas-matelas","7":"product_cat-sommiers-lits","8":"product_cat-tetes-de-lit","10":"first","11":"instock","12":"shipping-taxable","13":"purchasable","14":"product-type-variable","15":"has-default-attributes"},"jetpack_sharing_enabled":true,"_links":{"self":[{"href":"https:\/\/atlasmatelasdz.com\/ar\/wp-json\/wp\/v2\/product\/6522","targetHints":{"allow":["GET"]}}],"collection":[{"href":"https:\/\/atlasmatelasdz.com\/ar\/wp-json\/wp\/v2\/product"}],"about":[{"href":"https:\/\/atlasmatelasdz.com\/ar\/wp-json\/wp\/v2\/types\/product"}],"replies":[{"embeddable":true,"href":"https:\/\/atlasmatelasdz.com\/ar\/wp-json\/wp\/v2\/comments?post=6522"}],"version-history":[{"count":26,"href":"https:\/\/atlasmatelasdz.com\/ar\/wp-json\/wp\/v2\/product\/6522\/revisions"}],"predecessor-version":[{"id":16340,"href":"https:\/\/atlasmatelasdz.com\/ar\/wp-json\/wp\/v2\/product\/6522\/revisions\/16340"}],"wp:featuredmedia":[{"embeddable":true,"href":"https:\/\/atlasmatelasdz.com\/ar\/wp-json\/wp\/v2\/media\/16332"}],"wp:attachment":[{"href":"https:\/\/atlasmatelasdz.com\/ar\/wp-json\/wp\/v2\/media?parent=6522"}],"wp:term":[{"taxonomy":"product_brand","embeddable":true,"href":"https:\/\/atlasmatelasdz.com\/ar\/wp-json\/wp\/v2\/product_brand?post=6522"},{"taxonomy":"product_cat","embeddable":true,"href":"https:\/\/atlasmatelasdz.com\/ar\/wp-json\/wp\/v2\/product_cat?post=6522"},{"taxonomy":"product_tag","embeddable":true,"href":"https:\/\/atlasmatelasdz.com\/ar\/wp-json\/wp\/v2\/product_tag?post=6522"}],"curies":[{"name":"wp","href":"https:\/\/api.w.org\/{rel}","templated":true}]}}