{"id":8299,"date":"2023-12-24T12:52:38","date_gmt":"2023-12-24T11:52:38","guid":{"rendered":"https:\/\/atlasmatelas.be\/?post_type=product&#038;p=8299"},"modified":"2026-03-20T00:17:14","modified_gmt":"2026-03-19T23:17:14","slug":"matelas-ocean","status":"publish","type":"product","link":"https:\/\/atlasmatelasdz.com\/ar\/product\/matelas-ocean\/","title":{"rendered":"\u0645\u0631\u062a\u0628\u0629  \u0627\u0644\u0645\u062d\u064a\u0637"},"content":{"rendered":"<div data-elementor-type=\"wp-post\" data-elementor-id=\"8299\" class=\"elementor elementor-8299\" data-elementor-settings=\"[]\">\n\t\t\t\t\t\t\t<div class=\"elementor-section-wrap\">\n\t\t\t\t\t\t\t<section class=\"elementor-section elementor-top-section elementor-element elementor-element-28a23ee elementor-section-boxed elementor-section-height-default elementor-section-height-default qodef-elementor-content-no\" data-id=\"28a23ee\" data-element_type=\"section\">\n\t\t\t\t\t\t<div class=\"elementor-container elementor-column-gap-default\">\n\t\t\t\t\t<div class=\"elementor-column elementor-col-100 elementor-top-column elementor-element elementor-element-2c390fe\" data-id=\"2c390fe\" data-element_type=\"column\">\n\t\t\t<div class=\"elementor-widget-wrap elementor-element-populated\">\n\t\t\t\t\t\t\t\t<div class=\"elementor-element elementor-element-0bfaff2 elementor-widget elementor-widget-image\" data-id=\"0bfaff2\" data-element_type=\"widget\" data-widget_type=\"image.default\">\n\t\t\t\t<div class=\"elementor-widget-container\">\n\t\t\t<style>\/*! elementor - v3.5.0 - 12-12-2021 *\/\n.elementor-widget-image{text-align:center}.elementor-widget-image a{display:inline-block}.elementor-widget-image a img[src$=\".svg\"]{width:48px}.elementor-widget-image img{vertical-align:middle;display:inline-block}<\/style>\t\t\t\t\t\t\t\t\t\t\t\t<img loading=\"lazy\" decoding=\"async\" width=\"300\" height=\"107\" src=\"https:\/\/atlasmatelasdz.com\/wp-content\/uploads\/2022\/01\/oeko-tex-logo-1-300x107.png\" class=\"attachment-medium size-medium\" alt=\"\" srcset=\"https:\/\/atlasmatelasdz.com\/wp-content\/uploads\/2022\/01\/oeko-tex-logo-1-300x107.png 300w, https:\/\/atlasmatelasdz.com\/wp-content\/uploads\/2022\/01\/oeko-tex-logo-1-18x6.png 18w, https:\/\/atlasmatelasdz.com\/wp-content\/uploads\/2022\/01\/oeko-tex-logo-1.png 376w\" sizes=\"auto, (max-width: 300px) 100vw, 300px\" \/>\t\t\t\t\t\t\t\t\t\t\t\t\t\t\t<\/div>\n\t\t\t\t<\/div>\n\t\t\t\t<section class=\"elementor-section elementor-inner-section elementor-element elementor-element-bef2863 elementor-hidden-desktop elementor-hidden-tablet elementor-hidden-mobile elementor-section-boxed elementor-section-height-default elementor-section-height-default qodef-elementor-content-no\" data-id=\"bef2863\" data-element_type=\"section\">\n\t\t\t\t\t\t<div class=\"elementor-container elementor-column-gap-default\">\n\t\t\t\t\t<div class=\"elementor-column elementor-col-50 elementor-inner-column elementor-element elementor-element-eb9b961\" data-id=\"eb9b961\" data-element_type=\"column\">\n\t\t\t<div class=\"elementor-widget-wrap elementor-element-populated\">\n\t\t\t\t\t\t\t\t<div class=\"elementor-element elementor-element-7ae3c0e elementor-widget elementor-widget-heading\" data-id=\"7ae3c0e\" data-element_type=\"widget\" data-widget_type=\"heading.default\">\n\t\t\t\t<div class=\"elementor-widget-container\">\n\t\t\t<style>\/*! elementor - v3.5.0 - 12-12-2021 *\/\n.elementor-heading-title{padding:0;margin:0;line-height:1}.elementor-widget-heading .elementor-heading-title[class*=elementor-size-]>a{color:inherit;font-size:inherit;line-height:inherit}.elementor-widget-heading .elementor-heading-title.elementor-size-small{font-size:15px}.elementor-widget-heading .elementor-heading-title.elementor-size-medium{font-size:19px}.elementor-widget-heading .elementor-heading-title.elementor-size-large{font-size:29px}.elementor-widget-heading .elementor-heading-title.elementor-size-xl{font-size:39px}.elementor-widget-heading .elementor-heading-title.elementor-size-xxl{font-size:59px}<\/style><h3 class=\"elementor-heading-title elementor-size-default\">Pourquoi choisir NOX ?<\/h3>\t\t<\/div>\n\t\t\t\t<\/div>\n\t\t\t\t<div class=\"elementor-element elementor-element-1fdbd13 elementor-widget elementor-widget-text-editor\" data-id=\"1fdbd13\" data-element_type=\"widget\" data-widget_type=\"text-editor.default\">\n\t\t\t\t<div class=\"elementor-widget-container\">\n\t\t\t<style>\/*! elementor - v3.5.0 - 12-12-2021 *\/\n.elementor-widget-text-editor.elementor-drop-cap-view-stacked .elementor-drop-cap{background-color:#818a91;color:#fff}.elementor-widget-text-editor.elementor-drop-cap-view-framed .elementor-drop-cap{color:#818a91;border:3px solid;background-color:transparent}.elementor-widget-text-editor:not(.elementor-drop-cap-view-default) .elementor-drop-cap{margin-top:8px}.elementor-widget-text-editor:not(.elementor-drop-cap-view-default) .elementor-drop-cap-letter{width:1em;height:1em}.elementor-widget-text-editor .elementor-drop-cap{float:left;text-align:center;line-height:1;font-size:50px}.elementor-widget-text-editor .elementor-drop-cap-letter{display:inline-block}<\/style>\t\t\t\t<p>Ce matelas convient \u00e0 tous type de dormeur ainsi qu\u2019aux amateurs d\u2019un confort mi-ferme .<\/p><p>Un excellent matelas pour les enfants, la chambre d\u2019amis, les \u00e9tudiants ou ceux qui recherchent un matelas de bonne qualit\u00e9 \u00e0 un prix abordable.<\/p>\t\t\t\t\t\t<\/div>\n\t\t\t\t<\/div>\n\t\t\t\t\t<\/div>\n\t\t<\/div>\n\t\t\t\t<div class=\"elementor-column elementor-col-50 elementor-inner-column elementor-element elementor-element-2c2efaf\" data-id=\"2c2efaf\" data-element_type=\"column\">\n\t\t\t<div class=\"elementor-widget-wrap elementor-element-populated\">\n\t\t\t\t\t\t\t\t<div class=\"elementor-element elementor-element-2f1129c elementor-widget elementor-widget-image\" data-id=\"2f1129c\" data-element_type=\"widget\" data-widget_type=\"image.default\">\n\t\t\t\t<div class=\"elementor-widget-container\">\n\t\t\t\t\t\t\t\t\t\t\t\t\t\t\t<img loading=\"lazy\" decoding=\"async\" width=\"1024\" height=\"548\" src=\"https:\/\/atlasmatelasdz.com\/wp-content\/uploads\/2022\/01\/Nox4-1024x548.png\" class=\"attachment-large size-large\" alt=\"\" srcset=\"https:\/\/atlasmatelasdz.com\/wp-content\/uploads\/2022\/01\/Nox4-1024x548.png 1024w, https:\/\/atlasmatelasdz.com\/wp-content\/uploads\/2022\/01\/Nox4-300x161.png 300w, https:\/\/atlasmatelasdz.com\/wp-content\/uploads\/2022\/01\/Nox4-768x411.png 768w, https:\/\/atlasmatelasdz.com\/wp-content\/uploads\/2022\/01\/Nox4-1536x823.png 1536w, https:\/\/atlasmatelasdz.com\/wp-content\/uploads\/2022\/01\/Nox4-500x268.png 500w, https:\/\/atlasmatelasdz.com\/wp-content\/uploads\/2022\/01\/Nox4-936x501.png 936w, https:\/\/atlasmatelasdz.com\/wp-content\/uploads\/2022\/01\/Nox4.png 2000w\" sizes=\"auto, (max-width: 1024px) 100vw, 1024px\" \/>\t\t\t\t\t\t\t\t\t\t\t\t\t\t\t<\/div>\n\t\t\t\t<\/div>\n\t\t\t\t\t<\/div>\n\t\t<\/div>\n\t\t\t\t\t\t\t<\/div>\n\t\t<\/section>\n\t\t\t\t<div class=\"elementor-element elementor-element-bf5e0bc elementor-hidden-desktop elementor-hidden-tablet elementor-hidden-mobile elementor-widget elementor-widget-heading\" data-id=\"bf5e0bc\" data-element_type=\"widget\" data-widget_type=\"heading.default\">\n\t\t\t\t<div class=\"elementor-widget-container\">\n\t\t\t<h2 class=\"elementor-heading-title elementor-size-default\">la solution id\u00e9ale pour un matelas confortable \u00e0 un prix abordable<\/h2>\t\t<\/div>\n\t\t\t\t<\/div>\n\t\t\t\t<section class=\"elementor-section elementor-inner-section elementor-element elementor-element-c5934a4 elementor-hidden-desktop elementor-hidden-tablet elementor-hidden-mobile elementor-section-boxed elementor-section-height-default elementor-section-height-default qodef-elementor-content-no\" data-id=\"c5934a4\" data-element_type=\"section\">\n\t\t\t\t\t\t<div class=\"elementor-container elementor-column-gap-default\">\n\t\t\t\t\t<div class=\"elementor-column elementor-col-50 elementor-inner-column elementor-element elementor-element-03b7132\" data-id=\"03b7132\" data-element_type=\"column\">\n\t\t\t<div class=\"elementor-widget-wrap elementor-element-populated\">\n\t\t\t\t\t\t\t\t<div class=\"elementor-element elementor-element-050facf elementor-widget elementor-widget-image\" data-id=\"050facf\" data-element_type=\"widget\" data-widget_type=\"image.default\">\n\t\t\t\t<div class=\"elementor-widget-container\">\n\t\t\t\t\t\t\t\t\t\t\t\t\t\t\t<img loading=\"lazy\" decoding=\"async\" width=\"1300\" height=\"650\" src=\"https:\/\/atlasmatelasdz.com\/wp-content\/uploads\/2022\/01\/Untitled-design-5-1300x650.png\" class=\"attachment-qi_addons_for_elementor_image_size_landscape size-qi_addons_for_elementor_image_size_landscape\" alt=\"\" \/>\t\t\t\t\t\t\t\t\t\t\t\t\t\t\t<\/div>\n\t\t\t\t<\/div>\n\t\t\t\t\t<\/div>\n\t\t<\/div>\n\t\t\t\t<div class=\"elementor-column elementor-col-50 elementor-inner-column elementor-element elementor-element-c1e574d\" data-id=\"c1e574d\" data-element_type=\"column\">\n\t\t\t<div class=\"elementor-widget-wrap elementor-element-populated\">\n\t\t\t\t\t\t\t\t<div class=\"elementor-element elementor-element-ec38b3d elementor-widget elementor-widget-heading\" data-id=\"ec38b3d\" data-element_type=\"widget\" data-widget_type=\"heading.default\">\n\t\t\t\t<div class=\"elementor-widget-container\">\n\t\t\t<h3 class=\"elementor-heading-title elementor-size-default\">Ressort Bonnell<\/h3>\t\t<\/div>\n\t\t\t\t<\/div>\n\t\t\t\t<div class=\"elementor-element elementor-element-7be0b0a elementor-widget elementor-widget-text-editor\" data-id=\"7be0b0a\" data-element_type=\"widget\" data-widget_type=\"text-editor.default\">\n\t\t\t\t<div class=\"elementor-widget-container\">\n\t\t\t\t\t\t\t<p>Le noyau du matelas est enti\u00e8rement compos\u00e9 de ressorts en fil d\u2019acier, qui sont reli\u00e9s les uns aux autres pour un soutien \u00e9quilibr\u00e9 et un mouvement ergonomique. Cette structure offre une ventilation optimale\u00a0 et garde ce matelas hygi\u00e9nique .\u00a0<\/p><p>Les ressorts Bonnell sont tr\u00e8s solides, mais aussi tr\u00e8s flexibles. C\u2019est un matelas double face, Il est donc parfaitement possible de le retourner r\u00e9guli\u00e8rement, ce qui permet de prolonger sa dur\u00e9e de vie.<\/p>\t\t\t\t\t\t<\/div>\n\t\t\t\t<\/div>\n\t\t\t\t\t<\/div>\n\t\t<\/div>\n\t\t\t\t\t\t\t<\/div>\n\t\t<\/section>\n\t\t\t\t<section class=\"elementor-section elementor-inner-section elementor-element elementor-element-15dbfc6 elementor-hidden-desktop elementor-hidden-tablet elementor-hidden-mobile elementor-section-boxed elementor-section-height-default elementor-section-height-default qodef-elementor-content-no\" data-id=\"15dbfc6\" data-element_type=\"section\">\n\t\t\t\t\t\t<div class=\"elementor-container elementor-column-gap-default\">\n\t\t\t\t\t<div class=\"elementor-column elementor-col-50 elementor-inner-column elementor-element elementor-element-7d3de64\" data-id=\"7d3de64\" data-element_type=\"column\">\n\t\t\t<div class=\"elementor-widget-wrap elementor-element-populated\">\n\t\t\t\t\t\t\t\t<div class=\"elementor-element elementor-element-436112c elementor-widget elementor-widget-heading\" data-id=\"436112c\" data-element_type=\"widget\" data-widget_type=\"heading.default\">\n\t\t\t\t<div class=\"elementor-widget-container\">\n\t\t\t<h3 class=\"elementor-heading-title elementor-size-default\">Couche de confort en mousse polyur\u00e9thane HR : <\/h3>\t\t<\/div>\n\t\t\t\t<\/div>\n\t\t\t\t<div class=\"elementor-element elementor-element-2a609c2 elementor-widget elementor-widget-text-editor\" data-id=\"2a609c2\" data-element_type=\"widget\" data-widget_type=\"text-editor.default\">\n\t\t\t\t<div class=\"elementor-widget-container\">\n\t\t\t\t\t\t\t<p>Pour la finition autour de la structure Bonnell du NOX, une mousse \u00e0 haute densit\u00e9 a \u00e9t\u00e9 choisie. Cette \u00a0mousse polyur\u00e9thane ferme, enveloppe la structure (en haut , en bas et sur les c\u00f4t\u00e9s) afin d\u2019optimiser son accueil et am\u00e9liorer sa qualit\u00e9.<\/p>\t\t\t\t\t\t<\/div>\n\t\t\t\t<\/div>\n\t\t\t\t\t<\/div>\n\t\t<\/div>\n\t\t\t\t<div class=\"elementor-column elementor-col-50 elementor-inner-column elementor-element elementor-element-07a8578\" data-id=\"07a8578\" data-element_type=\"column\">\n\t\t\t<div class=\"elementor-widget-wrap elementor-element-populated\">\n\t\t\t\t\t\t\t\t<div class=\"elementor-element elementor-element-5d84c29 elementor-widget elementor-widget-image\" data-id=\"5d84c29\" data-element_type=\"widget\" data-widget_type=\"image.default\">\n\t\t\t\t<div class=\"elementor-widget-container\">\n\t\t\t\t\t\t\t\t\t\t\t\t\t\t\t<img loading=\"lazy\" decoding=\"async\" width=\"800\" height=\"220\" src=\"https:\/\/atlasmatelasdz.com\/wp-content\/uploads\/2022\/01\/Schuim-HR-Mousse-HR.png\" class=\"attachment-large size-large\" alt=\"\" srcset=\"https:\/\/atlasmatelasdz.com\/wp-content\/uploads\/2022\/01\/Schuim-HR-Mousse-HR.png 800w, https:\/\/atlasmatelasdz.com\/wp-content\/uploads\/2022\/01\/Schuim-HR-Mousse-HR-300x83.png 300w, https:\/\/atlasmatelasdz.com\/wp-content\/uploads\/2022\/01\/Schuim-HR-Mousse-HR-768x211.png 768w, https:\/\/atlasmatelasdz.com\/wp-content\/uploads\/2022\/01\/Schuim-HR-Mousse-HR-18x5.png 18w, https:\/\/atlasmatelasdz.com\/wp-content\/uploads\/2022\/01\/Schuim-HR-Mousse-HR-500x138.png 500w\" sizes=\"auto, (max-width: 800px) 100vw, 800px\" \/>\t\t\t\t\t\t\t\t\t\t\t\t\t\t\t<\/div>\n\t\t\t\t<\/div>\n\t\t\t\t\t<\/div>\n\t\t<\/div>\n\t\t\t\t\t\t\t<\/div>\n\t\t<\/section>\n\t\t\t\t\t<\/div>\n\t\t<\/div>\n\t\t\t\t\t\t\t<\/div>\n\t\t<\/section>\n\t\t\t\t\t\t<\/div>\n\t\t\t\t\t<\/div>","protected":false},"excerpt":{"rendered":"<p>Ce matelas en mousse de tr\u00e8s haute qualit\u00e9 et de 25 cm de hauteur , dispose d&rsquo;un surmatelas int\u00e9gr\u00e9 de 5cm en mousse visco\u00e9lastique \u00e0 m\u00e9moire de forme qui permet un accueil moelleux confortable<\/p>\n<p>\u063a\u0637\u0627\u0621\u0647\u0627 \u0639\u0645\u0644\u064a \u0648\u0633\u0647\u0644 \u0627\u0644\u0625\u0632\u0627\u0644\u0629 \u0628\u0641\u0636\u0644 \u0627\u0644\u0633\u062d\u0627\u0628\u060c \u0645\u0645\u0627 \u064a\u062c\u0639\u0644\u0647\u0627 \u0633\u0647\u0644\u0629 \u0627\u0644\u062a\u0646\u0638\u064a\u0641.<\/p>\n<p><span style=\"color: #003366;\"><strong>\u0627\u0644\u062e\u0635\u0627\u0626\u0635 :<\/strong><\/span><\/p>\n<ul>\n<li><span style=\"color: #000000;\">\u0627\u0631\u062a\u0641\u0627\u0639: 25 \u0633\u0645<\/span><\/li>\n<li><span style=\"color: #000000;\">\u062a\u0643\u0646\u0648\u0644\u0648\u062c\u064a\u0627 \u0627\u0644\u0631\u063a\u0648\u0629<\/span><\/li>\n<li><span style=\"color: #000000;\">\u0637\u0628\u0642\u0629 \u0625\u0633\u0641\u0646\u062c\u064a\u0629 \u0645\u0631\u0646\u0629 \u0630\u0627\u062a \u0627\u0644\u0630\u0627\u0643\u0631\u0629<\/span><\/li>\n<li><span style=\"color: #000000;\">\u062a\u062d\u062a\u0648\u064a \u0639\u0644\u0649 \u0644\u0628\u0627\u062f \u0645\u062f\u0645\u062c \u0628\u0633\u064f\u0645\u0643 5 \u0633\u0645 \u0645\u0646 \u0627\u0644\u0625\u0633\u0641\u0646\u062c \u0627\u0644\u0645\u0631\u0646<\/span><\/li>\n<li><span style=\"color: #000000;\">\u0642\u0645\u0627\u0634 \u0645\u0631\u0646\u00a0<\/span><\/li>\n<li><span style=\"color: #000000;\">\u0645\u0641\u0631\u0634 \u0642\u0627\u0628\u0650\u0644 \u0644\u0644\u063a\u0633\u0644<\/span><\/li>\n<li><span style=\"color: #000000;\">\u0648\u062c\u0647 \u0646\u0648\u0645 \u0648\u0627\u062d\u062f<\/span><\/li>\n<li><span style=\"color: #000000;\">\u0636\u0645\u0627\u0646 \u0644\u0645\u062f\u0629  \u0639\u0634\u0631 \u0633\u0646\u0648\u0627\u062a<\/span><\/li>\n<\/ul>\n<p><img loading=\"lazy\" decoding=\"async\" class=\"alignnone wp-image-15209 size-full\" src=\"https:\/\/atlasmatelasdz.com\/wp-content\/uploads\/2023\/12\/Prestige-01.png\" alt=\"\" width=\"1201\" height=\"113\" srcset=\"https:\/\/atlasmatelasdz.com\/wp-content\/uploads\/2023\/12\/Prestige-01.png 1201w, https:\/\/atlasmatelasdz.com\/wp-content\/uploads\/2023\/12\/Prestige-01-300x28.png 300w, https:\/\/atlasmatelasdz.com\/wp-content\/uploads\/2023\/12\/Prestige-01-1024x96.png 1024w, https:\/\/atlasmatelasdz.com\/wp-content\/uploads\/2023\/12\/Prestige-01-768x72.png 768w, https:\/\/atlasmatelasdz.com\/wp-content\/uploads\/2023\/12\/Prestige-01-18x2.png 18w, https:\/\/atlasmatelasdz.com\/wp-content\/uploads\/2023\/12\/Prestige-01-500x47.png 500w, https:\/\/atlasmatelasdz.com\/wp-content\/uploads\/2023\/12\/Prestige-01-936x88.png 936w\" sizes=\"auto, (max-width: 1201px) 100vw, 1201px\" \/><\/p>","protected":false},"featured_media":13389,"comment_status":"open","ping_status":"closed","template":"","meta":[],"product_brand":[161],"product_cat":[139],"product_tag":[],"class_list":{"0":"post-8299","1":"product","2":"type-product","3":"status-publish","4":"has-post-thumbnail","6":"product_brand-atlas-matelas","7":"product_cat-matelas-en-mousse","9":"first","10":"instock","11":"shipping-taxable","12":"purchasable","13":"product-type-variable","14":"has-default-attributes"},"jetpack_sharing_enabled":true,"_links":{"self":[{"href":"https:\/\/atlasmatelasdz.com\/ar\/wp-json\/wp\/v2\/product\/8299","targetHints":{"allow":["GET"]}}],"collection":[{"href":"https:\/\/atlasmatelasdz.com\/ar\/wp-json\/wp\/v2\/product"}],"about":[{"href":"https:\/\/atlasmatelasdz.com\/ar\/wp-json\/wp\/v2\/types\/product"}],"replies":[{"embeddable":true,"href":"https:\/\/atlasmatelasdz.com\/ar\/wp-json\/wp\/v2\/comments?post=8299"}],"version-history":[{"count":71,"href":"https:\/\/atlasmatelasdz.com\/ar\/wp-json\/wp\/v2\/product\/8299\/revisions"}],"predecessor-version":[{"id":16611,"href":"https:\/\/atlasmatelasdz.com\/ar\/wp-json\/wp\/v2\/product\/8299\/revisions\/16611"}],"wp:featuredmedia":[{"embeddable":true,"href":"https:\/\/atlasmatelasdz.com\/ar\/wp-json\/wp\/v2\/media\/13389"}],"wp:attachment":[{"href":"https:\/\/atlasmatelasdz.com\/ar\/wp-json\/wp\/v2\/media?parent=8299"}],"wp:term":[{"taxonomy":"product_brand","embeddable":true,"href":"https:\/\/atlasmatelasdz.com\/ar\/wp-json\/wp\/v2\/product_brand?post=8299"},{"taxonomy":"product_cat","embeddable":true,"href":"https:\/\/atlasmatelasdz.com\/ar\/wp-json\/wp\/v2\/product_cat?post=8299"},{"taxonomy":"product_tag","embeddable":true,"href":"https:\/\/atlasmatelasdz.com\/ar\/wp-json\/wp\/v2\/product_tag?post=8299"}],"curies":[{"name":"wp","href":"https:\/\/api.w.org\/{rel}","templated":true}]}}