{"id":8303,"date":"2023-12-24T12:44:40","date_gmt":"2023-12-24T11:44:40","guid":{"rendered":"https:\/\/atlasmatelas.be\/?post_type=product&#038;p=8303"},"modified":"2026-04-02T16:56:38","modified_gmt":"2026-04-02T15:56:38","slug":"matelas-ortho-dorsal","status":"publish","type":"product","link":"https:\/\/atlasmatelasdz.com\/ar\/product\/matelas-ortho-dorsal\/","title":{"rendered":"\u0645\u0631\u062a\u0628\u0629 \u0637\u0628\u064a\u0629 \u0644\u062a\u0642\u0648\u064a\u0645 \u0627\u0644\u0638\u0647\u0631"},"content":{"rendered":"<div data-elementor-type=\"wp-post\" data-elementor-id=\"8303\" class=\"elementor elementor-8303\" data-elementor-settings=\"[]\">\n\t\t\t\t\t\t\t<div class=\"elementor-section-wrap\">\n\t\t\t\t\t\t\t<section class=\"elementor-section elementor-top-section elementor-element elementor-element-4783a3d elementor-section-boxed elementor-section-height-default elementor-section-height-default qodef-elementor-content-no\" data-id=\"4783a3d\" data-element_type=\"section\">\n\t\t\t\t\t\t<div class=\"elementor-container elementor-column-gap-default\">\n\t\t\t\t\t<div class=\"elementor-column elementor-col-100 elementor-top-column elementor-element elementor-element-a7cf52a\" data-id=\"a7cf52a\" data-element_type=\"column\">\n\t\t\t<div class=\"elementor-widget-wrap elementor-element-populated\">\n\t\t\t\t\t\t\t\t<div class=\"elementor-element elementor-element-6c5a831 elementor-hidden-desktop elementor-hidden-tablet elementor-hidden-mobile elementor-widget elementor-widget-image\" data-id=\"6c5a831\" data-element_type=\"widget\" data-widget_type=\"image.default\">\n\t\t\t\t<div class=\"elementor-widget-container\">\n\t\t\t<style>\/*! elementor - v3.5.0 - 12-12-2021 *\/\n.elementor-widget-image{text-align:center}.elementor-widget-image a{display:inline-block}.elementor-widget-image a img[src$=\".svg\"]{width:48px}.elementor-widget-image img{vertical-align:middle;display:inline-block}<\/style>\t\t\t\t\t\t\t\t\t\t\t\t<img loading=\"lazy\" decoding=\"async\" width=\"376\" height=\"134\" src=\"https:\/\/atlasmatelasdz.com\/wp-content\/uploads\/2022\/01\/oeko-tex-logo-1.png\" class=\"attachment-large size-large\" alt=\"\" srcset=\"https:\/\/atlasmatelasdz.com\/wp-content\/uploads\/2022\/01\/oeko-tex-logo-1.png 376w, https:\/\/atlasmatelasdz.com\/wp-content\/uploads\/2022\/01\/oeko-tex-logo-1-300x107.png 300w, https:\/\/atlasmatelasdz.com\/wp-content\/uploads\/2022\/01\/oeko-tex-logo-1-18x6.png 18w\" sizes=\"auto, (max-width: 376px) 100vw, 376px\" \/>\t\t\t\t\t\t\t\t\t\t\t\t\t\t\t<\/div>\n\t\t\t\t<\/div>\n\t\t\t\t<section class=\"elementor-section elementor-inner-section elementor-element elementor-element-38d02be elementor-section-boxed elementor-section-height-default elementor-section-height-default qodef-elementor-content-no\" data-id=\"38d02be\" data-element_type=\"section\">\n\t\t\t\t\t\t<div class=\"elementor-container elementor-column-gap-default\">\n\t\t\t\t\t<div class=\"elementor-column elementor-col-50 elementor-inner-column elementor-element elementor-element-56e0ff8\" data-id=\"56e0ff8\" data-element_type=\"column\">\n\t\t\t<div class=\"elementor-widget-wrap elementor-element-populated\">\n\t\t\t\t\t\t\t\t<div class=\"elementor-element elementor-element-e539588 elementor-widget elementor-widget-text-editor\" data-id=\"e539588\" data-element_type=\"widget\" data-widget_type=\"text-editor.default\">\n\t\t\t\t<div class=\"elementor-widget-container\">\n\t\t\t<style>\/*! elementor - v3.5.0 - 12-12-2021 *\/\n.elementor-widget-text-editor.elementor-drop-cap-view-stacked .elementor-drop-cap{background-color:#818a91;color:#fff}.elementor-widget-text-editor.elementor-drop-cap-view-framed .elementor-drop-cap{color:#818a91;border:3px solid;background-color:transparent}.elementor-widget-text-editor:not(.elementor-drop-cap-view-default) .elementor-drop-cap{margin-top:8px}.elementor-widget-text-editor:not(.elementor-drop-cap-view-default) .elementor-drop-cap-letter{width:1em;height:1em}.elementor-widget-text-editor .elementor-drop-cap{float:left;text-align:center;line-height:1;font-size:50px}.elementor-widget-text-editor .elementor-drop-cap-letter{display:inline-block}<\/style>\t\t\t\t<p>Le <strong data-start=\"331\" data-end=\"361\">matelas Ortho Dorsal<\/strong> est reconnu depuis plusieurs g\u00e9n\u00e9rations comme une r\u00e9f\u00e9rence en Alg\u00e9rie. L&rsquo;<strong data-start=\"439\" data-end=\"461\">\u00e9paisseur de 24 cm<\/strong> et le <strong data-start=\"469\" data-end=\"499\">soutien orthop\u00e9dique ferme, <\/strong>c&rsquo;est\u00a0un alli\u00e9 id\u00e9al pour ceux qui souffrent de douleurs dorsales. Il offre un <strong data-start=\"581\" data-end=\"644\">\u00e9quilibre parfait entre le confort, la solidit\u00e9 et le prix abordable<\/strong>, en r\u00e9pondant aux besoins des familles alg\u00e9riennes en qu\u00eate d\u2019un sommeil r\u00e9parateur et durable.<\/p>\t\t\t\t\t\t<\/div>\n\t\t\t\t<\/div>\n\t\t\t\t\t<\/div>\n\t\t<\/div>\n\t\t\t\t<div class=\"elementor-column elementor-col-50 elementor-inner-column elementor-element elementor-element-fff9775\" data-id=\"fff9775\" data-element_type=\"column\">\n\t\t\t<div class=\"elementor-widget-wrap elementor-element-populated\">\n\t\t\t\t\t\t\t\t<div class=\"elementor-element elementor-element-9c9782c elementor-widget elementor-widget-image\" data-id=\"9c9782c\" data-element_type=\"widget\" data-widget_type=\"image.default\">\n\t\t\t\t<div class=\"elementor-widget-container\">\n\t\t\t\t\t\t\t\t\t\t\t\t\t\t\t<img loading=\"lazy\" decoding=\"async\" width=\"376\" height=\"134\" src=\"https:\/\/atlasmatelasdz.com\/wp-content\/uploads\/2022\/01\/oeko-tex-logo-1.png\" class=\"attachment-large size-large\" alt=\"\" srcset=\"https:\/\/atlasmatelasdz.com\/wp-content\/uploads\/2022\/01\/oeko-tex-logo-1.png 376w, https:\/\/atlasmatelasdz.com\/wp-content\/uploads\/2022\/01\/oeko-tex-logo-1-300x107.png 300w, https:\/\/atlasmatelasdz.com\/wp-content\/uploads\/2022\/01\/oeko-tex-logo-1-18x6.png 18w\" sizes=\"auto, (max-width: 376px) 100vw, 376px\" \/>\t\t\t\t\t\t\t\t\t\t\t\t\t\t\t<\/div>\n\t\t\t\t<\/div>\n\t\t\t\t\t<\/div>\n\t\t<\/div>\n\t\t\t\t\t\t\t<\/div>\n\t\t<\/section>\n\t\t\t\t<div class=\"elementor-element elementor-element-af40877 elementor-widget elementor-widget-heading\" data-id=\"af40877\" data-element_type=\"widget\" data-widget_type=\"heading.default\">\n\t\t\t\t<div class=\"elementor-widget-container\">\n\t\t\t<style>\/*! elementor - v3.5.0 - 12-12-2021 *\/\n.elementor-heading-title{padding:0;margin:0;line-height:1}.elementor-widget-heading .elementor-heading-title[class*=elementor-size-]>a{color:inherit;font-size:inherit;line-height:inherit}.elementor-widget-heading .elementor-heading-title.elementor-size-small{font-size:15px}.elementor-widget-heading .elementor-heading-title.elementor-size-medium{font-size:19px}.elementor-widget-heading .elementor-heading-title.elementor-size-large{font-size:29px}.elementor-widget-heading .elementor-heading-title.elementor-size-xl{font-size:39px}.elementor-widget-heading .elementor-heading-title.elementor-size-xxl{font-size:59px}<\/style><h2 class=\"elementor-heading-title elementor-size-default\">Votre dos, notre priorit\u00e9<\/h2>\t\t<\/div>\n\t\t\t\t<\/div>\n\t\t\t\t<section class=\"elementor-section elementor-inner-section elementor-element elementor-element-4a58320 elementor-section-boxed elementor-section-height-default elementor-section-height-default qodef-elementor-content-no\" data-id=\"4a58320\" data-element_type=\"section\">\n\t\t\t\t\t\t<div class=\"elementor-container elementor-column-gap-default\">\n\t\t\t\t\t<div class=\"elementor-column elementor-col-50 elementor-inner-column elementor-element elementor-element-680ed31\" data-id=\"680ed31\" data-element_type=\"column\">\n\t\t\t<div class=\"elementor-widget-wrap elementor-element-populated\">\n\t\t\t\t\t\t\t\t<div class=\"elementor-element elementor-element-6eb0fc9 elementor-widget elementor-widget-heading\" data-id=\"6eb0fc9\" data-element_type=\"widget\" data-widget_type=\"heading.default\">\n\t\t\t\t<div class=\"elementor-widget-container\">\n\t\t\t<h3 class=\"elementor-heading-title elementor-size-default\">Respirez le confort<\/h3>\t\t<\/div>\n\t\t\t\t<\/div>\n\t\t\t\t<div class=\"elementor-element elementor-element-66f4dac elementor-widget elementor-widget-text-editor\" data-id=\"66f4dac\" data-element_type=\"widget\" data-widget_type=\"text-editor.default\">\n\t\t\t\t<div class=\"elementor-widget-container\">\n\t\t\t\t\t\t\t<p>Un\u00a0<strong>matelas orthop\u00e9dique d\u2019une qualit\u00e9 sup\u00e9rieure\u00a0<\/strong>en Alg\u00e9rie pour les personnes qui sont \u00e0 la recherche du\u00a0<strong>meilleur matelas pour le mal de dos<\/strong>. Gr\u00e2ce aux\u00a0<strong>24 cm d\u2019\u00e9paisseur<\/strong>\u00a0et \u00e0 la\u00a0<strong>mousse polyur\u00e9thane associ\u00e9e aux ressorts Bonnell<\/strong>, il garantit un\u00a0<strong>soutien optimal de la colonne vert\u00e9brale<\/strong>\u00a0et r\u00e9duit les\u00a0<strong>points de pression<\/strong>.<\/p><p>Les\u00a0<strong>zones de confort<\/strong>\u00a0sont r\u00e9parties pour am\u00e9liorer les\u00a0<strong>habitudes de sommeil<\/strong>\u00a0et assurer une\u00a0<strong>ind\u00e9pendance de couchage<\/strong>, m\u00eame \u00e0 deux.<\/p><p>Le tissu\u00a0<strong>respirant Stretch<\/strong>\u00a0et la conception durable s\u2019impose comme l\u2019un des\u00a0<strong>meilleurs matelas rapport qualit\u00e9 et prix en Alg\u00e9rie<\/strong>, un v\u00e9ritable\u00a0<strong>matelas fabriqu\u00e9 en Alg\u00e9rie<\/strong>\u00a0pour r\u00e9pondre aux besoins locaux.<\/p>\t\t\t\t\t\t<\/div>\n\t\t\t\t<\/div>\n\t\t\t\t\t<\/div>\n\t\t<\/div>\n\t\t\t\t<div class=\"elementor-column elementor-col-50 elementor-inner-column elementor-element elementor-element-91021b3\" data-id=\"91021b3\" data-element_type=\"column\">\n\t\t\t<div class=\"elementor-widget-wrap elementor-element-populated\">\n\t\t\t\t\t\t\t\t<div class=\"elementor-element elementor-element-5906bd5 elementor-widget elementor-widget-image\" data-id=\"5906bd5\" data-element_type=\"widget\" data-widget_type=\"image.default\">\n\t\t\t\t<div class=\"elementor-widget-container\">\n\t\t\t\t\t\t\t\t\t\t\t\t\t\t\t<img loading=\"lazy\" decoding=\"async\" width=\"1300\" height=\"900\" src=\"https:\/\/atlasmatelasdz.com\/wp-content\/uploads\/2023\/12\/Respirer-le-confort-Matelas-Ortho-dorsal-Atlas-Matelas-Algerie.webp\" class=\"attachment-full size-full\" alt=\"Matelas Ortho Dorsal Atlas orthop\u00e9dique 24 cm \u2013 matelas ferme pour mal de dos en Alg\u00e9rie\" srcset=\"https:\/\/atlasmatelasdz.com\/wp-content\/uploads\/2023\/12\/Respirer-le-confort-Matelas-Ortho-dorsal-Atlas-Matelas-Algerie.webp 1300w, https:\/\/atlasmatelasdz.com\/wp-content\/uploads\/2023\/12\/Respirer-le-confort-Matelas-Ortho-dorsal-Atlas-Matelas-Algerie-300x208.webp 300w, https:\/\/atlasmatelasdz.com\/wp-content\/uploads\/2023\/12\/Respirer-le-confort-Matelas-Ortho-dorsal-Atlas-Matelas-Algerie-1024x709.webp 1024w, https:\/\/atlasmatelasdz.com\/wp-content\/uploads\/2023\/12\/Respirer-le-confort-Matelas-Ortho-dorsal-Atlas-Matelas-Algerie-768x532.webp 768w, https:\/\/atlasmatelasdz.com\/wp-content\/uploads\/2023\/12\/Respirer-le-confort-Matelas-Ortho-dorsal-Atlas-Matelas-Algerie-18x12.webp 18w, https:\/\/atlasmatelasdz.com\/wp-content\/uploads\/2023\/12\/Respirer-le-confort-Matelas-Ortho-dorsal-Atlas-Matelas-Algerie-500x346.webp 500w, https:\/\/atlasmatelasdz.com\/wp-content\/uploads\/2023\/12\/Respirer-le-confort-Matelas-Ortho-dorsal-Atlas-Matelas-Algerie-936x648.webp 936w\" sizes=\"auto, (max-width: 1300px) 100vw, 1300px\" \/>\t\t\t\t\t\t\t\t\t\t\t\t\t\t\t<\/div>\n\t\t\t\t<\/div>\n\t\t\t\t\t<\/div>\n\t\t<\/div>\n\t\t\t\t\t\t\t<\/div>\n\t\t<\/section>\n\t\t\t\t<section class=\"elementor-section elementor-inner-section elementor-element elementor-element-59afb52 elementor-section-boxed elementor-section-height-default elementor-section-height-default qodef-elementor-content-no\" data-id=\"59afb52\" data-element_type=\"section\">\n\t\t\t\t\t\t<div class=\"elementor-container elementor-column-gap-default\">\n\t\t\t\t\t<div class=\"elementor-column elementor-col-50 elementor-inner-column elementor-element elementor-element-d3ed81a\" data-id=\"d3ed81a\" data-element_type=\"column\">\n\t\t\t<div class=\"elementor-widget-wrap elementor-element-populated\">\n\t\t\t\t\t\t\t\t<div class=\"elementor-element elementor-element-3acb5b6 elementor-widget elementor-widget-image\" data-id=\"3acb5b6\" data-element_type=\"widget\" data-widget_type=\"image.default\">\n\t\t\t\t<div class=\"elementor-widget-container\">\n\t\t\t\t\t\t\t\t\t\t\t\t\t\t\t<img loading=\"lazy\" decoding=\"async\" width=\"1300\" height=\"900\" src=\"https:\/\/atlasmatelasdz.com\/wp-content\/uploads\/2023\/12\/Adapte-au-climat-algerien-Matelas-Ortho-dorsal-Atlas-Matelas-Algerie.webp\" class=\"attachment-full size-full\" alt=\"Coupe interne du Matelas Ortho Dorsal Atlas \u2013 mousse polyur\u00e9thane, ressorts Bonnell, zones de confort\" srcset=\"https:\/\/atlasmatelasdz.com\/wp-content\/uploads\/2023\/12\/Adapte-au-climat-algerien-Matelas-Ortho-dorsal-Atlas-Matelas-Algerie.webp 1300w, https:\/\/atlasmatelasdz.com\/wp-content\/uploads\/2023\/12\/Adapte-au-climat-algerien-Matelas-Ortho-dorsal-Atlas-Matelas-Algerie-300x208.webp 300w, https:\/\/atlasmatelasdz.com\/wp-content\/uploads\/2023\/12\/Adapte-au-climat-algerien-Matelas-Ortho-dorsal-Atlas-Matelas-Algerie-1024x709.webp 1024w, https:\/\/atlasmatelasdz.com\/wp-content\/uploads\/2023\/12\/Adapte-au-climat-algerien-Matelas-Ortho-dorsal-Atlas-Matelas-Algerie-768x532.webp 768w, https:\/\/atlasmatelasdz.com\/wp-content\/uploads\/2023\/12\/Adapte-au-climat-algerien-Matelas-Ortho-dorsal-Atlas-Matelas-Algerie-18x12.webp 18w, https:\/\/atlasmatelasdz.com\/wp-content\/uploads\/2023\/12\/Adapte-au-climat-algerien-Matelas-Ortho-dorsal-Atlas-Matelas-Algerie-500x346.webp 500w, https:\/\/atlasmatelasdz.com\/wp-content\/uploads\/2023\/12\/Adapte-au-climat-algerien-Matelas-Ortho-dorsal-Atlas-Matelas-Algerie-936x648.webp 936w\" sizes=\"auto, (max-width: 1300px) 100vw, 1300px\" \/>\t\t\t\t\t\t\t\t\t\t\t\t\t\t\t<\/div>\n\t\t\t\t<\/div>\n\t\t\t\t\t<\/div>\n\t\t<\/div>\n\t\t\t\t<div class=\"elementor-column elementor-col-50 elementor-inner-column elementor-element elementor-element-883070c\" data-id=\"883070c\" data-element_type=\"column\">\n\t\t\t<div class=\"elementor-widget-wrap elementor-element-populated\">\n\t\t\t\t\t\t\t\t<div class=\"elementor-element elementor-element-656337a elementor-widget elementor-widget-heading\" data-id=\"656337a\" data-element_type=\"widget\" data-widget_type=\"heading.default\">\n\t\t\t\t<div class=\"elementor-widget-container\">\n\t\t\t<h3 class=\"elementor-heading-title elementor-size-default\">Adapt\u00e9 au climat alg\u00e9rien<\/h3>\t\t<\/div>\n\t\t\t\t<\/div>\n\t\t\t\t<div class=\"elementor-element elementor-element-2718bb9 elementor-widget elementor-widget-text-editor\" data-id=\"2718bb9\" data-element_type=\"widget\" data-widget_type=\"text-editor.default\">\n\t\t\t\t<div class=\"elementor-widget-container\">\n\t\t\t\t\t\t\t<p data-start=\"256\" data-end=\"496\"><strong data-start=\"297\" data-end=\"329\">Ce matelas orthop\u00e9dique <\/strong>pens\u00e9 pour s\u2019adapter aux <strong data-start=\"355\" data-end=\"379\">habitudes de sommeil<\/strong> des foyers et au <strong data-start=\"397\" data-end=\"416\">climat alg\u00e9rien<\/strong>. La <strong data-start=\"421\" data-end=\"448\">double face de couchage<\/strong> permet un <strong data-start=\"459\" data-end=\"492\">confort optimal toute l\u2019ann\u00e9e<\/strong> :<\/p><ul><li><strong>Face pour l&rsquo;\u00e9t\u00e9 respirante,<\/strong>\u00a0un tissu a\u00e9r\u00e9 pour garder la\u00a0<strong>fra\u00eecheur<\/strong>, id\u00e9ale lors des fortes chaleurs.<\/li><li><strong>Face pour l&rsquo;hiver afin d&rsquo;offrir <\/strong>un soutien ferme pour prot\u00e8ger la\u00a0<strong>colonne vert\u00e9brale<\/strong>, r\u00e9duire les\u00a0<strong>points de pression<\/strong>.<\/li><\/ul><p>Un\u00a0\u00a0<strong>matelas Ortho Dorsal\u00a0<\/strong>\u00a0reste une r\u00e9f\u00e9rence parmi les\u00a0<strong>matelas fabriqu\u00e9s en Alg\u00e9rie<\/strong>\u00a0et s\u2019impose comme l\u2019un des\u00a0<strong>meilleurs matelas pour le mal de dos<\/strong>\u00a0disponibles sur le march\u00e9 local.<\/p>\t\t\t\t\t\t<\/div>\n\t\t\t\t<\/div>\n\t\t\t\t\t<\/div>\n\t\t<\/div>\n\t\t\t\t\t\t\t<\/div>\n\t\t<\/section>\n\t\t\t\t\t<\/div>\n\t\t<\/div>\n\t\t\t\t\t\t\t<\/div>\n\t\t<\/section>\n\t\t\t\t\t\t<\/div>\n\t\t\t\t\t<\/div>","protected":false},"excerpt":{"rendered":"<p>\u062a\u064f\u0639\u062a\u0628\u0631 \u0627\u0644\u0645\u0631\u062a\u0628\u0629 \u0627\u0644\u0637\u0628\u064a\u0629  \u0627\u0644\u0645\u0635\u0645\u0645\u0629 \u062e\u0635\u064a\u0635\u0627\u064b \u0644\u062f\u0639\u0645 \u0645\u0646\u0637\u0642\u0629 \u0627\u0644\u0638\u0647\u0631 <strong>\u0627\u0644\u0623\u0642\u062f\u0645 \u0628\u064a\u0646<\/strong> \u0645\u0631\u0627\u062a\u0628 \u0623\u0637\u0644\u0633\u060c \u0648\u0642\u062f \u062d\u0638\u064a\u062a \u0647\u0630\u0647 \u0627\u0644\u0645\u0631\u062a\u0628\u0629 \u0628\u0625\u0639\u062c\u0627\u0628 \u0627\u0644\u062c\u0632\u0627\u0626\u0631\u064a\u064a\u0646 \u0644\u0639\u0642\u0648\u062f \u0628\u0641\u0636\u0644 \u062a\u0648\u0627\u0632\u0646\u0647\u0627 \u0627\u0644\u0641\u0631\u064a\u062f \u0628\u064a\u0646 \u0627\u0644\u062c\u0648\u062f\u0629 \u0648\u0627\u0644\u0633\u0639\u0631.<\/p>\n<p>\u0647\u0630\u0627 \u0627\u0644\u062a\u0635\u0645\u064a\u0645 <strong>\u0627\u0644\u0637\u0628\u064a<\/strong> \u0627\u0644\u0630\u064a \u064a\u0628\u0644\u063a \u0633\u064f\u0645\u0643\u0647 24 \u0633\u0645 \u062f\u0639\u0645\u0627\u064b \u0645\u062a\u064a\u0646\u0627\u064b \u0627\u0633\u062a\u062b\u0646\u0627\u0626\u064a\u0627\u064b\u060c \u0648\u064a\u064f\u0646\u0635\u062d \u0628\u0647 \u0644\u0644\u0623\u0634\u062e\u0627\u0635 \u0627\u0644\u0630\u064a\u0646 \u064a\u0639\u0627\u0646\u0648\u0646 \u0645\u0646 \u0622\u0644\u0627\u0645 \u0627\u0644\u0638\u0647\u0631 \u0627\u0644\u0645\u0633\u062a\u0645\u0631\u0629 \u0648\u0627\u0644\u0645\u0632\u0639\u062c\u0629 \u062d\u064a\u062b \u064a\u0633\u0627\u0639\u062f\u0647\u0645 \u0639\u0644\u0649 \u0627\u0644\u062b\u0628\u0627\u062a \u0648\u062a\u062c\u0646\u0628 \u062a\u0646\u0634\u064a\u0637 \u0622\u0644\u0627\u0645 \u0627\u0644\u0638\u0647\u0631.<\/p>\n<p>\u0627\u0644\u062a\u0647\u0648\u064a\u0629 \u0645\u0636\u0645\u0648\u0646\u0629 \u0628\u0641\u0636\u0644 \u0646\u0648\u0627\u0628\u0636 \u0627\u0644\u0628\u0648\u0646\u064a\u0644 \u0648\u0644\u0647\u0627 \u0633\u0637\u062d\u0627\u0646 \u0644\u0644\u0646\u0648\u0645 \u0644\u0636\u0645\u0627\u0646 \u0627\u0633\u062a\u062f\u0627\u0645\u0629 \u0623\u0637\u0648\u0644.<\/p>\n<p style=\"text-align: center;\">*****<\/p>\n<p style=\"text-align: left;\"><em>Nous conseillons de l\u2019accompagner d\u2019un <a href=\"https:\/\/atlasmatelasdz.com\/ar\/product\/sur-matelas-soft-luxe\/\">\u0637\u0628\u0642\u0629 \u0639\u0644\u0648\u064a\u0629 \u0645\u0646 \u0627\u0644\u0625\u0633\u0641\u0646\u062c \u0627\u0644\u0646\u0627\u0639\u0645<\/a> (en cas de surpoids) ou <a href=\"https:\/\/atlasmatelasdz.com\/ar\/product\/sur-matelas-visco\/\">un sur-matelas en mousse visco\u00e9lastique<\/a> \u00e0 m\u00e9moire de forme pour un accueil moelleux et plus confortable, surtout en cas d\u2019alitement.<\/em><\/p>\n<p><strong><span style=\"color: #003366;\">\u0627\u0644\u062e\u0635\u0627\u0626\u0635 :<\/span><\/strong><\/p>\n<ul>\n<li><span style=\"color: #000000;\">\u0625\u0631\u062a\u0641\u0627\u0639: 24 \u0633\u0645<\/span><\/li>\n<li><span style=\"color: #000000;\">\u062a\u0643\u0646\u0632\u0644\u0648\u062c\u064a\u0627 \u0646\u0648\u0627\u0628\u0636 \u0628\u0648\u0646\u064a\u0644<\/span><\/li>\n<li><span style=\"color: #000000;\">\u062a\u0635\u0645\u064a\u0645 \u0637\u0628\u064a<\/span><\/li>\n<li><span style=\"color: #000000;\">\u0642\u0645\u0627\u0634 \u062d\u064a\u0627\u0643\u0629 \u0645\u0631\u0646\u00a0<\/span><\/li>\n<li><span style=\"color: #000000;\">\u0623\u0644\u064a\u0627\u0641<\/span><\/li>\n<li><span style=\"color: #000000;\">\u0648\u062c\u0647\u0627\u0646 \u0644\u0644\u0646\u0648\u0645<\/span><\/li>\n<li><span style=\"color: #000000;\">\u0646\u0638\u0627\u0645 \u062a\u0647\u0648\u064a\u0629 \u0645\u0636\u0645\u0648\u0646<\/span><\/li>\n<li><span style=\"color: #000000;\">\u0636\u0645\u0627\u0646 \u0644\u0645\u062f\u0629 5 \u0633\u0646\u0648\u0627\u062a<\/span><\/li>\n<\/ul>\n<p><img loading=\"lazy\" decoding=\"async\" class=\"alignnone wp-image-15203 size-full\" src=\"https:\/\/atlasmatelasdz.com\/wp-content\/uploads\/2023\/12\/Ortho-Dorsal-01.png\" alt=\"\" width=\"1201\" height=\"113\" srcset=\"https:\/\/atlasmatelasdz.com\/wp-content\/uploads\/2023\/12\/Ortho-Dorsal-01.png 1201w, https:\/\/atlasmatelasdz.com\/wp-content\/uploads\/2023\/12\/Ortho-Dorsal-01-300x28.png 300w, https:\/\/atlasmatelasdz.com\/wp-content\/uploads\/2023\/12\/Ortho-Dorsal-01-1024x96.png 1024w, https:\/\/atlasmatelasdz.com\/wp-content\/uploads\/2023\/12\/Ortho-Dorsal-01-768x72.png 768w, https:\/\/atlasmatelasdz.com\/wp-content\/uploads\/2023\/12\/Ortho-Dorsal-01-18x2.png 18w, https:\/\/atlasmatelasdz.com\/wp-content\/uploads\/2023\/12\/Ortho-Dorsal-01-500x47.png 500w, https:\/\/atlasmatelasdz.com\/wp-content\/uploads\/2023\/12\/Ortho-Dorsal-01-936x88.png 936w\" sizes=\"auto, (max-width: 1201px) 100vw, 1201px\" \/><\/p>","protected":false},"featured_media":16663,"comment_status":"open","ping_status":"closed","template":"","meta":[],"product_brand":[161],"product_cat":[141],"product_tag":[],"class_list":{"0":"post-8303","1":"product","2":"type-product","3":"status-publish","4":"has-post-thumbnail","6":"product_brand-atlas-matelas","7":"product_cat-matelas-a-ressorts-bonnel","9":"first","10":"instock","11":"shipping-taxable","12":"purchasable","13":"product-type-variable","14":"has-default-attributes"},"jetpack_sharing_enabled":true,"_links":{"self":[{"href":"https:\/\/atlasmatelasdz.com\/ar\/wp-json\/wp\/v2\/product\/8303","targetHints":{"allow":["GET"]}}],"collection":[{"href":"https:\/\/atlasmatelasdz.com\/ar\/wp-json\/wp\/v2\/product"}],"about":[{"href":"https:\/\/atlasmatelasdz.com\/ar\/wp-json\/wp\/v2\/types\/product"}],"replies":[{"embeddable":true,"href":"https:\/\/atlasmatelasdz.com\/ar\/wp-json\/wp\/v2\/comments?post=8303"}],"version-history":[{"count":82,"href":"https:\/\/atlasmatelasdz.com\/ar\/wp-json\/wp\/v2\/product\/8303\/revisions"}],"predecessor-version":[{"id":17952,"href":"https:\/\/atlasmatelasdz.com\/ar\/wp-json\/wp\/v2\/product\/8303\/revisions\/17952"}],"wp:featuredmedia":[{"embeddable":true,"href":"https:\/\/atlasmatelasdz.com\/ar\/wp-json\/wp\/v2\/media\/16663"}],"wp:attachment":[{"href":"https:\/\/atlasmatelasdz.com\/ar\/wp-json\/wp\/v2\/media?parent=8303"}],"wp:term":[{"taxonomy":"product_brand","embeddable":true,"href":"https:\/\/atlasmatelasdz.com\/ar\/wp-json\/wp\/v2\/product_brand?post=8303"},{"taxonomy":"product_cat","embeddable":true,"href":"https:\/\/atlasmatelasdz.com\/ar\/wp-json\/wp\/v2\/product_cat?post=8303"},{"taxonomy":"product_tag","embeddable":true,"href":"https:\/\/atlasmatelasdz.com\/ar\/wp-json\/wp\/v2\/product_tag?post=8303"}],"curies":[{"name":"wp","href":"https:\/\/api.w.org\/{rel}","templated":true}]}}